{"id":7320,"date":"2019-12-05T16:11:20","date_gmt":"2019-12-05T14:11:20","guid":{"rendered":"http:\/\/pc-direkthandel.de\/wordpress\/?post_type=product&#038;p=7320"},"modified":"2019-12-05T16:15:32","modified_gmt":"2019-12-05T14:15:32","slug":"gigabyte-aorus-15-xa-7de5252w","status":"publish","type":"product","link":"http:\/\/pc-direkthandel.de\/wordpress\/product\/gigabyte-aorus-15-xa-7de5252w\/","title":{"rendered":"GIGABYTE Aorus 15"},"content":{"rendered":"<p><span class=\"bold\"><strong>Beste Performance seiner Klasse<\/strong><\/span><\/p>\n<p>Das AORUS 15 bietet der brandneuen Intel CPU der 9. Generation sowie der aktuellen RTX Grafikkarte Platz, trotz einer Bauh\u00f6he von gerade einmal 2.4cm. Basierend auf der WINDFORE-Technologie unseres erfahrenen AORUS Grafikkarten-.Teams werden Grafikkarte und CPU trotz allem zuverl\u00e4ssig gek\u00fchlt und k\u00f6nnen jeder Zeit die volle Leistung abrufen. Das AORUS 15 f\u00fchrt in seiner Klasse die 3D Benchmark Ranglisten an und tr\u00e4gt daher nicht umsonst den Titel &#8222;Bestes Performance Laptop unter 1 Zoll Bauh\u00f6he&#8220;<\/p>\n<p><span class=\"bold\"><strong>AORUS Grafik mit WINDFORCE Technologie | Untergebracht in einem Geh\u00e4use von nur 2.4mm H\u00f6he<\/strong><\/span><\/p>\n<p>Hervorragende Performance durch ein leistungsstarkes K\u00fchlsystem.Das AORUS 15 verf\u00fcgt nun \u00fcber die Windforce K\u00fchlung, die von unseren hervorragenden Grafikkarten Spezialisten designed wurde.Das brandneue K\u00fchlkonzept basiert auf gro\u00dfen 12V L\u00fcftern, 6 Heatpipes und 9 Bel\u00fcftungszonen. Damit machen die Bel\u00fcftungs\u00f6ffnungen beeindruckende 50% der Fl\u00e4che des Geh\u00e4usebodens aus und sorgen so f\u00fcr die Luftzufuhr um das AORUS 15 zum st\u00e4rksten Notebook seiner Klasse zu machen<\/p>\n<p><span class=\"bold\"><strong>6 Heatpipes<\/strong><\/span><\/p>\n<p>Das AORUS 15 verf\u00fcgt nicht nur \u00fcber perfekte L\u00fcfter, auch das K\u00fchler-System sucht Seinegleichen. 6 Heatpiepes, davon jeweils 2 nur f\u00fcr eine Kernkomponenten (CPU oder GPU) zust\u00e4ndig, sorgen f\u00fcr den optimalen Abtransprot der entstandenen W\u00e4rme.Diese System ist Grundstock der einzigartig effektiven K\u00fchlung<\/p>\n<p><span class=\"bold\"><strong>GEFORCE RTX\u2122 GRAPHICS REINVENTED<\/strong><\/span><\/p>\n<p>NVIDIA\u00ae GeForce\u00ae RTX\u2122 liefert das ultimative Gaming Erlebnis. Mit der neuesten NVIDIA Turing\u2122 GPU Architektur und der revolution\u00e4ren RTX Plattform erleben Sie herausragende KI-gest\u00fctzte Grafik mit Real-Time Ray Tracing und Programmable Shading. Erlebe Gaming v\u00f6llig neu!<\/p>\n<p><span class=\"bold\"><strong>Brandneue Intel Core i7 9750H CPU der 9. Generation | Perfektioniert f\u00fcr Gaming und Multimedia<\/strong><\/span><\/p>\n<p>Im AORUS 15 arbeitet der brandneue Intel\u00ae Core\u2122 i7-9750H Prozessor der 9. Generation mit 6 Kernen, 12 Threads und sagenhaften 4.5GHz. Diese CPU ist der Garant f\u00fcr ein umwerfendes Gaming-Erlebnis, ganz zu schweigen von der Leistung, die diese in Multitaksing-Multimedia-Anwendungen abrufen kann. Erleben Sie diese einmalige Leistung und Sie werden sie nie mehr missen wollen.<\/p>\n","protected":false},"excerpt":{"rendered":"<p>Beste Performance seiner Klasse Das AORUS 15 bietet der brandneuen Intel CPU der 9. Generation sowie der aktuellen RTX Grafikkarte Platz, trotz einer Bauh\u00f6he von gerade einmal 2.4cm. Basierend auf der WINDFORE-Technologie unseres erfahrenen AORUS Grafikkarten-.Teams werden Grafikkarte und CPU trotz allem zuverl\u00e4ssig gek\u00fchlt und k\u00f6nnen jeder Zeit die volle Leistung abrufen. Das AORUS 15 [&hellip;]<\/p>\n","protected":false},"featured_media":7321,"comment_status":"open","ping_status":"closed","template":"","meta":{"_acf_changed":false},"product_cat":[428],"product_tag":[],"acf":[],"jetpack_sharing_enabled":true,"_links":{"self":[{"href":"http:\/\/pc-direkthandel.de\/wordpress\/wp-json\/wp\/v2\/product\/7320"}],"collection":[{"href":"http:\/\/pc-direkthandel.de\/wordpress\/wp-json\/wp\/v2\/product"}],"about":[{"href":"http:\/\/pc-direkthandel.de\/wordpress\/wp-json\/wp\/v2\/types\/product"}],"replies":[{"embeddable":true,"href":"http:\/\/pc-direkthandel.de\/wordpress\/wp-json\/wp\/v2\/comments?post=7320"}],"wp:featuredmedia":[{"embeddable":true,"href":"http:\/\/pc-direkthandel.de\/wordpress\/wp-json\/wp\/v2\/media\/7321"}],"wp:attachment":[{"href":"http:\/\/pc-direkthandel.de\/wordpress\/wp-json\/wp\/v2\/media?parent=7320"}],"wp:term":[{"taxonomy":"product_cat","embeddable":true,"href":"http:\/\/pc-direkthandel.de\/wordpress\/wp-json\/wp\/v2\/product_cat?post=7320"},{"taxonomy":"product_tag","embeddable":true,"href":"http:\/\/pc-direkthandel.de\/wordpress\/wp-json\/wp\/v2\/product_tag?post=7320"}],"curies":[{"name":"wp","href":"https:\/\/api.w.org\/{rel}","templated":true}]}}