{"id":7318,"date":"2019-12-05T16:03:39","date_gmt":"2019-12-05T14:03:39","guid":{"rendered":"http:\/\/pc-direkthandel.de\/wordpress\/?post_type=product&#038;p=7318"},"modified":"2019-12-05T16:10:08","modified_gmt":"2019-12-05T14:10:08","slug":"gigabyte-aorus-15-x9-7de0250w","status":"publish","type":"product","link":"http:\/\/pc-direkthandel.de\/wordpress\/product\/gigabyte-aorus-15-x9-7de0250w\/","title":{"rendered":"GIGABYTE Aorus 15"},"content":{"rendered":"<div class=\"itemizedlist\">\n<p><span class=\"bold\"><strong>X9-7DE0250W F\u00dcR DIE AUSERW\u00c4HLTEN<\/strong><\/span><\/p>\n<\/div>\n<p>Das AORUS X9 ist eines der st\u00e4rksten GAMING-Notebooks in der 15.6\u201c Klasse. Die Intel Core i7 8750H CPU taktet ihre 6 Kerne und 12 Threads mit bis zu 4.1GHz. Die NVIDIA GeForce RTX 2070 mit 8GB bietet alles an Leistung, um auch aktuelle Spiele in bester Qualit\u00e4t auf das matte 144Hz FHD Display zu bringen.<\/p>\n<p>Das matte LG\u00ae 15.6\u201d FHD 1920&#215;1080 144Hz 5 ms IPS Display verf\u00fcgt au\u00dferdem \u00fcber G-Snyc um allzeit die beste Bildqualit\u00e4t zu liefern.<\/p>\n<p>Durch die 512GB PCI-Express SSD ist Platz f\u00fcr alle Games vorhanden, 16GB DDR4 2666 Arbeitsspeicher sorgen f\u00fcr ausreichend Luft.<\/p>\n<p>F\u00fcr die schnelle Netzanbindung werkelt ein Killer-Netzwerk um Lags wirkungsvoll aus dem Weg zu gehen. Dieses Kraftpaket findet in einem flachen und nur 2.4kg leichten Notebook Platz, damit gro\u00dfe Gaming-Leistung trotz allem noch \u201eTragbar\u201c ist.<\/p>\n","protected":false},"excerpt":{"rendered":"<p>X9-7DE0250W F\u00dcR DIE AUSERW\u00c4HLTEN Das AORUS X9 ist eines der st\u00e4rksten GAMING-Notebooks in der 15.6\u201c Klasse. Die Intel Core i7 8750H CPU taktet ihre 6 Kerne und 12 Threads mit bis zu 4.1GHz. Die NVIDIA GeForce RTX 2070 mit 8GB bietet alles an Leistung, um auch aktuelle Spiele in bester Qualit\u00e4t auf das matte 144Hz [&hellip;]<\/p>\n","protected":false},"featured_media":7317,"comment_status":"open","ping_status":"closed","template":"","meta":{"_acf_changed":false},"product_cat":[428],"product_tag":[],"acf":[],"jetpack_sharing_enabled":true,"_links":{"self":[{"href":"http:\/\/pc-direkthandel.de\/wordpress\/wp-json\/wp\/v2\/product\/7318"}],"collection":[{"href":"http:\/\/pc-direkthandel.de\/wordpress\/wp-json\/wp\/v2\/product"}],"about":[{"href":"http:\/\/pc-direkthandel.de\/wordpress\/wp-json\/wp\/v2\/types\/product"}],"replies":[{"embeddable":true,"href":"http:\/\/pc-direkthandel.de\/wordpress\/wp-json\/wp\/v2\/comments?post=7318"}],"wp:featuredmedia":[{"embeddable":true,"href":"http:\/\/pc-direkthandel.de\/wordpress\/wp-json\/wp\/v2\/media\/7317"}],"wp:attachment":[{"href":"http:\/\/pc-direkthandel.de\/wordpress\/wp-json\/wp\/v2\/media?parent=7318"}],"wp:term":[{"taxonomy":"product_cat","embeddable":true,"href":"http:\/\/pc-direkthandel.de\/wordpress\/wp-json\/wp\/v2\/product_cat?post=7318"},{"taxonomy":"product_tag","embeddable":true,"href":"http:\/\/pc-direkthandel.de\/wordpress\/wp-json\/wp\/v2\/product_tag?post=7318"}],"curies":[{"name":"wp","href":"https:\/\/api.w.org\/{rel}","templated":true}]}}