{"id":7314,"date":"2019-12-05T15:53:51","date_gmt":"2019-12-05T13:53:51","guid":{"rendered":"http:\/\/pc-direkthandel.de\/wordpress\/?post_type=product&#038;p=7314"},"modified":"2019-12-05T15:58:08","modified_gmt":"2019-12-05T13:58:08","slug":"gigabyte-aorus-x5xv8-de026t","status":"publish","type":"product","link":"http:\/\/pc-direkthandel.de\/wordpress\/product\/gigabyte-aorus-x5xv8-de026t\/","title":{"rendered":"GIGABYTE Aorus X5"},"content":{"rendered":"<div class=\"itemizedlist\">\n<p><span class=\"bold\"><strong>X5XV8-DE026T F\u00dcR DIE AUSERW\u00c4HLTEN<\/strong><\/span><\/p>\n<p>Das AORUS X5 ist eines der st\u00e4rksten GAMING-Notebook in der 15.6\u201c Klasse. Die Intel Core i7 8850H CPU taktet ihre 6 Kerne und 12 Threads mit bis zu 4.3GHz. Die werksseitig \u00fcbertaktbare NVIDIA GeForce GTX 1070 mit 8GB bietet alles an Leistung, um auch aktuelle Spiele in bester Qualit\u00e4t auf das matte 144Hz FHD Display zu bringen, welches au\u00dferdem \u00fcber G-Snyc verf\u00fcgt um allzeit die beste Bildqualit\u00e4t zu liefern. Durch die 512GB PCI-Express SSD und die 1TB Festplatte ist gen\u00fcgend Platz f\u00fcr alle Games vorhanden, 16GB DDR4 2666 Arbeitsspeicher sorgen f\u00fcr ausreichend Luft. F\u00fcr die schnelle Netzanbindung werkelt ein Killer-Netzwerk um Lags wirkungsvoll aus dem Weg zu gehen. Dieses Kraftpaket findet in einem flachen und nur 2.5kg leichten Notebook Platz, damit gro\u00dfe Gaming-Leistung trotz allem noch \u201eTragbar\u201c ist.<\/p>\n<\/div>\n","protected":false},"excerpt":{"rendered":"<p>X5XV8-DE026T F\u00dcR DIE AUSERW\u00c4HLTEN Das AORUS X5 ist eines der st\u00e4rksten GAMING-Notebook in der 15.6\u201c Klasse. Die Intel Core i7 8850H CPU taktet ihre 6 Kerne und 12 Threads mit bis zu 4.3GHz. Die werksseitig \u00fcbertaktbare NVIDIA GeForce GTX 1070 mit 8GB bietet alles an Leistung, um auch aktuelle Spiele in bester Qualit\u00e4t auf das [&hellip;]<\/p>\n","protected":false},"featured_media":7315,"comment_status":"open","ping_status":"closed","template":"","meta":{"_acf_changed":false},"product_cat":[428],"product_tag":[],"acf":[],"jetpack_sharing_enabled":true,"_links":{"self":[{"href":"http:\/\/pc-direkthandel.de\/wordpress\/wp-json\/wp\/v2\/product\/7314"}],"collection":[{"href":"http:\/\/pc-direkthandel.de\/wordpress\/wp-json\/wp\/v2\/product"}],"about":[{"href":"http:\/\/pc-direkthandel.de\/wordpress\/wp-json\/wp\/v2\/types\/product"}],"replies":[{"embeddable":true,"href":"http:\/\/pc-direkthandel.de\/wordpress\/wp-json\/wp\/v2\/comments?post=7314"}],"wp:featuredmedia":[{"embeddable":true,"href":"http:\/\/pc-direkthandel.de\/wordpress\/wp-json\/wp\/v2\/media\/7315"}],"wp:attachment":[{"href":"http:\/\/pc-direkthandel.de\/wordpress\/wp-json\/wp\/v2\/media?parent=7314"}],"wp:term":[{"taxonomy":"product_cat","embeddable":true,"href":"http:\/\/pc-direkthandel.de\/wordpress\/wp-json\/wp\/v2\/product_cat?post=7314"},{"taxonomy":"product_tag","embeddable":true,"href":"http:\/\/pc-direkthandel.de\/wordpress\/wp-json\/wp\/v2\/product_tag?post=7314"}],"curies":[{"name":"wp","href":"https:\/\/api.w.org\/{rel}","templated":true}]}}