{"id":7306,"date":"2019-12-05T15:35:47","date_gmt":"2019-12-05T13:35:47","guid":{"rendered":"http:\/\/pc-direkthandel.de\/wordpress\/?post_type=product&#038;p=7306"},"modified":"2019-12-05T15:42:55","modified_gmt":"2019-12-05T13:42:55","slug":"gigabyte-aero-15-na-7de5130sh","status":"publish","type":"product","link":"http:\/\/pc-direkthandel.de\/wordpress\/product\/gigabyte-aero-15-na-7de5130sh\/","title":{"rendered":"GIGABYTE Aero 15 OLED"},"content":{"rendered":"<div class=\"formalpara\">\n<h2 class=\"title\">Immer auf der Suche nach neuen Optionen<\/h2>\n<\/div>\n<p>Schon das erste AERO Notebook hat die Anspr\u00fcche in Laptops neu definiert. Leistung wurde mit wenig Gewicht in einem flachen Notebook geliefert, ohne Einschr\u00e4nkungen hinsichtlich der Performance, m\u00f6glich durch modernste innovative Technik. Das brandneue AERO folgt diesem Anspruch und liefert weitere feine Details wie ein verbessertes K\u00fchlsystem, ein raffiniertes Design mit Augenmerk auf optimale Nutzbarkeit, sowie ein visuelles Erlebnis der n\u00e4chsten Generation. All diese Punkte liefern dem Anwender die Chance, neue M\u00f6glichkeiten zu entdecken.<\/p>\n<div class=\"formalpara\">\n<h2 class=\"title\">Das attraktivste 15,6-Zoll AMOLED UHD-Display aller Zeiten<\/h2>\n<div class=\"para\">Das AERO macht keine Kompromisse bei der Bildqualit\u00e4t und kommt nun mit einem perfektionierten, topaktuellen Samsung AMOLED 4K Display, welches nicht nur zus\u00e4tzliche Helligkeit bietet, sondern auch dem VESA Display HDR 400 Standard entspricht und 100% DCI-P3 Farbraum (25% mehr Farben als sRGB) abdeckt, sowie mit einer extrem geringen Reaktionszeit von 1 Millisekunde aufwartet. Erleben Sie das einzigartig, farbige und fl\u00fcssige visuelle Erlebnis, das es bisher gab. Noch n\u00e4her an die Realit\u00e4t kommt Niemand.<\/div>\n<\/div>\n<div class=\"formalpara\">\n<h2 class=\"title\">Supra Cool 2 | die neue Generation der K\u00fchlung<\/h2>\n<div class=\"para\">GIGABYTE\u00b4s exklusive Supra Cool Technologie wird im AERO neu definiert. Das neue Supra Cool 2 basiert auf 2 L\u00fcftern mit 71 Fl\u00fcgeln, 5 Heatpipes, 11 \u00d6ffnungen f\u00fcr Be- und Entl\u00fcftung und verbessert so die W\u00e4rmeabf\u00fchrung um stolze 30%. Das ist aber noch nicht Alles, au\u00dferdem arbeitet GIGABYTE nun mit dem weltweit renommierten und innovativsten Unternehmen f\u00fcr W\u00e4rmeleitpasten, Thermal Grizzly, zusammen. Wir nutzen die Produkte von Thermal Grizzly um sicherzustellen, das ihr AERO auch unter h\u00f6chster Beanspruchung, sei es Gaming oder Multimediabearbeitung, zuverl\u00e4ssig &#8222;cool&#8220; bleibt. Dies macht einen echten Leader f\u00fcr d\u00fcnne und leichte Laptops aus.<\/div>\n<\/div>\n<div class=\"formalpara\">\n<h2 class=\"title\">Microsoft Azure AI: intelligente automatische Leistungssteuerung<\/h2>\n<div class=\"para\">W\u00e4hrend die Welt noch gespannt auf die k\u00fcnstliche Intelligenz wartet, stellt sich die Frage, was AI f\u00fcr Sie tun kann. Die Antwort gibt Ihnen GIGABYTE und geht den Schritt durch die Kooperation mit Microsoft Azure AI, um Ihnen den ersten AI Laptop zu bieten &#8211; den AERO 15. Die Microsoft-Azure Plattform f\u00fcr machine learning vergleicht die Einstellungen aller Anwender und liefert so die optimalen Einstellungen f\u00fcr jede Anwendung. Profitieren Sie von der Automatisierung aller relevanten Einstellungen und verschwenden Sie Ihre Zeit nicht f\u00fcr die Optimierung der Profile. Starten Sie Ihre Anwendung und nutzen Sie die besten Einstellungen, egal ob im Spiel oder bei rechenintensiven Anwendungen.<\/div>\n<\/div>\n<div class=\"formalpara\">\n<h2 class=\"title\">Windows Precision Touchpad f\u00fcr pr\u00e4zise Steuerung<\/h2>\n<div class=\"para\">Das AERO ist ausgestattet mit einem Windows Precision Touchpad und erm\u00f6glicht dadurch die Verwendung von Multi-Touch Eingaben. Der eingebaute Fingerabdrucksensor f\u00fcr Windows Hello erh\u00f6ht die Sicherheit f\u00fcr den Schutz privater Daten.<\/div>\n<div>\n<div class=\"formalpara\">\n<h2 class=\"title\">Speziell entwickelte Kameraabdeckung | Wir achten Ihre Privatsph\u00e4re<\/h2>\n<div class=\"para\">Beim AERO setzt GIGABYTE auf eine bewegliche Abdeckung f\u00fcr Ihre Webcam, sodass Sie die volle Kontrolle \u00fcber Ihre Privatsph\u00e4re haben, wo auch immer Sie das Notebook nutzen.<\/div>\n<\/div>\n<\/div>\n<\/div>\n","protected":false},"excerpt":{"rendered":"<p>Immer auf der Suche nach neuen Optionen Schon das erste AERO Notebook hat die Anspr\u00fcche in Laptops neu definiert. Leistung wurde mit wenig Gewicht in einem flachen Notebook geliefert, ohne Einschr\u00e4nkungen hinsichtlich der Performance, m\u00f6glich durch modernste innovative Technik. Das brandneue AERO folgt diesem Anspruch und liefert weitere feine Details wie ein verbessertes K\u00fchlsystem, ein [&hellip;]<\/p>\n","protected":false},"featured_media":7308,"comment_status":"open","ping_status":"closed","template":"","meta":{"_acf_changed":false},"product_cat":[427],"product_tag":[],"acf":[],"jetpack_sharing_enabled":true,"_links":{"self":[{"href":"http:\/\/pc-direkthandel.de\/wordpress\/wp-json\/wp\/v2\/product\/7306"}],"collection":[{"href":"http:\/\/pc-direkthandel.de\/wordpress\/wp-json\/wp\/v2\/product"}],"about":[{"href":"http:\/\/pc-direkthandel.de\/wordpress\/wp-json\/wp\/v2\/types\/product"}],"replies":[{"embeddable":true,"href":"http:\/\/pc-direkthandel.de\/wordpress\/wp-json\/wp\/v2\/comments?post=7306"}],"wp:featuredmedia":[{"embeddable":true,"href":"http:\/\/pc-direkthandel.de\/wordpress\/wp-json\/wp\/v2\/media\/7308"}],"wp:attachment":[{"href":"http:\/\/pc-direkthandel.de\/wordpress\/wp-json\/wp\/v2\/media?parent=7306"}],"wp:term":[{"taxonomy":"product_cat","embeddable":true,"href":"http:\/\/pc-direkthandel.de\/wordpress\/wp-json\/wp\/v2\/product_cat?post=7306"},{"taxonomy":"product_tag","embeddable":true,"href":"http:\/\/pc-direkthandel.de\/wordpress\/wp-json\/wp\/v2\/product_tag?post=7306"}],"curies":[{"name":"wp","href":"https:\/\/api.w.org\/{rel}","templated":true}]}}