{"id":7300,"date":"2019-12-04T15:51:17","date_gmt":"2019-12-04T13:51:17","guid":{"rendered":"http:\/\/pc-direkthandel.de\/wordpress\/?post_type=product&#038;p=7300"},"modified":"2019-12-05T15:35:31","modified_gmt":"2019-12-05T13:35:31","slug":"gigabyte-aero-15-wv-8de025pb","status":"publish","type":"product","link":"http:\/\/pc-direkthandel.de\/wordpress\/product\/gigabyte-aero-15-wv-8de025pb\/","title":{"rendered":"GIGABYTE Aero 15W"},"content":{"rendered":"<div class=\"itemizedlist\">\n<p><span class=\"bold\"><strong>Erstaunliche Optik &#8211; Full HD Display mit AdobeRGB 100%<\/strong><\/span><\/p>\n<p>Das Warten hat sich gelohnt! Das neue AERO 15 ist mit Full HD Display erh\u00e4ltlich. Die Kombination aus ultrahoher Aufl\u00f6sung und herausragendem Adobe RGB 100% Farbraum bietet dir ein erstaunliches Grafik-Erlebnis auf dem AERO 15!<\/p>\n<\/div>\n<div class=\"itemizedlist\">\n<p><span class=\"bold\"><strong>Das weltweit erste rahmenlose 144Hz Display<\/strong><\/span><\/p>\n<p>PC-Spiele auf einem rahmenlosen Display zu erleben, ist bereits erstaunlich, doch mit seinem rahmenlosen 144Hz Display geht das neue AERO 15 noch einen Schritt weiter! Nun genie\u00dft du Gameplay in brillanter Qualit\u00e4t ohne l\u00e4stiges Verschwimmen oder Bewegungsunsch\u00e4rfe!<\/p>\n<\/div>\n<div class=\"itemizedlist\">\n<p><span class=\"bold\"><strong>So flach wie noch nie<\/strong><\/span><\/p>\n<p>Mobilit\u00e4t und ein einfacher Transport spielen f\u00fcr uns schon immer eine gro\u00dfe Rolle beim der Entwicklung von Notebooks. Daher setzt das AERO 15 mit einer H\u00f6he von lediglich 18 mm einmal mehr neue Ma\u00dfst\u00e4be! So genie\u00dft du v\u00f6llige Freiheit ohne Einschr\u00e4nkungen bei der Leistung!<\/p>\n<\/div>\n<div class=\"itemizedlist\">\n<p><span class=\"bold\"><strong>Tauche ein in die Action<\/strong><\/span><\/p>\n<p>Dolby Atmos zieht dich mit seinem klaren, umschlie\u00dfenden Sound direkt in das Spiel! Besser als herk\u00f6mmlicher Surround Sound, gibt dir Dolby Atmos den entscheidenen Vorteil und sorgt f\u00fcr ein noch immersiveres Gaming-Erlebnis!<\/p>\n<\/div>\n<div class=\"itemizedlist\">\n<p><span class=\"bold\"><strong>Fortschrittlicher Ambient Light Sensor &#8211; Intelligente und energiesparende Hintergrundbeleuchtung<\/strong><\/span><\/p>\n<p>Der Ambient Light Sensor des AERO 15 erfasst die Lichtverh\u00e4ltnisse in deiner Umgebung und passt die Helligkeit der Hintergrundbeleuchtung automatisch an. Bei dunklen Lichtverh\u00e4ltnissen wird die Hintergrundbeleuchtung heruntergeregelt, damit das Display nicht zu hell ist, w\u00e4hrend im Hellen die Helligkeit gesteigert wird, um eine klare Sicht zu gew\u00e4hrleisten.<\/p>\n<\/div>\n","protected":false},"excerpt":{"rendered":"<p>Erstaunliche Optik &#8211; Full HD Display mit AdobeRGB 100% Das Warten hat sich gelohnt! Das neue AERO 15 ist mit Full HD Display erh\u00e4ltlich. Die Kombination aus ultrahoher Aufl\u00f6sung und herausragendem Adobe RGB 100% Farbraum bietet dir ein erstaunliches Grafik-Erlebnis auf dem AERO 15! Das weltweit erste rahmenlose 144Hz Display PC-Spiele auf einem rahmenlosen Display [&hellip;]<\/p>\n","protected":false},"featured_media":7301,"comment_status":"open","ping_status":"closed","template":"","meta":{"_acf_changed":false},"product_cat":[427],"product_tag":[],"acf":[],"jetpack_sharing_enabled":true,"_links":{"self":[{"href":"http:\/\/pc-direkthandel.de\/wordpress\/wp-json\/wp\/v2\/product\/7300"}],"collection":[{"href":"http:\/\/pc-direkthandel.de\/wordpress\/wp-json\/wp\/v2\/product"}],"about":[{"href":"http:\/\/pc-direkthandel.de\/wordpress\/wp-json\/wp\/v2\/types\/product"}],"replies":[{"embeddable":true,"href":"http:\/\/pc-direkthandel.de\/wordpress\/wp-json\/wp\/v2\/comments?post=7300"}],"wp:featuredmedia":[{"embeddable":true,"href":"http:\/\/pc-direkthandel.de\/wordpress\/wp-json\/wp\/v2\/media\/7301"}],"wp:attachment":[{"href":"http:\/\/pc-direkthandel.de\/wordpress\/wp-json\/wp\/v2\/media?parent=7300"}],"wp:term":[{"taxonomy":"product_cat","embeddable":true,"href":"http:\/\/pc-direkthandel.de\/wordpress\/wp-json\/wp\/v2\/product_cat?post=7300"},{"taxonomy":"product_tag","embeddable":true,"href":"http:\/\/pc-direkthandel.de\/wordpress\/wp-json\/wp\/v2\/product_tag?post=7300"}],"curies":[{"name":"wp","href":"https:\/\/api.w.org\/{rel}","templated":true}]}}