{"id":7126,"date":"2019-11-26T18:46:03","date_gmt":"2019-11-26T16:46:03","guid":{"rendered":"http:\/\/pc-direkthandel.de\/wordpress\/?post_type=product&#038;p=7126"},"modified":"2019-11-26T18:47:43","modified_gmt":"2019-11-26T16:47:43","slug":"csl-narrow-box-ultra-hd-compact-v3-winpro-ssd128","status":"publish","type":"product","link":"http:\/\/pc-direkthandel.de\/wordpress\/product\/csl-narrow-box-ultra-hd-compact-v3-winpro-ssd128\/","title":{"rendered":"CSL Narrow Box Ultra HD Compact v3"},"content":{"rendered":"<p>Die CSL Narrow Box Ultra HD Compact v3 steht ganz in der Tradition unserer beliebten Mini-PC-Reihe und liefert gro\u00dfes digitales 4K-Entertainment in ultrakompakter Bauform!<\/p>\n<p>Mit diesem Mini-PC k\u00f6nnen Sie 4K-Videos streamen, Online Games spielen, im Netz surfen und alle g\u00e4ngigen Office-Anwendungen komfortabel nutzen. Ihr absolut lautloser Betrieb und leistungsstarke Hardware f\u00fcr erstklassige Multimedia-Performance machen die Narrow Box Ultra HD Compact zu einem Media-Center der Extraklasse!<\/p>\n<p>Die Ausstattung mit einem Intel\u00ae N4100 QuadCore-Prozessor aus der Gemini Lake-Generation, 4 GB RAM und Intel\u00ae HD 600 Grafik sorgt in der Narrow Box UHD Compact f\u00fcr eine hohe Workload-Performance und eine erheblich verbesserte Multimedia-Leistung!<\/p>\n<p>Ein gro\u00dfer Vorteil dieses Mini-PCs ist die M\u00f6glichkeit der Speichererweiterung per SSD in M.2 2242-Bauform. Dadurch kann der interne 32 GB eMMC-Speicher deutlich vergr\u00f6\u00dfert werden. Zudem bietet der integrierte Cardreader durch die Nutzung einer optionalen SD\/SDHC\/SDXC-Karte eine zus\u00e4tzliche M\u00f6glichkeit zur Speichererweiterung.<\/p>\n<p>Falls Sie eine Soundanlage mit HDMI-Anschlussoption nutzen, k\u00f6nnen Sie Ihre Musiksammlung oder Ihre Lieblingsserie mit 5.1-Surround Sound genie\u00dfen. Dar\u00fcber hinaus k\u00f6nnen Sie per VGA (D-Sub)-Anschluss auch einen zweiten Monitor verbinden und nutzen, um Ihre Desktopoberfl\u00e4che zu vergr\u00f6\u00dfern.<\/p>\n<p>Die umfangreichen Anschl\u00fcsse und Schnittstellen der kleinen Narrow Box er\u00f6ffnen Ihnen alle M\u00f6glichkeiten eines ausgewachsenen Desktop-Systems. Durch DualBand-WLAN 802.11ac k\u00f6nnen Sie sowohl das 2,4 GHz- als auch das schnellere 5 GHz-Frequenzband f\u00fcr Ihr WiFi-Netzwerk nutzen (kompatibler WiFi-Router vorausgesetzt). Ihr kabelloses Zubeh\u00f6r und Eingabeger\u00e4te k\u00f6nnen Sie per stabiler Bluetooth\u00ae 4.2-Verbindung ankoppeln. F\u00fcr Ihre Peripherieger\u00e4te stehen 3\u00d7 USB 3.1-Ports zur Verf\u00fcgung.<\/p>\n<p>Die Narrow Box Ultra HD Compact v3 mit Windows 10 bietet Ihnen eine verbesserte Performance als die Vorg\u00e4ngermodelle, umfangreiche Anschl\u00fcsse und l\u00e4sst sich ganz einfach per M.2 2242 SSD erweitern!<\/p>\n<p>Ein 2 Meter HDMI-Kabel liegt bereits bei.<\/p>\n<p>Hinweis: Die Ersteinrichtung der Narrow Box Ultra HD Compact mit einer Bluetooth Tastatur\/Maus ist nicht m\u00f6glich.<\/p>\n","protected":false},"excerpt":{"rendered":"<p>Die CSL Narrow Box Ultra HD Compact v3 steht ganz in der Tradition unserer beliebten Mini-PC-Reihe und liefert gro\u00dfes digitales 4K-Entertainment in ultrakompakter Bauform! Mit diesem Mini-PC k\u00f6nnen Sie 4K-Videos streamen, Online Games spielen, im Netz surfen und alle g\u00e4ngigen Office-Anwendungen komfortabel nutzen. Ihr absolut lautloser Betrieb und leistungsstarke Hardware f\u00fcr erstklassige Multimedia-Performance machen die [&hellip;]<\/p>\n","protected":false},"featured_media":7122,"comment_status":"open","ping_status":"closed","template":"","meta":{"_acf_changed":false},"product_cat":[425],"product_tag":[],"acf":[],"jetpack_sharing_enabled":true,"_links":{"self":[{"href":"http:\/\/pc-direkthandel.de\/wordpress\/wp-json\/wp\/v2\/product\/7126"}],"collection":[{"href":"http:\/\/pc-direkthandel.de\/wordpress\/wp-json\/wp\/v2\/product"}],"about":[{"href":"http:\/\/pc-direkthandel.de\/wordpress\/wp-json\/wp\/v2\/types\/product"}],"replies":[{"embeddable":true,"href":"http:\/\/pc-direkthandel.de\/wordpress\/wp-json\/wp\/v2\/comments?post=7126"}],"wp:featuredmedia":[{"embeddable":true,"href":"http:\/\/pc-direkthandel.de\/wordpress\/wp-json\/wp\/v2\/media\/7122"}],"wp:attachment":[{"href":"http:\/\/pc-direkthandel.de\/wordpress\/wp-json\/wp\/v2\/media?parent=7126"}],"wp:term":[{"taxonomy":"product_cat","embeddable":true,"href":"http:\/\/pc-direkthandel.de\/wordpress\/wp-json\/wp\/v2\/product_cat?post=7126"},{"taxonomy":"product_tag","embeddable":true,"href":"http:\/\/pc-direkthandel.de\/wordpress\/wp-json\/wp\/v2\/product_tag?post=7126"}],"curies":[{"name":"wp","href":"https:\/\/api.w.org\/{rel}","templated":true}]}}