{"id":7112,"date":"2019-11-25T22:50:27","date_gmt":"2019-11-25T20:50:27","guid":{"rendered":"http:\/\/pc-direkthandel.de\/wordpress\/?post_type=product&#038;p=7112"},"modified":"2019-11-25T22:56:09","modified_gmt":"2019-11-25T20:56:09","slug":"asus-chromebox-3-n013u","status":"publish","type":"product","link":"http:\/\/pc-direkthandel.de\/wordpress\/product\/asus-chromebox-3-n013u\/","title":{"rendered":"ASUS Chromebox 3 N013U"},"content":{"rendered":"<p>Die ASUS Chromebox l\u00e4sst sich nach dem Auspacken ganz einfach in Betrieb nehmen und ist bereits mit einem Schutz vor Viren und Schadsoftware (Malware) sowie einer automatischen Update-Funktion ausgestattet. Die Chromebox ist nach dem Einschalten in Sekundenschnelle einsatzbereit, so dass der Nutzer sofort auf seine Lieblings-Webseiten und -Apps zugreifen kann.<\/p>\n<p>Der Prozessor der ASUS Chromebox ist selbst anspruchsvollsten Multitasking-Anwendungen problemlos gewachsen. Dank ihrer zahlreichen Anschlussm\u00f6glichkeiten kann der Nutzer einen beliebig gro\u00dfen Bildschirm an die Chromebox anschlie\u00dfen oder sogar mehrere Bildschirme gleichzeitig verwenden. Die Chromebox l\u00e4sst sich dar\u00fcber hinaus an jeden Monitor oder HD-TV montieren, der \u00fcber eine Befestigungsm\u00f6glichkeit nach VESA-Standard verf\u00fcgt.<\/p>\n<p>Mit der ASUS Chromebox ist der Nutzer somit in jeder Lebenssituation immer auf dem neuesten Stand.<\/p>\n<p><span class=\"bold\"><strong>Digitaler Lifestyle &#8211; Clever und leicht gemacht<\/strong><\/span><\/p>\n<p>Die ASUS Chromebox kann als Datencenter f\u00fcr den Desktop-PC, das Smartphone oder Tablet genutzt werden, so dass der Nutzer immer Zugriff auf seine ben\u00f6tigten Daten und Google-Dienste hat.<\/p>\n<p><span class=\"bold\"><strong>Klein, schlank und kompakt<\/strong><\/span><\/p>\n<p>Die ASUS Chromebox ist mit ihren Abmessungen von 124 x 124 x 42 mm eines der weltweit kleinsten Ger\u00e4te mit Chrome-Betriebssystem. Dank ihres schlanken und kompakten Designs l\u00e4sst sie sich \u00fcberall im Haus optimal platzieren und sieht dabei auch noch gut aus.<\/p>\n<p><span class=\"bold\"><strong>Die Vielfalt von Multimedia und Internet erleben<\/strong><\/span><\/p>\n<p>Mit der ASUS Chromebox kann sich der Nutzer entspannt zur\u00fccklehnen und im Internet surfen, Fotos von seiner SD-Karte betrachten oder Videos mit einer Aufl\u00f6sung von bis zu 4k UHD schauen.<\/p>\n<p><span class=\"bold\"><strong>Kleine Box, viele M\u00f6glichkeiten<\/strong><\/span><\/p>\n<p>Die ASUS Chromebox unterst\u00fctzt Dualband Wi-Fi Verbindungen mit den Standards 802.11 a\/b\/g\/n und erm\u00f6glicht dem Nutzer somit das Surfen im Internet, sowie andere Online-Aktivit\u00e4ten mit extrem hoher Geschwindigkeit. Die vier USB 3.0-Schnittstellen, Bluetooth 4.0 sowie der integrierte SD-Kartenleser erleichtern dem Nutzer allt\u00e4gliche Vorg\u00e4nge, wie das \u00dcbertragen von Dateien, Fotos und anderen Medien. Dank der HDMI- und DisplayPort-Ausg\u00e4nge lassen sich 2 Monitore anschlie\u00dfen, so dass dem Nutzer mehr Bildschirmplatz zum Arbeiten oder Spielen zu Verf\u00fcgung steht.<\/p>\n<p><span class=\"bold\"><strong>Sicherer und gesch\u00fctzter Zugriff dank Benutzerkonten<\/strong><\/span><\/p>\n<p>Die ASUS Chromebox l\u00e4sst sich optimal von mehreren Personen nutzen. Mit der Chromebox lassen sich mehrere Benutzerkonten anlegen, so dass bei gemeinsamer Nutzung jeder in der Familie seinen eigenen Zugriff erh\u00e4lt. Die Nutzer k\u00f6nnen ganz einfach zwischen den Benutzerkonten wechseln und somit bleiben die Daten von jedem privat und gesch\u00fctzt.<\/p>\n<p><span class=\"bold\"><strong>Bedienung leicht gemacht<\/strong><\/span><\/p>\n<p>Die ASUS Chromebox macht Schluss mit der unn\u00f6tig komplizierten Bedienung von PC-Systemen. Alle Familienmitglieder, egal ob jung oder alt, k\u00f6nnen mit der Chromebox m\u00fchelos die Programme bedienen, die sie nutzen wollen &#8211; einfach einschalten und loslegen.<\/p>\n<p><span class=\"bold\"><strong>Einfaches Sichern und Organisieren von Fotos<\/strong><\/span><\/p>\n<p>Mit der ASUS Chromebox lassen sich Fotos ganz einfach sichern. Nach dem Einstecken einer SD-Karte in den integrierten SD-Kartenleser werden die darauf befindlichen Fotos dank Google+ automatisch heruntergeladen und gesichert.<\/p>\n<p><span class=\"bold\"><strong>Einfacher Zugriff auf tausende von Apps mit dem Chrome-Store<\/strong><\/span><\/p>\n<p>Die intuitive Benutzeroberfl\u00e4che des Chrome-Betriebssystems erm\u00f6glicht den Zugriff auf mehrere zehntausend Chrome-Apps, die aus dem Chrome-Web-Store heruntergeladen werden k\u00f6nnen.<\/p>\n","protected":false},"excerpt":{"rendered":"<p>Die ASUS Chromebox l\u00e4sst sich nach dem Auspacken ganz einfach in Betrieb nehmen und ist bereits mit einem Schutz vor Viren und Schadsoftware (Malware) sowie einer automatischen Update-Funktion ausgestattet. Die Chromebox ist nach dem Einschalten in Sekundenschnelle einsatzbereit, so dass der Nutzer sofort auf seine Lieblings-Webseiten und -Apps zugreifen kann. Der Prozessor der ASUS Chromebox [&hellip;]<\/p>\n","protected":false},"featured_media":7116,"comment_status":"open","ping_status":"closed","template":"","meta":{"_acf_changed":false},"product_cat":[424],"product_tag":[],"acf":[],"jetpack_sharing_enabled":true,"_links":{"self":[{"href":"http:\/\/pc-direkthandel.de\/wordpress\/wp-json\/wp\/v2\/product\/7112"}],"collection":[{"href":"http:\/\/pc-direkthandel.de\/wordpress\/wp-json\/wp\/v2\/product"}],"about":[{"href":"http:\/\/pc-direkthandel.de\/wordpress\/wp-json\/wp\/v2\/types\/product"}],"replies":[{"embeddable":true,"href":"http:\/\/pc-direkthandel.de\/wordpress\/wp-json\/wp\/v2\/comments?post=7112"}],"wp:featuredmedia":[{"embeddable":true,"href":"http:\/\/pc-direkthandel.de\/wordpress\/wp-json\/wp\/v2\/media\/7116"}],"wp:attachment":[{"href":"http:\/\/pc-direkthandel.de\/wordpress\/wp-json\/wp\/v2\/media?parent=7112"}],"wp:term":[{"taxonomy":"product_cat","embeddable":true,"href":"http:\/\/pc-direkthandel.de\/wordpress\/wp-json\/wp\/v2\/product_cat?post=7112"},{"taxonomy":"product_tag","embeddable":true,"href":"http:\/\/pc-direkthandel.de\/wordpress\/wp-json\/wp\/v2\/product_tag?post=7112"}],"curies":[{"name":"wp","href":"https:\/\/api.w.org\/{rel}","templated":true}]}}