{"id":7110,"date":"2019-11-25T22:45:38","date_gmt":"2019-11-25T20:45:38","guid":{"rendered":"http:\/\/pc-direkthandel.de\/wordpress\/?post_type=product&#038;p=7110"},"modified":"2019-11-25T22:48:55","modified_gmt":"2019-11-25T20:48:55","slug":"asus-pa90-m9069zn","status":"publish","type":"product","link":"http:\/\/pc-direkthandel.de\/wordpress\/product\/asus-pa90-m9069zn\/","title":{"rendered":"ASUS PA90-M9069ZN"},"content":{"rendered":"<div class=\"formalpara\">\n<h2 class=\"title\">Das Zentrum Deiner Kreativit\u00e4t<\/h2>\n<div class=\"para\">Der brandneue ASUS Mini PC ProArt wurde speziell f\u00fcr die besonderen Anforderungen von Kreativprofis entwickelt und bietet leistungsstarke, stabile Rechenleistung f\u00fcr computergest\u00fctzte Design(CAD)-Workflows in den Bereichen Architektur, Technik und Fertigung, in Kombination mit einem attraktiven, kompakten Design, das sich perfekt in jeden Arbeitsbereich einf\u00fcgt. Mit Intel\u00ae-Core-Prozessoren der 9. Generation und NVIDIA\u00ae-Quadro\u00ae-Grafikkarten, ultraschnellen Speicherl\u00f6sungen und Anschlussm\u00f6glichkeiten sowie einem abgerundeten Funktionsumfang, der f\u00fcr Profis entwickelt wurde, bietet die ASUS-Mini-PC-ProArt-Serie die n\u00f6tige Leistung und Zuverl\u00e4ssigkeit, um jede kreative Aufgabe zu erf\u00fcllen.<\/div>\n<\/div>\n<div class=\"formalpara\">\n<h2 class=\"title\">Starke Leistung f\u00fcr kreative Projekte<\/h2>\n<div class=\"para\">Professionelle Workflows zur Erstellung von Inhalten erfordern oft prozessorintensive Arbeitsschritte und den Einsatz mehrerer gro\u00dfer Dateien gleichzeitig. Der Mini PC ProArt PA90 wird von Intel\u00ae-Core-Prozessoren der 9. Generation angetrieben, die eine bis zu 30% h\u00f6here Leistung als die Prozessoren der Vorg\u00e4ngergeneration bieten, um selbst bei anspruchsvollsten Anwendungen und komplexen Projekten eine fl\u00fcssige und responsive Multitasking-Leistung zu gew\u00e4hrleisten.<\/div>\n<\/div>\n<div class=\"formalpara\">\n<h2 class=\"title\">Professionelle NVIDIA\u00ae-Quadro\u00ae-Grafikkarten<\/h2>\n<div class=\"para\">Professionelle Designer sind auf Pr\u00e4zision und Detailtreue angewiesen. Der Mini PC ProArt PA90 erf\u00fcllt diese Anforderung mit den NVIDIA\u00ae Quadro\u00ae P4000- oder P2000-Grafikkarten. Diese bieten eine erh\u00f6hte Leistung, um problemlos mehrere ultrahochaufl\u00f6sende Bildschirme gleichzeitig zu betreiben und 3D-Rendering-Aufgaben zu beschleunigen. Er eignet sich perfekt f\u00fcr Foto- und Videobearbeitung, computergest\u00fctzte Design(CAD)-Workflows f\u00fcr Architektur, Technik und Fertigung sowie f\u00fcr Multimedia und Unterhaltung.<\/div>\n<\/div>\n<div class=\"formalpara\">\n<h2 class=\"title\">Beschleunigen Sie Ihren Workflow<\/h2>\n<div class=\"para\">Designer, die mit gro\u00dfen Dateien arbeiten, sind nur zu gut damit vertraut, auf Daten\u00fcbertragungen und andere festplattenintensive Aufgaben zu warten. Der Mini-PC ProArt PA90 verbessert die Performance bei der Arbeit mit solchen Dateien durch sein Triple-Storage-Design, das aus zwei M.2-PCIe-3.0-x4-SSDs und einer 2,5-Zoll-Festplatte besteht, die ultraschnelle Datentransfers und hohe Speicherkapazit\u00e4ten erm\u00f6glichen. Zus\u00e4tzlich bietet die Unterst\u00fctzung von bis zu 64GB DDR4 RAM mit 2666MHz die M\u00f6glichkeit, gro\u00dfe Dateien und Programme f\u00fcr einen schnelleren Zugriff zwischenzuspeichern. Die Intel\u00ae-Optane-Technologie verbessert die Speicher- und RAM-Performance noch weiter, um die Reaktionsf\u00e4higkeit des Gesamtsystems zu erh\u00f6hen und die Startzeiten der am h\u00e4ufigsten verwendeten Anwendungen und Dateien zu verk\u00fcrzen. Designer, die mit gro\u00dfen Datenmengen arbeiten, profitieren so von einem schnelleren und effizienteren Workflow.<\/div>\n<\/div>\n<div class=\"formalpara\">\n<h2 class=\"title\">Fl\u00fcssigk\u00fchlung f\u00fcr maximale Performance und Stabilit\u00e4t<\/h2>\n<div class=\"para\">F\u00fcr hohe Auslastungen ist ein leistungsstarkes K\u00fchlsystem unerl\u00e4sslich. Mit einem All-in-One-Fl\u00fcssigkeits-CPU-K\u00fchler entfesselt der Mini PC ProArt PA90 die volle Leistung des Prozessors und zeichnet sich durch einen konstant leisen und stabilen Betrieb aus. Auf diese Weise k\u00f6nnen Leistungseinbu\u00dfen, Anwendungsabst\u00fcrze und sogar unvorhergesehenes Herunterfahren w\u00e4hrend der Arbeit an Ihren Projekten vermieden werden. Wenn die CPU unter Volllast l\u00e4uft, verl\u00e4ngert das innovative K\u00fchlsystem automatisch die obere Abdeckung des PCs, um den Luftstrom f\u00fcr eine optimale Performance zu maximieren.<\/div>\n<\/div>\n<div class=\"formalpara\">\n<h2 class=\"title\">Leises, energieeffizientes Design<\/h2>\n<div class=\"para\">Mit seiner CPU-Fl\u00fcssigk\u00fchlung arbeitet der Mini PC ProArt PA90 unglaublich leise und produziert nur 25,5dB im Leerlauf oder 32dB bei Volllast, so dass Sie sich ohne st\u00f6rende Hintergrundger\u00e4usche auf Ihre Arbeit konzentrieren k\u00f6nnen. Die umweltfreundlichen ASUS Mini-PCs haben einige der h\u00f6chsten Umweltzertifizierungen der PC-Branche erhalten, darunter auch die Energy-Star-Zertifizierung.<\/div>\n<\/div>\n<div class=\"formalpara\">\n<h2 class=\"title\">Ultraschnelle Thunderbolt-3-Anschl\u00fcsse<\/h2>\n<div class=\"para\">Es ist bei professionellen Designern und Content-Erstellern \u00fcblich, gro\u00dfe Dateien auf externe Speicherger\u00e4te zu \u00fcbertragen und sich mit mehreren Produkt- und Datenger\u00e4ten gleichzeitig zu verbinden. Der Mini PC ProArt PA90 unterst\u00fctzt diese Anwendungsszenarien mit seinen Thunderbolt-3-Schnittstellen, die ultraschnelle Daten\u00fcbertragungsraten von bis zu 40Gbit\/s erm\u00f6glichen \u2013 schnell genug, um einen vollen 4K-Film in weniger als 30 Sekunden zu \u00fcbertragen. Thunderbolt-3-unterst\u00fctzt auch das in Reihe schalten mehrerer Ger\u00e4te (Daisy-Chaining) \u00fcber einen einzigen Anschluss. Der kompakte und beidseitig verwendbare USB-C-Stecker macht das Anschlie\u00dfen von Docks, externen Laufwerken und Bildschirmen zum Kinderspiel.<\/div>\n<\/div>\n<div class=\"formalpara\">\n<h2 class=\"title\">Auf Perfektion getestet<\/h2>\n<div class=\"para\">Die ASUS Mini-PCs werden strengen \u00dcberpr\u00fcfungen unterzogen, darunter Ger\u00e4usch-, Vibrations- und Temperaturschock-Tests, um sicherzugehen, dass jedes Ger\u00e4t die hohen ASUS-Standards erf\u00fcllt und die Industrievorgaben \u00fcbertrifft. Sie k\u00f6nnen sicher sein, dass Ihr ASUS Mini-PC selbst extremen Umweltbedingungen standh\u00e4lt, von trockenen -40\u00b0C bis hin zu einem feuchtem und hei\u00dfen Klima mit Temperaturen von mehr als 60\u00b0C \u2013 und das \u00fcber einen langen Zeitraum hinweg.<\/div>\n<\/div>\n","protected":false},"excerpt":{"rendered":"<p>Das Zentrum Deiner Kreativit\u00e4t Der brandneue ASUS Mini PC ProArt wurde speziell f\u00fcr die besonderen Anforderungen von Kreativprofis entwickelt und bietet leistungsstarke, stabile Rechenleistung f\u00fcr computergest\u00fctzte Design(CAD)-Workflows in den Bereichen Architektur, Technik und Fertigung, in Kombination mit einem attraktiven, kompakten Design, das sich perfekt in jeden Arbeitsbereich einf\u00fcgt. Mit Intel\u00ae-Core-Prozessoren der 9. Generation und NVIDIA\u00ae-Quadro\u00ae-Grafikkarten, [&hellip;]<\/p>\n","protected":false},"featured_media":7109,"comment_status":"open","ping_status":"closed","template":"","meta":{"_acf_changed":false},"product_cat":[423],"product_tag":[],"acf":[],"jetpack_sharing_enabled":true,"_links":{"self":[{"href":"http:\/\/pc-direkthandel.de\/wordpress\/wp-json\/wp\/v2\/product\/7110"}],"collection":[{"href":"http:\/\/pc-direkthandel.de\/wordpress\/wp-json\/wp\/v2\/product"}],"about":[{"href":"http:\/\/pc-direkthandel.de\/wordpress\/wp-json\/wp\/v2\/types\/product"}],"replies":[{"embeddable":true,"href":"http:\/\/pc-direkthandel.de\/wordpress\/wp-json\/wp\/v2\/comments?post=7110"}],"wp:featuredmedia":[{"embeddable":true,"href":"http:\/\/pc-direkthandel.de\/wordpress\/wp-json\/wp\/v2\/media\/7109"}],"wp:attachment":[{"href":"http:\/\/pc-direkthandel.de\/wordpress\/wp-json\/wp\/v2\/media?parent=7110"}],"wp:term":[{"taxonomy":"product_cat","embeddable":true,"href":"http:\/\/pc-direkthandel.de\/wordpress\/wp-json\/wp\/v2\/product_cat?post=7110"},{"taxonomy":"product_tag","embeddable":true,"href":"http:\/\/pc-direkthandel.de\/wordpress\/wp-json\/wp\/v2\/product_tag?post=7110"}],"curies":[{"name":"wp","href":"https:\/\/api.w.org\/{rel}","templated":true}]}}