{"id":7101,"date":"2019-11-25T22:32:39","date_gmt":"2019-11-25T20:32:39","guid":{"rendered":"http:\/\/pc-direkthandel.de\/wordpress\/?post_type=product&#038;p=7101"},"modified":"2019-11-25T22:35:36","modified_gmt":"2019-11-25T20:35:36","slug":"asus-rog-g21cx-de004t","status":"publish","type":"product","link":"http:\/\/pc-direkthandel.de\/wordpress\/product\/asus-rog-g21cx-de004t\/","title":{"rendered":"ASUS ROG G21CX-DE004T"},"content":{"rendered":"<div class=\"formalpara\">\n<h2 class=\"title\">Ultimative Gaming-Power<\/h2>\n<div class=\"para\">Der Huracan G21CX ist trotz seiner Kompaktheit in jedem Detail auf erstklassige Performance ausgelegt. Sein aufklappbares Cover und das kompakte ROG-Design lassen die ultimative Power des Intel\u00ae Core\u2122 i7-9700K Prozessors und der NVIDIA\u00ae GeForce RTX\u2122 2070 Grafikkarte zur vollen Entfaltung kommen. Sein Upgrade-Design gibt dir die M\u00f6glichkeit, wichtige Komponenten zu aktualisieren. So genie\u00dft du immer die neuesten Games ohne Abstriche.<\/div>\n<\/div>\n<div class=\"formalpara\">\n<h2 class=\"title\">Klappe auf!<\/h2>\n<div class=\"para\">Gaming ohne Einschr\u00e4nkungen: Damit dein Rechner dauerhaft Bestleistung abliefern kann, punktet der Huracan G21CX mit einem innovativen Klapp-Cover, das es erm\u00f6glicht die Hardware noch besser zu k\u00fchlen. Dank 16 % h\u00f6herer Luftzufuhr und 15 % weniger Hitzeentwicklung bietet der Huracan G21CX auch bei langen Gaming Sessions volle Performance.<\/div>\n<\/div>\n<div class=\"formalpara\">\n<h2 class=\"title\">Volle Kraft auf kleinstem Raum<\/h2>\n<div class=\"para\">Maximale Power passt auch in eine platzsparende Verpackung. Dank seiner Verarbeitung und dem kompaktem ROG-Design kann der Huracan G21CX einen leistungsstarken Intel\u00ae Core\u2122 i7-Prozessor der 9. Generation und die fortschrittliche NVIDIA\u00ae GeForce RTX\u2122 2070 Grafikkarte auf kleinstem Raum vereinen.<\/div>\n<\/div>\n<div class=\"formalpara\">\n<h2 class=\"title\">F\u00fcr die Zukunft gewappnet<\/h2>\n<div class=\"para\">Mit dem Huracan G21CX lebst du im Jetzt. Trotzdem bist du auch f\u00fcr zuk\u00fcnftige Schlachten perfekt aufgestellt. Durch seine clever designte Seitenabdeckung l\u00e4sst er sich problemlos warten und aufr\u00fcsten. Ob die neueste Grafikkarte, mehr Speicher oder RAM \u2013 du bist ideal ger\u00fcstet, f\u00fcr alles, was noch kommt.<\/div>\n<\/div>\n<div class=\"formalpara\">\n<h2 class=\"title\">Farbe bekennen<\/h2>\n<div class=\"para\">Die Aura Sync-Beleuchtung reflektiert mit einer Palette von 16 Millionen Farben deinen Gaming-Stil. Mit der aufklappbaren Seitenwand kannst du das faszinierende Innere des Huracan G21CX spektakul\u00e4r in Szene setzten und ein Setup kreieren, dass zu dir passt. Mit einer unglaublichen 32-Bit\/384 kHz-Audiof\u00e4higkeit liefern der ESS\u00ae Sabre DAC und Verst\u00e4rker reichhaltiges Sounderlebnis. Es bietet mehr Details des Audiospektrums, ohne l\u00e4stige St\u00f6rger\u00e4usche. Lass deine Skills f\u00fcr dich sprechen!<\/div>\n<\/div>\n<p>\u25cf Gaming-Desktop mit Windows 10<\/p>\n<p>\u25cf Aufklappbares Cover f\u00fcr optimale Gaming-Performance<\/p>\n<p>\u25cf Kompaktes ROG-Design<\/p>\n<p>\u25cf Einfaches Aufr\u00fcsten durch direkten Zugriff auf wichtige Komponenten<\/p>\n<p>\u25cf Ultrastarke Power dank neuestem Intel\u00ae Core\u2122 i7-9700K Prozessor<\/p>\n<p>\u25cf Detailreiche Grafiken mit der NVIDIA\u00ae GeForce RTX\u2122 2070 mit 8 GB VRAM<\/p>\n<p>\u25cf 16 GB RAM f\u00fcr schnelles und effizientes Multitasking<\/p>\n<p>\u25cf 1 TB HDD plus 512 GB PCIe-NVMe M.2-SSD f\u00fcr schnelle Ladezeiten<\/p>\n<p>\u25cf Intelligentes K\u00fchlsystem f\u00fcr lange Gaming Sessions<\/p>\n<p>\u25cf Hochwertiges Audioerlebnis<\/p>\n<p>\u25cf Farbvielfalt dank Aura Sync: individuelle Beleuchtung f\u00fcr maximale Anpassung<\/p>\n","protected":false},"excerpt":{"rendered":"<p>Ultimative Gaming-Power Der Huracan G21CX ist trotz seiner Kompaktheit in jedem Detail auf erstklassige Performance ausgelegt. Sein aufklappbares Cover und das kompakte ROG-Design lassen die ultimative Power des Intel\u00ae Core\u2122 i7-9700K Prozessors und der NVIDIA\u00ae GeForce RTX\u2122 2070 Grafikkarte zur vollen Entfaltung kommen. Sein Upgrade-Design gibt dir die M\u00f6glichkeit, wichtige Komponenten zu aktualisieren. So genie\u00dft [&hellip;]<\/p>\n","protected":false},"featured_media":7102,"comment_status":"open","ping_status":"closed","template":"","meta":{"_acf_changed":false},"product_cat":[422],"product_tag":[],"acf":[],"jetpack_sharing_enabled":true,"_links":{"self":[{"href":"http:\/\/pc-direkthandel.de\/wordpress\/wp-json\/wp\/v2\/product\/7101"}],"collection":[{"href":"http:\/\/pc-direkthandel.de\/wordpress\/wp-json\/wp\/v2\/product"}],"about":[{"href":"http:\/\/pc-direkthandel.de\/wordpress\/wp-json\/wp\/v2\/types\/product"}],"replies":[{"embeddable":true,"href":"http:\/\/pc-direkthandel.de\/wordpress\/wp-json\/wp\/v2\/comments?post=7101"}],"wp:featuredmedia":[{"embeddable":true,"href":"http:\/\/pc-direkthandel.de\/wordpress\/wp-json\/wp\/v2\/media\/7102"}],"wp:attachment":[{"href":"http:\/\/pc-direkthandel.de\/wordpress\/wp-json\/wp\/v2\/media?parent=7101"}],"wp:term":[{"taxonomy":"product_cat","embeddable":true,"href":"http:\/\/pc-direkthandel.de\/wordpress\/wp-json\/wp\/v2\/product_cat?post=7101"},{"taxonomy":"product_tag","embeddable":true,"href":"http:\/\/pc-direkthandel.de\/wordpress\/wp-json\/wp\/v2\/product_tag?post=7101"}],"curies":[{"name":"wp","href":"https:\/\/api.w.org\/{rel}","templated":true}]}}