{"id":7100,"date":"2019-11-25T22:30:13","date_gmt":"2019-11-25T20:30:13","guid":{"rendered":"http:\/\/pc-direkthandel.de\/wordpress\/?post_type=product&#038;p=7100"},"modified":"2019-11-25T22:32:26","modified_gmt":"2019-11-25T20:32:26","slug":"asus-rog-gl10cs-de021t","status":"publish","type":"product","link":"http:\/\/pc-direkthandel.de\/wordpress\/product\/asus-rog-gl10cs-de021t\/","title":{"rendered":"ASUS ROG GL10CS-DE021T"},"content":{"rendered":"<div class=\"formalpara\">\n<h2 class=\"title\">Welcome to the Republic of Gamers<\/h2>\n<div class=\"para\">Der Strix GL10CS bringt dein Gaming Erlebnis auf das n\u00e4chste Level. Angetrieben durch einen leistungsstarken Intel\u00ae Core\u2122 i5 9400 Prozessor garantiert er ein lebendiges Spielgef\u00fchl. Die integrierte NVIDIA\u00ae GeForce GTX\u2122 1660 Ti Grafik liefert super scharfe Bilder ohne Tearing. Dabei sorgt das optimierte K\u00fchlsystem f\u00fcr lange Gaming Sessions und sein strapazierf\u00e4higes Geh\u00e4use l\u00e4sst sich dank Aura Sync Technologie individuell beleuchten. Gestalte seine markante Front in dem Look, der zu dir und deinem Gameplay passt.<\/div>\n<\/div>\n<div class=\"formalpara\">\n<h2 class=\"title\">Spiele wie ein Profi<\/h2>\n<div class=\"para\">Mit dem Intel\u00ae Core\u2122 i5 Prozessor der 9. Generation erh\u00e4ltst du ultrastarke Gaming Power, die einen reibungslosen Spielverlauf und sicheres Multitasking auch in anspruchsvollen Situationen gew\u00e4hrleistet. Die fortschrittliche NVIDIA\u00ae GeForce GTX\u2122 1660 Ti Grafik bietet dir dabei beeindruckende Gaming-Visualisierungen und fl\u00fcssige VR\u00ac Erlebnisse, ohne die Performance zu beeintr\u00e4chtigen.<\/div>\n<\/div>\n<div class=\"formalpara\">\n<h2 class=\"title\">Tauche ein in dein Spiel<\/h2>\n<div class=\"para\">Erschaffe genau das Setup, das du brauchst \u2013 mit der Farbvielfalt von AURA Sync. W\u00e4hle die Beleuchtung aus einem breiten Spektrum an Farben und Effekten, um deine Umgebung deinem pers\u00f6nlichen Gaming Style anzupassen.<\/div>\n<\/div>\n<div class=\"formalpara\">\n<h2 class=\"title\">Gepr\u00fcfte Qualit\u00e4t<\/h2>\n<div class=\"para\">Der Strix GL10CS h\u00e4lt auch \u00e4u\u00dferlichen Herausforderungen stand. Sein markantes Design ist extrem robust verarbeitet. Jedes Ger\u00e4t muss eine Reihe von harten Pr\u00fcfungen bestehen wie Temperatur-, Feuchtigkeit-, Aufprall- und Vibrationstests. Trotzdem bleibt er dank seines intelligenten Hightech-K\u00fchlsystems dauerhaft cool. Damit dich dein Strix GL10CS auch im schwersten Gefecht nicht im Stich l\u00e4sst.<\/div>\n<\/div>\n<div class=\"formalpara\">\n<h2 class=\"title\">Mit allen Sinnen erleben<\/h2>\n<div class=\"para\">Jeder Gamer wei\u00df, dass eine Entscheidung in Sekundenbruchteilen den Unterschied zwischen Sieg und Niederlage ausmachen kann. Spiele deinen Vorteil aus, den Gegner schon zu h\u00f6ren, bevor du ihn siehst dank immersiver Audioqualit\u00e4t. Der Strix GL10CS verf\u00fcgt \u00fcber die DTS Headphone:X\u2122 Technologie, um einen realistischen Surround Sound f\u00fcr ein beeindruckendes Klangerlebnis zu liefern<\/div>\n<\/div>\n<p>\u2022 Gaming Desktop mit Windows 10<\/p>\n<p>\u2022 Starke Gaming Power dank Intel\u00ae Core\u2122 i5 9400 Prozessor<\/p>\n<p>\u2022 Leistungsstarke NVIDIA\u00ae GeForce GTX\u2122 1660 Ti mit 4 \/6 GB VRAM<\/p>\n<p>\u2022 16 GB RAM f\u00fcr schnelles und effizientes Multitasking<\/p>\n<p>\u2022 1 TB HDD plus 256 GB PCIe NVMe M.2 SSD \/ 512 GB HDD f\u00fcr schnelle Ladezeiten<\/p>\n<p>\u2022 Intelligentes K\u00fchlsystem f\u00fcr lange Gaming Sessions<\/p>\n<p>\u2022 Extrem robuste und strapazierf\u00e4hige Verarbeitung<\/p>\n<p>\u2022 Hochwertiges Audioerlebnis mit Surround Sound Technologie<\/p>\n<p>\u2022 Farbvielfalt dank Aura Sync: individuelle Beleuchtung f\u00fcr maximale Anpassung<\/p>\n","protected":false},"excerpt":{"rendered":"<p>Welcome to the Republic of Gamers Der Strix GL10CS bringt dein Gaming Erlebnis auf das n\u00e4chste Level. Angetrieben durch einen leistungsstarken Intel\u00ae Core\u2122 i5 9400 Prozessor garantiert er ein lebendiges Spielgef\u00fchl. Die integrierte NVIDIA\u00ae GeForce GTX\u2122 1660 Ti Grafik liefert super scharfe Bilder ohne Tearing. Dabei sorgt das optimierte K\u00fchlsystem f\u00fcr lange Gaming Sessions und [&hellip;]<\/p>\n","protected":false},"featured_media":7092,"comment_status":"open","ping_status":"closed","template":"","meta":{"_acf_changed":false},"product_cat":[422],"product_tag":[],"acf":[],"jetpack_sharing_enabled":true,"_links":{"self":[{"href":"http:\/\/pc-direkthandel.de\/wordpress\/wp-json\/wp\/v2\/product\/7100"}],"collection":[{"href":"http:\/\/pc-direkthandel.de\/wordpress\/wp-json\/wp\/v2\/product"}],"about":[{"href":"http:\/\/pc-direkthandel.de\/wordpress\/wp-json\/wp\/v2\/types\/product"}],"replies":[{"embeddable":true,"href":"http:\/\/pc-direkthandel.de\/wordpress\/wp-json\/wp\/v2\/comments?post=7100"}],"wp:featuredmedia":[{"embeddable":true,"href":"http:\/\/pc-direkthandel.de\/wordpress\/wp-json\/wp\/v2\/media\/7092"}],"wp:attachment":[{"href":"http:\/\/pc-direkthandel.de\/wordpress\/wp-json\/wp\/v2\/media?parent=7100"}],"wp:term":[{"taxonomy":"product_cat","embeddable":true,"href":"http:\/\/pc-direkthandel.de\/wordpress\/wp-json\/wp\/v2\/product_cat?post=7100"},{"taxonomy":"product_tag","embeddable":true,"href":"http:\/\/pc-direkthandel.de\/wordpress\/wp-json\/wp\/v2\/product_tag?post=7100"}],"curies":[{"name":"wp","href":"https:\/\/api.w.org\/{rel}","templated":true}]}}