{"id":7096,"date":"2019-11-25T22:21:41","date_gmt":"2019-11-25T20:21:41","guid":{"rendered":"http:\/\/pc-direkthandel.de\/wordpress\/?post_type=product&#038;p=7096"},"modified":"2019-11-25T22:27:35","modified_gmt":"2019-11-25T20:27:35","slug":"asus-rog-gl12cx-de008t","status":"publish","type":"product","link":"http:\/\/pc-direkthandel.de\/wordpress\/product\/asus-rog-gl12cx-de008t\/","title":{"rendered":"ASUS ROG GL12CX-DE008T"},"content":{"rendered":"<div class=\"formalpara\">\n<h2 class=\"title\">F\u00fcr Sieger gemacht<\/h2>\n<div class=\"para\">Im Strix GL12CX kommt die ganze ROG eSport- und Gaming-Erfahrung zusammen. Ob Turnierspieler oder ambitionierter Gamer \u2013 der GL12CX ist die Top-Wahl f\u00fcr anspruchsvolle User, die ein funktionales, perfekt abgestimmtes System suchen. Mit seinem stylisch beleuchteten 27-Liter-Geh\u00e4use und dem Hot-Swap SSD-Schacht ist der GL12CX transportabel und flexibel genug, um zu Gaming-Events mitgenommen zu werden oder um on-the-fly den Speicher zu wechseln. Ausgestattet mit Intel i9 Octa-Core Prozessor, NVIDIA GeForce RTX 2080 Grafik, Speicher und HyperStream-Cooling mit CPU-Wasserk\u00fchlung \u00fcbertrifft der ROG Strix GL12CX spielend selbst h\u00f6chste Leistungsanspr\u00fcche.<\/div>\n<\/div>\n<div class=\"formalpara\">\n<h2 class=\"title\">NVIDIA Geforce RTX 2080 Grafik<\/h2>\n<div class=\"para\">Die RTX 2080 basiert auf NVIDIAs brandneuer Turing-GPU-Architektur, die mit KI-Funktionen, programmierbaren Shading-Technologien und Echtzeit-Raytracing ultrarealistische Grafikdarstellung erm\u00f6glicht. Einfach den ROG Strix GL12CX starten und eine Gaming-Performance wie nie zuvor erleben.<\/div>\n<\/div>\n<div class=\"formalpara\">\n<h2 class=\"title\">\u00dcbertakteter Hexa-Core Prozessor<\/h2>\n<div class=\"para\">Der Intel Core i9-9900K ist werkseitig auf 5 GHz \u00fcbertaktet. Im Zusammenspiel mit dem effizienten DDR4-2666 RAM und dem gro\u00dfen Speicher (1 TB M.2 PCIe NVMe SSD) meistert der ROG Strix GL12CX jede anstehende Herausforderung rasend schnell.<\/div>\n<\/div>\n<div class=\"formalpara\">\n<h2 class=\"title\">HyperStream-Cooling mit CPU-Wasserk\u00fchlung<\/h2>\n<div class=\"para\">Das HyperStream-Thermaldesign des ROG Strix GL12CX sorgt mit integrierter Wasserk\u00fchlung, zwei isolierten, separierten Luftkammern, kr\u00e4ftigen L\u00fcftern und optimiertem Airflow f\u00fcr eine gezielte und damit besonders effektive K\u00fchlung von CPU, GPU, Netzteil und Speicher.<\/div>\n<\/div>\n<div class=\"formalpara\">\n<h2 class=\"title\">Hot-Swap SSD-Wechsel f\u00fcr eSportler<\/h2>\n<div class=\"para\">ambitionierter Gamer \u2013 der GL12CX ist die Top-Wahl f\u00fcr anspruchsvolle User, die ein funktionales, perfekt abgestimmtes System suchen. Mit seinem stylisch beleuchteten 27-Liter-Geh\u00e4use und dem Hot-Swap SSD-Schacht ist der GL12CX transportabel und flexibel genug, um zu Gaming-Events mitgenommen zu werden oder um on-the-fly den Speicher zu wechseln. Ausgestattet mit Intel i9 Octa-Core Prozessor, NVIDIA GeForce RTX 2080 Grafik, Speicher und HyperStream-Cooling mit CPU-Wasserk\u00fchlung \u00fcbertrifft der ROG Strix GL12CX spielend selbst h\u00f6chste Leistungsanspr\u00fcche.<\/div>\n<\/div>\n<div class=\"formalpara\">\n<h2 class=\"title\">NVIDIA Geforce RTX 2080 Grafik<\/h2>\n<div class=\"para\">Die RTX 2080 basiert auf NVIDIAs brandneuer Turing-GPU-Architektur, die mit KI-Funktionen, programmierbaren Shading-Technologien und Echtzeit-Raytracing ultrarealistische Grafikdarstellung erm\u00f6glicht. Einfach den ROG Strix GL12CX starten und eine Gaming-Performance wie nie zuvor erleben.<\/div>\n<\/div>\n<div class=\"formalpara\">\n<h2 class=\"title\">Noch mehr Spielr\u00e4ume<\/h2>\n<div class=\"para\">Der ROG Strix GL12CX ist leicht zu warten und bietet zahlreiche M\u00f6glichkeiten f\u00fcr individuelle Hardware-Upgrades \u2013 von zus\u00e4tzlichen L\u00fcftern bis hin zu weiteren Festplatten.<\/div>\n<\/div>\n<div class=\"formalpara\">\n<h2 class=\"title\">Showtime mit Aura Sync<\/h2>\n<div class=\"para\">Ein gro\u00dfes seitliches Sichtfenster erlaubt beim ROG Strix GL12CX den Blick ins \u00e4u\u00dferst beeindruckende Innere. Mittels Aura Sync lassen sich Hardwarekomponenten \u2013 vom Mainboard bis zur Grafikkarte \u2013 und Geh\u00e4usedetails nach Wunsch perfekt in Szene setzen. In Millionen Farben, mit unterschiedlichen Effekten und optimal synchronisiert mit anderer ROG Hardware.<\/div>\n<\/div>\n","protected":false},"excerpt":{"rendered":"<p>F\u00fcr Sieger gemacht Im Strix GL12CX kommt die ganze ROG eSport- und Gaming-Erfahrung zusammen. Ob Turnierspieler oder ambitionierter Gamer \u2013 der GL12CX ist die Top-Wahl f\u00fcr anspruchsvolle User, die ein funktionales, perfekt abgestimmtes System suchen. Mit seinem stylisch beleuchteten 27-Liter-Geh\u00e4use und dem Hot-Swap SSD-Schacht ist der GL12CX transportabel und flexibel genug, um zu Gaming-Events mitgenommen [&hellip;]<\/p>\n","protected":false},"featured_media":7098,"comment_status":"open","ping_status":"closed","template":"","meta":{"_acf_changed":false},"product_cat":[422],"product_tag":[],"acf":[],"jetpack_sharing_enabled":true,"_links":{"self":[{"href":"http:\/\/pc-direkthandel.de\/wordpress\/wp-json\/wp\/v2\/product\/7096"}],"collection":[{"href":"http:\/\/pc-direkthandel.de\/wordpress\/wp-json\/wp\/v2\/product"}],"about":[{"href":"http:\/\/pc-direkthandel.de\/wordpress\/wp-json\/wp\/v2\/types\/product"}],"replies":[{"embeddable":true,"href":"http:\/\/pc-direkthandel.de\/wordpress\/wp-json\/wp\/v2\/comments?post=7096"}],"wp:featuredmedia":[{"embeddable":true,"href":"http:\/\/pc-direkthandel.de\/wordpress\/wp-json\/wp\/v2\/media\/7098"}],"wp:attachment":[{"href":"http:\/\/pc-direkthandel.de\/wordpress\/wp-json\/wp\/v2\/media?parent=7096"}],"wp:term":[{"taxonomy":"product_cat","embeddable":true,"href":"http:\/\/pc-direkthandel.de\/wordpress\/wp-json\/wp\/v2\/product_cat?post=7096"},{"taxonomy":"product_tag","embeddable":true,"href":"http:\/\/pc-direkthandel.de\/wordpress\/wp-json\/wp\/v2\/product_tag?post=7096"}],"curies":[{"name":"wp","href":"https:\/\/api.w.org\/{rel}","templated":true}]}}