{"id":7091,"date":"2019-11-25T21:09:54","date_gmt":"2019-11-25T19:09:54","guid":{"rendered":"http:\/\/pc-direkthandel.de\/wordpress\/?post_type=product&#038;p=7091"},"modified":"2019-11-25T22:21:21","modified_gmt":"2019-11-25T20:21:21","slug":"asus-rog-gl10cs-de018t","status":"publish","type":"product","link":"http:\/\/pc-direkthandel.de\/wordpress\/product\/asus-rog-gl10cs-de018t\/","title":{"rendered":"ASUS ROG GL10CS-DE018T"},"content":{"rendered":"<div class=\"formalpara\">\n<h2 class=\"title\">Welcome to the Republic of Gamers<\/h2>\n<div class=\"para\">Der Strix GL10CS bringt dein Gaming Erlebnis auf das n\u00e4chste Level. Angetrieben durch einen leistungsstarken Intel\u00ae Core\u2122 i7 9700K Prozessor garantiert er ein fesselndes Spiel Feeling. Die integrierte NVIDIA\u00ae GeForce RTX\u2122 2060 Grafik liefert super scharfe Bilder ohne Ruckler. Dabei sorgt das optimierte K\u00fchlsystem f\u00fcr lange Gaming Sessions. Dank Aura Sync Technologie kannst du die transparente Seitenwand individuell von innen beleuchten. Bei so viel Power unter der Haube \u2013 warum nicht zeigen, was man hat?<\/div>\n<\/div>\n<div class=\"formalpara\">\n<h2 class=\"title\">Spiele wie ein Profi<\/h2>\n<div class=\"para\">Mit dem neuesten Intel\u00ae Core\u2122 i7 Prozessor der 9. Generation erh\u00e4ltst du die volle Prozessor Power: ultraschnelle Leistung auch bei anspruchsvollem Multitasking wie Gaming Livestreams. Genie\u00dfe dabei h\u00f6chstes Grafikniveau dank der NVIDIA\u00ae GeForce RTX\u2122 2060 Grafikkarte. Detailreiche Farbdarstellung, mitrei\u00dfende Gaming-Visualisierung und fl\u00fcssige VR Erlebnisse geben dir das Gef\u00fchl, mitten im Geschehen zu sein.<\/div>\n<\/div>\n<div class=\"formalpara\">\n<h2 class=\"title\">Tauche ein in dein Spiel<\/h2>\n<div class=\"para\">Erschaffe genau das Setup, das du brauchst \u2013 mit der Farbvielfalt von AURA Sync. W\u00e4hle die Beleuchtung individuell aus, um deine Umgebung deinem pers\u00f6nlichen Gaming Style anzupassen. Dabei erm\u00f6glicht dir die transparente Seitenwand das faszinierende Innenleben des Strix GL10CS in das richtige Licht zu setzen.<\/div>\n<\/div>\n<div class=\"formalpara\">\n<h2 class=\"title\">Gepr\u00fcfte Qualit\u00e4t<\/h2>\n<div class=\"para\">Der Strix GL10CS h\u00e4lt auch \u00e4u\u00dferlichen Herausforderungen stand. Sein markantes Design ist extrem robust verarbeitet. Jedes Ger\u00e4t muss eine Reihe von harten Pr\u00fcfungen bestehen wie Temperatur-, Feuchtigkeit-, Aufprall- und Vibrationstests. Trotzdem bleibt er dank seines intelligenten Hightech-K\u00fchlsystems dauerhaft cool. Damit dich dein Strix GL10CS auch im schwersten Gefecht nicht im Stich l\u00e4sst.<\/div>\n<\/div>\n<div class=\"formalpara\">\n<h2 class=\"title\">Mit allen Sinnen erleben<\/h2>\n<div class=\"para\">Jeder Gamer wei\u00df, dass eine Entscheidung in Sekundenbruchteilen den Unterschied zwischen Sieg und Niederlage ausmachen kann. Spiele deinen Vorteil aus, den Gegner schon zu h\u00f6ren, bevor du ihn siehst dank immersiver Audioqualit\u00e4t. Der Strix GL10CS verf\u00fcgt \u00fcber die DTS Headphone:X\u2122 Technologie, um einen realistischen Surround Sound f\u00fcr ein beeindruckendes Klangerlebnis zu liefern.<\/div>\n<\/div>\n<p>\u2022 Gaming Desktop mit Windows 10<\/p>\n<p>\u2022 Ultrastarke Gaming Power dank neuestem Intel\u00ae Core\u2122 i7 9700K Prozessor<\/p>\n<p>\u2022 Detailreiche Grafiken mit der NVIDIA\u00ae GeForce RTX\u2122 2060 mit 6 GB VRAM<\/p>\n<p>\u2022 16 GB RAM f\u00fcr schnelles und effizientes Multitasking<\/p>\n<p>\u2022 1 TB HDD plus 512 GB PCIe NVMe M.2 SSD f\u00fcr schnelle Ladezeiten<\/p>\n<p>\u2022 Intelligentes K\u00fchlsystem f\u00fcr lange Gaming Sessions<\/p>\n<p>\u2022 Extrem robuste und strapazierf\u00e4hige Verarbeitung<\/p>\n<p>\u2022 Hochwertiges Audioerlebnis mit Surround Sound Technologie<\/p>\n<p>\u2022 Farbvielfalt dank Aura Sync: individuelle Beleuchtung f\u00fcr maximale Anpassung<\/p>\n<p>\u2022 Transparente Seitenwand mit Beleuchtungsfunktion<\/p>\n","protected":false},"excerpt":{"rendered":"<p>Welcome to the Republic of Gamers Der Strix GL10CS bringt dein Gaming Erlebnis auf das n\u00e4chste Level. Angetrieben durch einen leistungsstarken Intel\u00ae Core\u2122 i7 9700K Prozessor garantiert er ein fesselndes Spiel Feeling. Die integrierte NVIDIA\u00ae GeForce RTX\u2122 2060 Grafik liefert super scharfe Bilder ohne Ruckler. Dabei sorgt das optimierte K\u00fchlsystem f\u00fcr lange Gaming Sessions. Dank [&hellip;]<\/p>\n","protected":false},"featured_media":7092,"comment_status":"open","ping_status":"closed","template":"","meta":{"_acf_changed":false},"product_cat":[422],"product_tag":[],"acf":[],"jetpack_sharing_enabled":true,"_links":{"self":[{"href":"http:\/\/pc-direkthandel.de\/wordpress\/wp-json\/wp\/v2\/product\/7091"}],"collection":[{"href":"http:\/\/pc-direkthandel.de\/wordpress\/wp-json\/wp\/v2\/product"}],"about":[{"href":"http:\/\/pc-direkthandel.de\/wordpress\/wp-json\/wp\/v2\/types\/product"}],"replies":[{"embeddable":true,"href":"http:\/\/pc-direkthandel.de\/wordpress\/wp-json\/wp\/v2\/comments?post=7091"}],"wp:featuredmedia":[{"embeddable":true,"href":"http:\/\/pc-direkthandel.de\/wordpress\/wp-json\/wp\/v2\/media\/7092"}],"wp:attachment":[{"href":"http:\/\/pc-direkthandel.de\/wordpress\/wp-json\/wp\/v2\/media?parent=7091"}],"wp:term":[{"taxonomy":"product_cat","embeddable":true,"href":"http:\/\/pc-direkthandel.de\/wordpress\/wp-json\/wp\/v2\/product_cat?post=7091"},{"taxonomy":"product_tag","embeddable":true,"href":"http:\/\/pc-direkthandel.de\/wordpress\/wp-json\/wp\/v2\/product_tag?post=7091"}],"curies":[{"name":"wp","href":"https:\/\/api.w.org\/{rel}","templated":true}]}}