{"id":7087,"date":"2019-11-25T20:58:54","date_gmt":"2019-11-25T18:58:54","guid":{"rendered":"http:\/\/pc-direkthandel.de\/wordpress\/?post_type=product&#038;p=7087"},"modified":"2019-11-25T21:00:07","modified_gmt":"2019-11-25T19:00:07","slug":"intel-xeon-e5-2680v4","status":"publish","type":"product","link":"http:\/\/pc-direkthandel.de\/wordpress\/product\/intel-xeon-e5-2680v4\/","title":{"rendered":"Intel Xeon E5-2680v4"},"content":{"rendered":"<div class=\"boxContentWrapper\">\n<div class=\"row\">\n<div class=\"descriptionText col-lg-12 col-xs-12\">\n<div class=\"article\">\n<p>Die leistungsstarke neue Produktfamilie der Intel\u00ae Xeon\u00ae E5-2600-v4-Prozessoren bietet Vielseitigkeit f\u00fcr verschiedenste Workloads. Diese Prozessoren sind f\u00fcr die Architektur von Rechenzentren der n\u00e4chsten Generation ausgelegt, die auf softwaredefinierter Infrastruktur basieren und \u00fcberragende Eigenschaften in puncto Effizienz, Leistung und agiler Bereitstellung von Diensten \u00fcber native Cloud- und traditionelle Anwendungen bieten. Sie eignen sich f\u00fcr verschiedenste Workloads, von der Cloud, \u00fcber High-Performance-Computing und Netzwerke bis hin zu Datenspeicher.<\/p>\n<p><strong>Leistung<\/strong><\/p>\n<p>Die auf der 14-nm-Prozesstechnik basierenden Intel\u00ae Xeon\u00ae E5-v4-Prozessoren bieten mit bis zu 22 Kernen\/44 Threads und 55 MB Last-Level-Cache (LLC) pro Sockel verbesserte Leistungsmerkmale und liefern mit den Intel\u00ae Transactional Synchronization Extensions (Intel\u00ae TSX) mehr Leistung f\u00fcr parallele Anwendungen.<\/p>\n<p><strong>Optimierte Orchestrierung<\/strong><\/p>\n<p>Mit der Intel\u00ae Resource-Director-Technik (Intel\u00ae RDT) &#8211; die \u00fcber die Cache-Monitoring- und Cache-Allocation-Technik, Code and Data Prioritization und Memory Bandwidth Monitoring verf\u00fcgt &#8211; lassen sich gemeinsam genutzte Ressourcen wirksamer dynamisch verwalten und die Ressourcennutzung steigern.<\/p>\n<p><strong>Verbesserte Sicherheit<\/strong><\/p>\n<p>Dank beschleunigter kryptografischer Leistung lassen sich verschl\u00fcsselte Daten schnell \u00fcber sichere Verbindungen \u00fcbertragen. Zudem helfen verbesserte Sicherheitsschl\u00fcssel den Netzwerkzugang zu sch\u00fctzen und bieten tiefergreifenden Plattformschutz.<\/p>\n<p>Der Intel Xeon E5-2xxx V4 wird als Boxed-Version ausgeliefert. Neben der CPU erhalten Sie hier einen einfach Prozessork\u00fchler samt aufgetragener W\u00e4rmeleitpaste sowie Anleitungen. So haben Sie alle n\u00f6tigen Teile greifbar um schnell und einfach einen Computer zusammenzubauen.<\/p>\n<\/div>\n<\/div>\n<\/div>\n<\/div>\n","protected":false},"excerpt":{"rendered":"<p>Die leistungsstarke neue Produktfamilie der Intel\u00ae Xeon\u00ae E5-2600-v4-Prozessoren bietet Vielseitigkeit f\u00fcr verschiedenste Workloads. Diese Prozessoren sind f\u00fcr die Architektur von Rechenzentren der n\u00e4chsten Generation ausgelegt, die auf softwaredefinierter Infrastruktur basieren und \u00fcberragende Eigenschaften in puncto Effizienz, Leistung und agiler Bereitstellung von Diensten \u00fcber native Cloud- und traditionelle Anwendungen bieten. Sie eignen sich f\u00fcr verschiedenste Workloads, [&hellip;]<\/p>\n","protected":false},"featured_media":7005,"comment_status":"open","ping_status":"closed","template":"","meta":{"_acf_changed":false},"product_cat":[421],"product_tag":[],"acf":[],"jetpack_sharing_enabled":true,"_links":{"self":[{"href":"http:\/\/pc-direkthandel.de\/wordpress\/wp-json\/wp\/v2\/product\/7087"}],"collection":[{"href":"http:\/\/pc-direkthandel.de\/wordpress\/wp-json\/wp\/v2\/product"}],"about":[{"href":"http:\/\/pc-direkthandel.de\/wordpress\/wp-json\/wp\/v2\/types\/product"}],"replies":[{"embeddable":true,"href":"http:\/\/pc-direkthandel.de\/wordpress\/wp-json\/wp\/v2\/comments?post=7087"}],"wp:featuredmedia":[{"embeddable":true,"href":"http:\/\/pc-direkthandel.de\/wordpress\/wp-json\/wp\/v2\/media\/7005"}],"wp:attachment":[{"href":"http:\/\/pc-direkthandel.de\/wordpress\/wp-json\/wp\/v2\/media?parent=7087"}],"wp:term":[{"taxonomy":"product_cat","embeddable":true,"href":"http:\/\/pc-direkthandel.de\/wordpress\/wp-json\/wp\/v2\/product_cat?post=7087"},{"taxonomy":"product_tag","embeddable":true,"href":"http:\/\/pc-direkthandel.de\/wordpress\/wp-json\/wp\/v2\/product_tag?post=7087"}],"curies":[{"name":"wp","href":"https:\/\/api.w.org\/{rel}","templated":true}]}}