{"id":7083,"date":"2019-11-25T20:48:20","date_gmt":"2019-11-25T18:48:20","guid":{"rendered":"http:\/\/pc-direkthandel.de\/wordpress\/?post_type=product&#038;p=7083"},"modified":"2019-11-25T20:50:46","modified_gmt":"2019-11-25T18:50:46","slug":"intel-core-i9-9980xe-extreme","status":"publish","type":"product","link":"http:\/\/pc-direkthandel.de\/wordpress\/product\/intel-core-i9-9980xe-extreme\/","title":{"rendered":"Intel Core i9-9980XE Extreme"},"content":{"rendered":"<div class=\"boxContentWrapper\">\n<div class=\"row\">\n<div class=\"descriptionText col-lg-12 col-xs-12\">\n<div class=\"article\">\n<div class=\"boxContentWrapper\">\n<div class=\"row\">\n<div class=\"descriptionText col-lg-12 col-xs-12\">\n<div class=\"article\">\n<p>Das Zeitalter einer neuen Reihe extremer Desktop-Prozessoren hat begonnen und er\u00f6ffnet Ihnen ungeahnte M\u00f6glichkeiten. Der mit satten 18 Kernen und 36 Threads ausgestattete Prozessor erm\u00f6glicht extreme Single-Thread-Leistung mit der Intel Turbo-Boost-Max-Technik 3.0. Diese Technologie ermittelt jetzt die beiden Kerne mit der besten Leistung und stellt somit eine erh\u00f6hte Ein- und Zweikernleistung sicher. Die neue Extreme Edition wartet mit 44 PCIe-Lanes und Unterst\u00fctzung von mehreren separaten Grafikkarten, Thunderbolt Technologie und schneller Speicherung wie Intel Optane Technologie auf. Und nat\u00fcrlich bietet sie mit freiem Multiplikator1 extreme Power.<\/p>\n<p><span class=\"bold\"><strong>Spielen wie ein Profi<\/strong><\/span><\/p>\n<p>Die neue Prozessorgeneration sorgt f\u00fcr ein fantastisches Gaming-Erlebnis, denn mit einem Intel\u00ae Core\u2122 Prozessor der achten Generation lassen sich beliebte 3D-Games mit besserer Aufl\u00f6sung, mehr Details und h\u00f6herer Bildfrequenz spielen.<\/p>\n<p><span class=\"bold\"><strong>Windows\u00ae 10 funktioniert am besten mit Intel\u00ae Core\u2122 Prozessoren der neunten Generation.<\/strong><\/span><\/p>\n<p>Mit Windows Hello* sparen Sie Zeit, da Sie sich ganz unkompliziert mit Ihrem Gesicht und einem L\u00e4cheln einloggen k\u00f6nnen. Zudem k\u00f6nnen Sie mit einer einfachen Fingerber\u00fchrung und einen Eingabestift Notizen machen oder Anmerkungen schreiben. F\u00fcr flexibles Gaming lassen sich Xbox*-Spiele ab nun zum PC streamen. Und mit Cortana* erhalten Sie eine neue virtuelle Assistentin&#8230; und beste Freundin.<\/p>\n<p><span class=\"bold\"><strong>Rasante Reaktionsschnelligkeit<\/strong><\/span><\/p>\n<p>Mit den neuen Intel\u00ae Core\u2122 Prozessoren verarbeitet Ihr PC jede Anfrage schnell und nahtlos \u2013 der PC ist in 0,5 Sekunden aktiviert, und dank der Intel\u00ae Speed Shift-Technik k\u00f6nnen Sie schnell zwischen Anwendungen und Webseiten wechseln.<\/p>\n<\/div>\n<\/div>\n<\/div>\n<\/div>\n<\/div>\n<\/div>\n<\/div>\n<\/div>\n","protected":false},"excerpt":{"rendered":"<p>Das Zeitalter einer neuen Reihe extremer Desktop-Prozessoren hat begonnen und er\u00f6ffnet Ihnen ungeahnte M\u00f6glichkeiten. Der mit satten 18 Kernen und 36 Threads ausgestattete Prozessor erm\u00f6glicht extreme Single-Thread-Leistung mit der Intel Turbo-Boost-Max-Technik 3.0. Diese Technologie ermittelt jetzt die beiden Kerne mit der besten Leistung und stellt somit eine erh\u00f6hte Ein- und Zweikernleistung sicher. Die neue Extreme [&hellip;]<\/p>\n","protected":false},"featured_media":7084,"comment_status":"open","ping_status":"closed","template":"","meta":{"_acf_changed":false},"product_cat":[421],"product_tag":[],"acf":[],"jetpack_sharing_enabled":true,"_links":{"self":[{"href":"http:\/\/pc-direkthandel.de\/wordpress\/wp-json\/wp\/v2\/product\/7083"}],"collection":[{"href":"http:\/\/pc-direkthandel.de\/wordpress\/wp-json\/wp\/v2\/product"}],"about":[{"href":"http:\/\/pc-direkthandel.de\/wordpress\/wp-json\/wp\/v2\/types\/product"}],"replies":[{"embeddable":true,"href":"http:\/\/pc-direkthandel.de\/wordpress\/wp-json\/wp\/v2\/comments?post=7083"}],"wp:featuredmedia":[{"embeddable":true,"href":"http:\/\/pc-direkthandel.de\/wordpress\/wp-json\/wp\/v2\/media\/7084"}],"wp:attachment":[{"href":"http:\/\/pc-direkthandel.de\/wordpress\/wp-json\/wp\/v2\/media?parent=7083"}],"wp:term":[{"taxonomy":"product_cat","embeddable":true,"href":"http:\/\/pc-direkthandel.de\/wordpress\/wp-json\/wp\/v2\/product_cat?post=7083"},{"taxonomy":"product_tag","embeddable":true,"href":"http:\/\/pc-direkthandel.de\/wordpress\/wp-json\/wp\/v2\/product_tag?post=7083"}],"curies":[{"name":"wp","href":"https:\/\/api.w.org\/{rel}","templated":true}]}}