{"id":7080,"date":"2019-11-25T20:41:56","date_gmt":"2019-11-25T18:41:56","guid":{"rendered":"http:\/\/pc-direkthandel.de\/wordpress\/?post_type=product&#038;p=7080"},"modified":"2019-11-25T20:44:01","modified_gmt":"2019-11-25T18:44:01","slug":"intel-core-i9-7940x","status":"publish","type":"product","link":"http:\/\/pc-direkthandel.de\/wordpress\/product\/intel-core-i9-7940x\/","title":{"rendered":"Intel Core i9-7940X"},"content":{"rendered":"<div class=\"boxContentWrapper\">\n<div class=\"row\">\n<div class=\"descriptionText col-lg-12 col-xs-12\">\n<div class=\"article\">\n<div class=\"boxContentWrapper\">\n<div class=\"row\">\n<div class=\"descriptionText col-lg-12 col-xs-12\">\n<div class=\"article\">\n<div class=\"boxContentWrapper\">\n<div class=\"row\">\n<div class=\"descriptionText col-lg-12 col-xs-12\">\n<div class=\"article\">\n<p><span class=\"bold\"><strong>Die neuen Skylake-X Modelle mit noch mehr Leistung<\/strong><\/span><\/p>\n<p><span class=\"bold\"><strong>Maximale Leistung <\/strong><\/span><\/p>\n<p>Ganz egal, ob Sie an Ihrem neuesten Spielfilm oder der n\u00e4chsten Episode Ihrer YouTube*-Serie arbeiten: Mit den Intel\u00ae Core\u2122 X Prozessoren wird die Leistung an Ihre Anforderungen angepasst, indem die beiden schnellsten Kerne mit einer h\u00f6heren Frequenz arbeiten und bis zu 18 Kerne verwendet werden, wenn extremes Megatasking erforderlich ist. Erleben Sie extreme Leistung, immersive 4K-Grafik, Hochgeschwindigkeitsdaten- und Arbeitsspeicher sowie den neuesten technischen Fortschritt \u2013 alles darauf ausgelegt, Ihre Prozesse von der Planung bis hin zum fertigen Produkt in un\u00fcbertroffener Geschwindigkeit zu gestalten.<\/p>\n<p><span class=\"bold\"><strong>Steigern Sie Ihre Kreativit\u00e4t <\/strong><\/span><\/p>\n<p>Mehr Produktivit\u00e4t, weniger Wartezeiten. Die Intel\u00ae Core X Prozessoren schaffen Ihre anspruchsvollsten Workloads. Laden Sie Ihre 360-Grad-Videos schnell hoch, bearbeiten Sie sie und erleben Sie Videos in der VR \u2013 alles in atemberaubendem 4K. Die Dinge, die Sie auf Ihrem neuen Computer erstellen k\u00f6nnen, kennen keine Grenzen.<\/p>\n<p><span class=\"bold\"><strong>Mega-Task wird extrem <\/strong><\/span><\/p>\n<p>F\u00fcr Ihre anspruchsvolle Arbeit brauchen Sie die reaktionsschnellste Technik, um mehrere CPU-intensive Aufgaben gleichzeitig auszuf\u00fchren. Mit einem Intel\u00ae Core X Prozessor k\u00f6nnen Sie gleichzeitig Videos bearbeiten, 3D-Effekte rendern und den zugeh\u00f6rigen Soundtrack komponieren, ohne dass die Leistung Ihres Computers beeintr\u00e4chtigt wird.<\/p>\n<p><span class=\"bold\"><strong>Unbesorgt \u00fcbertakten <\/strong><\/span><\/p>\n<p>Die Intel\u00ae Core\u2122 X Prozessoren bieten dank freiem Multiplikator zus\u00e4tzliche Reserven. Zu denen neuen Funktionen geh\u00f6ren die M\u00f6glichkeit, jeden Kern einzeln zu \u00fcbertakten, die Kontrolle des AVX-Verh\u00e4ltnisses f\u00fcr mehr Stabilit\u00e4t und ein VccU-Spannungsregler f\u00fcr extreme Szenarien. In Verbindung mit Tools wie Intels Extreme Tuning Utility (Intel\u00ae XTU) und Extreme Memory Profile (Intel\u00ae XMP) erhalten Sie ein leistungsstarkes Rig mit maximalem Leistungsverhalten<\/p>\n<p><span class=\"bold\"><strong>Intel\u00ae Smart Cache <\/strong><\/span><\/p>\n<p>Verbessern Sie die Effizienz mit der Intel\u00ae Smart-Cache-Technik. Alle Kerne haben jetzt Zugriff auf den gesamten Last-Level-Cache, wodurch Daten bereits vor der Anforderung abgerufen werden. Intel\u00ae Smart Cache verf\u00fcgt zudem \u00fcber eine neue Energiesparfunktion, mit der der Datenspeicher bedarfsweise oder bei Inaktivit\u00e4t dynamisch geleert wird. So wird sichergestellt, dass die Anwendungen Ihrem Anspruch gerecht werden.<\/p>\n<p><span class=\"bold\"><strong>Intel\u00ae Turbo Boost Max-Technik 3.0 <\/strong><\/span><\/p>\n<p>Erh\u00f6hen Sie die Verarbeitungsleistung Ihres Computers. Die Intel\u00ae Turbo-Boost-Max-Technik 3.0 ist auf Intel\u00ae Core X Prozessoren verf\u00fcgbar und erkennt die beiden schnellsten Kerne Ihres Prozessors und leitet die kritischsten Workloads dahin um2. Durch die verbesserte Single-Thread-Leistung holen Sie alles aus Ihrem Computer.<\/p>\n<\/div>\n<\/div>\n<\/div>\n<\/div>\n<\/div>\n<\/div>\n<\/div>\n<\/div>\n<\/div>\n<\/div>\n<\/div>\n<\/div>\n","protected":false},"excerpt":{"rendered":"<p>Die neuen Skylake-X Modelle mit noch mehr Leistung Maximale Leistung Ganz egal, ob Sie an Ihrem neuesten Spielfilm oder der n\u00e4chsten Episode Ihrer YouTube*-Serie arbeiten: Mit den Intel\u00ae Core\u2122 X Prozessoren wird die Leistung an Ihre Anforderungen angepasst, indem die beiden schnellsten Kerne mit einer h\u00f6heren Frequenz arbeiten und bis zu 18 Kerne verwendet werden, [&hellip;]<\/p>\n","protected":false},"featured_media":7032,"comment_status":"open","ping_status":"closed","template":"","meta":{"_acf_changed":false},"product_cat":[421],"product_tag":[],"acf":[],"jetpack_sharing_enabled":true,"_links":{"self":[{"href":"http:\/\/pc-direkthandel.de\/wordpress\/wp-json\/wp\/v2\/product\/7080"}],"collection":[{"href":"http:\/\/pc-direkthandel.de\/wordpress\/wp-json\/wp\/v2\/product"}],"about":[{"href":"http:\/\/pc-direkthandel.de\/wordpress\/wp-json\/wp\/v2\/types\/product"}],"replies":[{"embeddable":true,"href":"http:\/\/pc-direkthandel.de\/wordpress\/wp-json\/wp\/v2\/comments?post=7080"}],"wp:featuredmedia":[{"embeddable":true,"href":"http:\/\/pc-direkthandel.de\/wordpress\/wp-json\/wp\/v2\/media\/7032"}],"wp:attachment":[{"href":"http:\/\/pc-direkthandel.de\/wordpress\/wp-json\/wp\/v2\/media?parent=7080"}],"wp:term":[{"taxonomy":"product_cat","embeddable":true,"href":"http:\/\/pc-direkthandel.de\/wordpress\/wp-json\/wp\/v2\/product_cat?post=7080"},{"taxonomy":"product_tag","embeddable":true,"href":"http:\/\/pc-direkthandel.de\/wordpress\/wp-json\/wp\/v2\/product_tag?post=7080"}],"curies":[{"name":"wp","href":"https:\/\/api.w.org\/{rel}","templated":true}]}}