{"id":7064,"date":"2019-11-25T19:38:40","date_gmt":"2019-11-25T17:38:40","guid":{"rendered":"http:\/\/pc-direkthandel.de\/wordpress\/?post_type=product&#038;p=7064"},"modified":"2019-11-25T19:39:52","modified_gmt":"2019-11-25T17:39:52","slug":"intel-core-i5-9400f","status":"publish","type":"product","link":"http:\/\/pc-direkthandel.de\/wordpress\/product\/intel-core-i5-9400f\/","title":{"rendered":"Intel Core i5-9400F"},"content":{"rendered":"<div class=\"boxContentWrapper\">\n<div class=\"row\">\n<div class=\"descriptionText col-lg-12 col-xs-12\">\n<div class=\"article\">\n<div class=\"boxContentWrapper\">\n<div class=\"row\">\n<div class=\"descriptionText col-lg-12 col-xs-12\">\n<div class=\"article\">\n<div class=\"boxContentWrapper\">\n<div class=\"row\">\n<div class=\"descriptionText col-lg-12 col-xs-12\">\n<div class=\"article\">\n<div class=\"boxContentWrapper\">\n<div class=\"row\">\n<div class=\"descriptionText col-lg-12 col-xs-12\">\n<div class=\"article\">\n<div class=\"descriptionText col-lg-12 col-xs-12\">\n<div class=\"article\">\n<p><span class=\"bold\"><strong>Die NEUEN Intel\u00ae Core\u2122 Desktop-Prozessoren der 9. Generation sind die bislang leistungsst\u00e4rkste Generation in der Reihe der Intel\u00ae Core\u2122 Desktop-Prozessoren.<\/strong><\/span><\/p>\n<p>Die NEUEN Intel\u00ae Core\u2122 Desktop-Prozessoren der 9. Generation sind die bislang leistungsst\u00e4rkste Generation in der Reihe der Intel\u00ae Core\u2122 Desktop-Prozessoren. Mit dieser neuen Prozessorgeneration er\u00f6ffnen sich sowohl f\u00fcr Computerspieler, die auf ein fantastisches Gaming-Erlebnis mit ausreichendem Leistungsspielraum f\u00fcr fl\u00fcssiges Livestreaming und problemloses Aufzeichnen der Highlights Wert legen, als auch f\u00fcr Kreative, die gerne mehr verfassen, gestalten und mit anderen teilen und weniger Zeit mit dem Warten auf den Computer<\/p>\n<p>verbringen w\u00fcrden, v\u00f6llig neue Horizonte.<\/p>\n<p><span class=\"bold\"><strong>Kreativit\u00e4t ohne Grenzen<\/strong><\/span><\/p>\n<p>Entfalten Sie Ihr kreatives Potenzial mit der Computer-Power, die Sie sich f\u00fcr das Gestalten, Bearbeiten und den Austausch mit anderen w\u00fcnschen. Lassen Sie Ihrer Kreativit\u00e4t freien Lauf \u2013 der Intel\u00ae Core\u2122 Prozessor der 9. Generation rendert und codiert im Hintergrund, damit Sie nicht abgelenkt werden. Intel\u00ae Optane\u2122 Speicher beschleunigt das Laden der von Ihnen am meisten genutzten Anwendungen und verk\u00fcrzt das Warten zwischen Inspiration und Kreation auf ein Minimum.<\/p>\n<\/div>\n<\/div>\n<\/div>\n<\/div>\n<\/div>\n<\/div>\n<\/div>\n<\/div>\n<\/div>\n<\/div>\n<\/div>\n<\/div>\n<\/div>\n<\/div>\n<\/div>\n<\/div>\n<\/div>\n<\/div>\n","protected":false},"excerpt":{"rendered":"<p>Die NEUEN Intel\u00ae Core\u2122 Desktop-Prozessoren der 9. Generation sind die bislang leistungsst\u00e4rkste Generation in der Reihe der Intel\u00ae Core\u2122 Desktop-Prozessoren. Die NEUEN Intel\u00ae Core\u2122 Desktop-Prozessoren der 9. Generation sind die bislang leistungsst\u00e4rkste Generation in der Reihe der Intel\u00ae Core\u2122 Desktop-Prozessoren. Mit dieser neuen Prozessorgeneration er\u00f6ffnen sich sowohl f\u00fcr Computerspieler, die auf ein fantastisches Gaming-Erlebnis mit [&hellip;]<\/p>\n","protected":false},"featured_media":6991,"comment_status":"open","ping_status":"closed","template":"","meta":{"_acf_changed":false},"product_cat":[421],"product_tag":[],"acf":[],"jetpack_sharing_enabled":true,"_links":{"self":[{"href":"http:\/\/pc-direkthandel.de\/wordpress\/wp-json\/wp\/v2\/product\/7064"}],"collection":[{"href":"http:\/\/pc-direkthandel.de\/wordpress\/wp-json\/wp\/v2\/product"}],"about":[{"href":"http:\/\/pc-direkthandel.de\/wordpress\/wp-json\/wp\/v2\/types\/product"}],"replies":[{"embeddable":true,"href":"http:\/\/pc-direkthandel.de\/wordpress\/wp-json\/wp\/v2\/comments?post=7064"}],"wp:featuredmedia":[{"embeddable":true,"href":"http:\/\/pc-direkthandel.de\/wordpress\/wp-json\/wp\/v2\/media\/6991"}],"wp:attachment":[{"href":"http:\/\/pc-direkthandel.de\/wordpress\/wp-json\/wp\/v2\/media?parent=7064"}],"wp:term":[{"taxonomy":"product_cat","embeddable":true,"href":"http:\/\/pc-direkthandel.de\/wordpress\/wp-json\/wp\/v2\/product_cat?post=7064"},{"taxonomy":"product_tag","embeddable":true,"href":"http:\/\/pc-direkthandel.de\/wordpress\/wp-json\/wp\/v2\/product_tag?post=7064"}],"curies":[{"name":"wp","href":"https:\/\/api.w.org\/{rel}","templated":true}]}}