{"id":7057,"date":"2019-11-25T19:18:44","date_gmt":"2019-11-25T17:18:44","guid":{"rendered":"http:\/\/pc-direkthandel.de\/wordpress\/?post_type=product&#038;p=7057"},"modified":"2019-11-25T19:22:27","modified_gmt":"2019-11-25T17:22:27","slug":"intel-pentium-g4560","status":"publish","type":"product","link":"http:\/\/pc-direkthandel.de\/wordpress\/product\/intel-pentium-g4560\/","title":{"rendered":"Intel Pentium G4560"},"content":{"rendered":"<div class=\"boxContentWrapper\">\n<div class=\"row\">\n<div class=\"descriptionText col-lg-12 col-xs-12\">\n<div class=\"article\">\n<div class=\"boxContentWrapper\">\n<div class=\"row\">\n<div class=\"descriptionText col-lg-12 col-xs-12\">\n<div class=\"article\">\n<div class=\"boxContentWrapper\">\n<div class=\"row\">\n<div class=\"descriptionText col-lg-12 col-xs-12\">\n<div class=\"article\">\n<div class=\"boxContentWrapper\">\n<div class=\"row\">\n<div class=\"descriptionText col-lg-12 col-xs-12\">\n<div class=\"article\">\n<p><span class=\"bold\"><strong>\u00dcberragende Leistung f\u00fcr Arbeit, Freizeit und vieles mehr<\/strong><\/span><\/p>\n<p>G\u00f6nnen Sie sich mehr von allem, was Ihnen wichtig ist. Mit den neuesten Intel\u00ae Pentium\u00ae Prozessoren k\u00f6nnen Sie streamen, Inhalte teilen,shoppen, spielen, kreative Ideen umsetzen und Medien wiedergeben \u2013 gleichzeitig!<\/p>\n<p>Die <span class=\"bold\"><strong> Intel\u00ae Pentium\u00ae Prozessoren <\/strong><\/span>der n\u00e4chsten Generation er\u00f6ffnen Ihnen eine neue Dimension der Produktivit\u00e4t. Mit optimierter Leistung sorgen Sie in 2in1-Ger\u00e4ten, Notebooks, Tower-PCs, Desktop-PCs und All-in-One-PCs f\u00fcr mehr Geschwindigkeit. Entscheiden Sie sich f\u00fcr flachere, schlankere und kompaktere Designs mit Zuverl\u00e4ssigkeit, auf die Sie z\u00e4hlen k\u00f6nnen.<\/p>\n<p><span class=\"bold\"><strong>Features:<\/strong><\/span><\/p>\n<div class=\"itemizedlist\">\n<ul class=\"itemizedlist\">\n<li class=\"listitem\">Intel HD 610 Grafik<\/li>\n<li class=\"listitem\">DDR4-2400 Speichersupport<\/li>\n<li class=\"listitem\">Leistungsaufnahem 54 Watt<\/li>\n<li class=\"listitem\">2 Kerne\/ 4 Threads<\/li>\n<\/ul>\n<\/div>\n<\/div>\n<\/div>\n<\/div>\n<\/div>\n<\/div>\n<\/div>\n<\/div>\n<\/div>\n<\/div>\n<\/div>\n<\/div>\n<\/div>\n<\/div>\n<\/div>\n<\/div>\n<\/div>\n","protected":false},"excerpt":{"rendered":"<p>\u00dcberragende Leistung f\u00fcr Arbeit, Freizeit und vieles mehr G\u00f6nnen Sie sich mehr von allem, was Ihnen wichtig ist. Mit den neuesten Intel\u00ae Pentium\u00ae Prozessoren k\u00f6nnen Sie streamen, Inhalte teilen,shoppen, spielen, kreative Ideen umsetzen und Medien wiedergeben \u2013 gleichzeitig! Die Intel\u00ae Pentium\u00ae Prozessoren der n\u00e4chsten Generation er\u00f6ffnen Ihnen eine neue Dimension der Produktivit\u00e4t. Mit optimierter Leistung [&hellip;]<\/p>\n","protected":false},"featured_media":7058,"comment_status":"open","ping_status":"closed","template":"","meta":{"_acf_changed":false},"product_cat":[421],"product_tag":[],"acf":[],"jetpack_sharing_enabled":true,"_links":{"self":[{"href":"http:\/\/pc-direkthandel.de\/wordpress\/wp-json\/wp\/v2\/product\/7057"}],"collection":[{"href":"http:\/\/pc-direkthandel.de\/wordpress\/wp-json\/wp\/v2\/product"}],"about":[{"href":"http:\/\/pc-direkthandel.de\/wordpress\/wp-json\/wp\/v2\/types\/product"}],"replies":[{"embeddable":true,"href":"http:\/\/pc-direkthandel.de\/wordpress\/wp-json\/wp\/v2\/comments?post=7057"}],"wp:featuredmedia":[{"embeddable":true,"href":"http:\/\/pc-direkthandel.de\/wordpress\/wp-json\/wp\/v2\/media\/7058"}],"wp:attachment":[{"href":"http:\/\/pc-direkthandel.de\/wordpress\/wp-json\/wp\/v2\/media?parent=7057"}],"wp:term":[{"taxonomy":"product_cat","embeddable":true,"href":"http:\/\/pc-direkthandel.de\/wordpress\/wp-json\/wp\/v2\/product_cat?post=7057"},{"taxonomy":"product_tag","embeddable":true,"href":"http:\/\/pc-direkthandel.de\/wordpress\/wp-json\/wp\/v2\/product_tag?post=7057"}],"curies":[{"name":"wp","href":"https:\/\/api.w.org\/{rel}","templated":true}]}}