{"id":7055,"date":"2019-11-25T19:16:06","date_gmt":"2019-11-25T17:16:06","guid":{"rendered":"http:\/\/pc-direkthandel.de\/wordpress\/?post_type=product&#038;p=7055"},"modified":"2019-11-25T19:18:22","modified_gmt":"2019-11-25T17:18:22","slug":"intel-pentium-gold-g5400","status":"publish","type":"product","link":"http:\/\/pc-direkthandel.de\/wordpress\/product\/intel-pentium-gold-g5400\/","title":{"rendered":"Intel Pentium Gold G5400"},"content":{"rendered":"<div class=\"boxContentWrapper\">\n<div class=\"row\">\n<div class=\"descriptionText col-lg-12 col-xs-12\">\n<div class=\"article\">\n<div class=\"boxContentWrapper\">\n<div class=\"row\">\n<div class=\"descriptionText col-lg-12 col-xs-12\">\n<div class=\"article\">\n<div class=\"boxContentWrapper\">\n<div class=\"row\">\n<div class=\"descriptionText col-lg-12 col-xs-12\">\n<div class=\"article\">Die neue Generation der Intel\u00ae Pentium\u00ae Prozessoren bietet die Leistungsmerkmale, die Sie sich f\u00fcr die t\u00e4gliche Nutzung Ihres Computers w\u00fcnschen. Sie unterst\u00fctzt neben Touchscreens auch weitere moderne Funktionalit\u00e4t und sorgt mit der Intel\u00ae Ready-Mode-Technik daf\u00fcr, dass Ihr PC stets verbunden und f\u00fcr Sie bereit ist. Dank beeindruckender PC-Leistung k\u00f6nnen Sie m\u00fchelos multitasken oder mit Bekannten und Ihrer Familie kommunizieren, Unterhaltung genie\u00dfen und Ihre Arbeit erledigen. Mit einem Intel Pentium Prozessor erhalten Sie die beeindruckenden Leistungs- und Grafikmerkmale, die Sie von Intel erwarten.<\/div>\n<\/div>\n<\/div>\n<\/div>\n<\/div>\n<\/div>\n<\/div>\n<\/div>\n<\/div>\n<\/div>\n<\/div>\n<\/div>\n","protected":false},"excerpt":{"rendered":"<p>Die neue Generation der Intel\u00ae Pentium\u00ae Prozessoren bietet die Leistungsmerkmale, die Sie sich f\u00fcr die t\u00e4gliche Nutzung Ihres Computers w\u00fcnschen. Sie unterst\u00fctzt neben Touchscreens auch weitere moderne Funktionalit\u00e4t und sorgt mit der Intel\u00ae Ready-Mode-Technik daf\u00fcr, dass Ihr PC stets verbunden und f\u00fcr Sie bereit ist. Dank beeindruckender PC-Leistung k\u00f6nnen Sie m\u00fchelos multitasken oder mit Bekannten [&hellip;]<\/p>\n","protected":false},"featured_media":7056,"comment_status":"open","ping_status":"closed","template":"","meta":{"_acf_changed":false},"product_cat":[421],"product_tag":[],"acf":[],"jetpack_sharing_enabled":true,"_links":{"self":[{"href":"http:\/\/pc-direkthandel.de\/wordpress\/wp-json\/wp\/v2\/product\/7055"}],"collection":[{"href":"http:\/\/pc-direkthandel.de\/wordpress\/wp-json\/wp\/v2\/product"}],"about":[{"href":"http:\/\/pc-direkthandel.de\/wordpress\/wp-json\/wp\/v2\/types\/product"}],"replies":[{"embeddable":true,"href":"http:\/\/pc-direkthandel.de\/wordpress\/wp-json\/wp\/v2\/comments?post=7055"}],"wp:featuredmedia":[{"embeddable":true,"href":"http:\/\/pc-direkthandel.de\/wordpress\/wp-json\/wp\/v2\/media\/7056"}],"wp:attachment":[{"href":"http:\/\/pc-direkthandel.de\/wordpress\/wp-json\/wp\/v2\/media?parent=7055"}],"wp:term":[{"taxonomy":"product_cat","embeddable":true,"href":"http:\/\/pc-direkthandel.de\/wordpress\/wp-json\/wp\/v2\/product_cat?post=7055"},{"taxonomy":"product_tag","embeddable":true,"href":"http:\/\/pc-direkthandel.de\/wordpress\/wp-json\/wp\/v2\/product_tag?post=7055"}],"curies":[{"name":"wp","href":"https:\/\/api.w.org\/{rel}","templated":true}]}}