{"id":7054,"date":"2019-11-25T19:14:15","date_gmt":"2019-11-25T17:14:15","guid":{"rendered":"http:\/\/pc-direkthandel.de\/wordpress\/?post_type=product&#038;p=7054"},"modified":"2019-11-25T19:15:28","modified_gmt":"2019-11-25T17:15:28","slug":"intel-celeron-g4900","status":"publish","type":"product","link":"http:\/\/pc-direkthandel.de\/wordpress\/product\/intel-celeron-g4900\/","title":{"rendered":"Intel Celeron G4900"},"content":{"rendered":"<div class=\"boxContentWrapper\">\n<div class=\"row\">\n<div class=\"descriptionText col-lg-12 col-xs-12\">\n<div class=\"article\">\n<div class=\"boxContentWrapper\">\n<div class=\"row\">\n<div class=\"descriptionText col-lg-12 col-xs-12\">\n<div class=\"article\">\n<div class=\"boxContentWrapper\">\n<div class=\"row\">\n<div class=\"descriptionText col-lg-12 col-xs-12\">\n<div class=\"article\">G\u00f6nnen Sie sich einen PC mit Intel Celeron Prozessor. Dank Leistungseigenschaften auf Intel-Niveau kommt Unterhaltung besser zur Geltung und die Arbeit l\u00e4sst sich leichter erledigen. Mit einem Intel Celeron Prozessor erhalten Sie preisg\u00fcnstige Rechnerleistung, auf die Verlass ist. So f\u00fchlt sich echte Prozessorleistung an! Nur mit Intel Inside.<\/div>\n<\/div>\n<\/div>\n<\/div>\n<\/div>\n<\/div>\n<\/div>\n<\/div>\n<\/div>\n<\/div>\n<\/div>\n<\/div>\n","protected":false},"excerpt":{"rendered":"<p>G\u00f6nnen Sie sich einen PC mit Intel Celeron Prozessor. Dank Leistungseigenschaften auf Intel-Niveau kommt Unterhaltung besser zur Geltung und die Arbeit l\u00e4sst sich leichter erledigen. Mit einem Intel Celeron Prozessor erhalten Sie preisg\u00fcnstige Rechnerleistung, auf die Verlass ist. So f\u00fchlt sich echte Prozessorleistung an! Nur mit Intel Inside.<\/p>\n","protected":false},"featured_media":7052,"comment_status":"open","ping_status":"closed","template":"","meta":{"_acf_changed":false},"product_cat":[421],"product_tag":[],"acf":[],"jetpack_sharing_enabled":true,"_links":{"self":[{"href":"http:\/\/pc-direkthandel.de\/wordpress\/wp-json\/wp\/v2\/product\/7054"}],"collection":[{"href":"http:\/\/pc-direkthandel.de\/wordpress\/wp-json\/wp\/v2\/product"}],"about":[{"href":"http:\/\/pc-direkthandel.de\/wordpress\/wp-json\/wp\/v2\/types\/product"}],"replies":[{"embeddable":true,"href":"http:\/\/pc-direkthandel.de\/wordpress\/wp-json\/wp\/v2\/comments?post=7054"}],"wp:featuredmedia":[{"embeddable":true,"href":"http:\/\/pc-direkthandel.de\/wordpress\/wp-json\/wp\/v2\/media\/7052"}],"wp:attachment":[{"href":"http:\/\/pc-direkthandel.de\/wordpress\/wp-json\/wp\/v2\/media?parent=7054"}],"wp:term":[{"taxonomy":"product_cat","embeddable":true,"href":"http:\/\/pc-direkthandel.de\/wordpress\/wp-json\/wp\/v2\/product_cat?post=7054"},{"taxonomy":"product_tag","embeddable":true,"href":"http:\/\/pc-direkthandel.de\/wordpress\/wp-json\/wp\/v2\/product_tag?post=7054"}],"curies":[{"name":"wp","href":"https:\/\/api.w.org\/{rel}","templated":true}]}}