{"id":7048,"date":"2019-11-24T22:21:30","date_gmt":"2019-11-24T20:21:30","guid":{"rendered":"http:\/\/pc-direkthandel.de\/wordpress\/?post_type=product&#038;p=7048"},"modified":"2019-11-25T20:11:42","modified_gmt":"2019-11-25T18:11:42","slug":"intel-xeon-e3-1245v6","status":"publish","type":"product","link":"http:\/\/pc-direkthandel.de\/wordpress\/product\/intel-xeon-e3-1245v6\/","title":{"rendered":"Intel Xeon E3-1245v6"},"content":{"rendered":"<p>Intel\u00ae Xeon\u00ae E3 Prozessoren liefern professionelle Rechen- und Grafikleistung und eignen sich f\u00fcr Anwendungen in Unternehmen weltweit, zum Beispiel f\u00fcr Server in kleinen Unternehmen, Einstiegs-Workstations, leistungsstarke mobile Workstations, Storage-Server, Cloud-Workstations, die Medientranskodierung sowie die Datenverarbeitung am Netzwerkrand (Edge Computing) bzw. das IoT. Mit diesen Prozessoren steht Ihnen unternehmenstaugliche Computertechnik mit verl\u00e4sslicher Arbeitsleistung, integrierter Grafikunterst\u00fctzung und vertrauensw\u00fcrdigen, Hardware-verst\u00e4rkten Sicherheitsmechanismen zur Verf\u00fcgung.<\/p>\n<p><span class=\"bold\"><strong>Starke Leistung<\/strong><\/span><\/p>\n<p>Erh\u00f6hte Transkodierleistung bei HD- und UHD-Video, mit bis zu 18 AVC-Videotranskodierungen pro Prozessor und bis zu 2 HEVC-Transkodierungen pro Prozessor. Neue HEVC-10-Bit-Hardwarebeschleunigung erm\u00f6glicht verbesserte 4K-Kodierung und -Dekodierung.<\/p>\n<p><span class=\"bold\"><strong>F\u00fcr professionelle Anwender<\/strong><\/span><\/p>\n<p>Profitieren Sie von verbesserter Rechenleistung und Bildqualit\u00e4t, wie sie bei professionellen CAD- und Multimedia-Anwendungen ben\u00f6tigt wird. \u00dcberzeugen Sie sich von den Vorz\u00fcgen professioneller Computertechnik mit verbesserter ECC-Speicher-Unterst\u00fctzung, Hardware-verst\u00e4rkten Sicherheits- und Zuverl\u00e4ssigkeitsmechanismen sowie Zertifizierung f\u00fcr Anwendungen unabh\u00e4ngiger Softwarehersteller (ISV) mit Optimierungen, wie sie nur Intel\u00ae Xeon\u00ae Prozessoren bieten.<\/p>\n<p><span class=\"bold\"><strong>Zuverl\u00e4ssigkeit f\u00fcr kleine und mittlere Unternehmen<\/strong><\/span><\/p>\n<p>Der Wert Ihrer Daten ist enorm, unabh\u00e4ngig von der Unternehmensgr\u00f6\u00dfe. Sorgen Sie durch einen kosteng\u00fcnstigen Server mit einem Intel Xeon Prozessor der Produktfamilie E3-1200 v6 daf\u00fcr, dass diese Daten jederzeit verf\u00fcgbar und besser gesch\u00fctzt sind.<\/p>\n<p><span class=\"bold\"><strong>Hohe Bildqualit\u00e4t<\/strong><\/span><\/p>\n<p>Mit der Leistungsf\u00e4higkeit separater Grafikkarten, \u00fcber die bestimmte Konfigurationen der Intel\u00ae Xeon\u00ae E3 Prozessorreihe verf\u00fcgen, erhalten Sie den zus\u00e4tzlichen Vorteil einer integrierten Grafik-Engine, die ein herausragendes Bilderlebnis liefert und das oftmals mit geringeren Gesamtbetriebskosten als bei der Anschaffung separater Grafikkarten auf Profiniveau. Dazu kommt noch die Zertifizierung f\u00fcr Anwendungen unabh\u00e4ngiger Softwarehersteller (ISV) mit Optimierungen, wie sie nur Intel\u00ae Xeon\u00ae Prozessoren bieten.<\/p>\n","protected":false},"excerpt":{"rendered":"<p>Intel\u00ae Xeon\u00ae E3 Prozessoren liefern professionelle Rechen- und Grafikleistung und eignen sich f\u00fcr Anwendungen in Unternehmen weltweit, zum Beispiel f\u00fcr Server in kleinen Unternehmen, Einstiegs-Workstations, leistungsstarke mobile Workstations, Storage-Server, Cloud-Workstations, die Medientranskodierung sowie die Datenverarbeitung am Netzwerkrand (Edge Computing) bzw. das IoT. Mit diesen Prozessoren steht Ihnen unternehmenstaugliche Computertechnik mit verl\u00e4sslicher Arbeitsleistung, integrierter Grafikunterst\u00fctzung und [&hellip;]<\/p>\n","protected":false},"featured_media":7008,"comment_status":"open","ping_status":"closed","template":"","meta":{"_acf_changed":false},"product_cat":[421],"product_tag":[],"acf":[],"jetpack_sharing_enabled":true,"_links":{"self":[{"href":"http:\/\/pc-direkthandel.de\/wordpress\/wp-json\/wp\/v2\/product\/7048"}],"collection":[{"href":"http:\/\/pc-direkthandel.de\/wordpress\/wp-json\/wp\/v2\/product"}],"about":[{"href":"http:\/\/pc-direkthandel.de\/wordpress\/wp-json\/wp\/v2\/types\/product"}],"replies":[{"embeddable":true,"href":"http:\/\/pc-direkthandel.de\/wordpress\/wp-json\/wp\/v2\/comments?post=7048"}],"wp:featuredmedia":[{"embeddable":true,"href":"http:\/\/pc-direkthandel.de\/wordpress\/wp-json\/wp\/v2\/media\/7008"}],"wp:attachment":[{"href":"http:\/\/pc-direkthandel.de\/wordpress\/wp-json\/wp\/v2\/media?parent=7048"}],"wp:term":[{"taxonomy":"product_cat","embeddable":true,"href":"http:\/\/pc-direkthandel.de\/wordpress\/wp-json\/wp\/v2\/product_cat?post=7048"},{"taxonomy":"product_tag","embeddable":true,"href":"http:\/\/pc-direkthandel.de\/wordpress\/wp-json\/wp\/v2\/product_tag?post=7048"}],"curies":[{"name":"wp","href":"https:\/\/api.w.org\/{rel}","templated":true}]}}