{"id":7044,"date":"2019-11-24T22:12:22","date_gmt":"2019-11-24T20:12:22","guid":{"rendered":"http:\/\/pc-direkthandel.de\/wordpress\/?post_type=product&#038;p=7044"},"modified":"2019-11-24T22:14:08","modified_gmt":"2019-11-24T20:14:08","slug":"intel-core-i5-9600kf","status":"publish","type":"product","link":"http:\/\/pc-direkthandel.de\/wordpress\/product\/intel-core-i5-9600kf\/","title":{"rendered":"Intel Core i5-9600KF"},"content":{"rendered":"<div class=\"boxContentWrapper\">\n<div class=\"row\">\n<div class=\"descriptionText col-lg-12 col-xs-12\">\n<div class=\"article\">\n<div class=\"boxContentWrapper\">\n<div class=\"row\">\n<div class=\"descriptionText col-lg-12 col-xs-12\">\n<div class=\"article\">\n<div class=\"boxContentWrapper\">\n<div class=\"row\">\n<div class=\"descriptionText col-lg-12 col-xs-12\">\n<div class=\"article\">\n<div class=\"boxContentWrapper\">\n<div class=\"row\">\n<div class=\"descriptionText col-lg-12 col-xs-12\">\n<div class=\"article\">\n<div class=\"boxContentWrapper\">\n<div class=\"row\">\n<div class=\"descriptionText col-lg-12 col-xs-12\">\n<div class=\"article\">\n<div class=\"boxContentWrapper\">\n<div class=\"row\">\n<div class=\"descriptionText col-lg-12 col-xs-12\">\n<div class=\"article\">\n<p><span class=\"bold\"><strong>Die NEUEN Intel\u00ae Core\u2122 Desktop-Prozessoren der 9. Generation sind die bislang leistungsst\u00e4rkste Generation in der Reihe der Intel\u00ae Core\u2122 Desktop-Prozessoren.<\/strong><\/span><\/p>\n<p>Die NEUEN Intel\u00ae Core\u2122 Desktop-Prozessoren der 9. Generation sind die bislang leistungsst\u00e4rkste Generation in der Reihe der Intel\u00ae Core\u2122 Desktop-Prozessoren. Mit dieser neuen Prozessorgeneration er\u00f6ffnen sich sowohl f\u00fcr Computerspieler, die auf ein fantastisches Gaming-Erlebnis mit ausreichendem Leistungsspielraum f\u00fcr fl\u00fcssiges Livestreaming und problemloses Aufzeichnen der Highlights Wert legen, als auch f\u00fcr Kreative, die gerne mehr verfassen, gestalten und mit anderen teilen und weniger Zeit mit dem Warten auf den Computer verbringen w\u00fcrden, v\u00f6llig neue Horizonte.<\/p>\n<p><span class=\"bold\"><strong>Ein neues Leistungsniveau<\/strong><\/span><\/p>\n<p>Die 9. Generation der Intel\u00ae Core\u2122 Prozessoren setzt neue Ma\u00dfst\u00e4be f\u00fcr die Leistung von Mainstream-Desktop-PCs. An der Spitze der Produktlinie rangiert unser neues Mainstream-Topmodell i9-9900K, der erste Intel\u00ae Core\u2122 i9 Desktop-Prozessor f\u00fcr die breite Masse der Computernutzer. Als Klassenbester bringt es der i9-9900K mit 16 MB Cache1 und Intel\u00ae Turbo-Boost-Technik 2.0 auf eine maximale Turbo-Taktfrequenz von grandiosen 5,0 GHz. Nimmt man noch die hochleistungsf\u00e4hige 16-fache Multitasking-Unterst\u00fctzung durch die 8 CPU-Kerne mit Intel\u00ae Hyper-Threading-Technik (Intel\u00ae HT-Technik) dazu, dann nimmt es der Prozessor selbst mit den anspruchsvollsten Aufgaben auf. Und wem dieses Leistungslevel noch nicht reicht: Dank neuen und verbesserten Merkmalen wie der verl\u00f6teten W\u00e4rmeableitung (Solder Thermal Interface Material, STIM) und den aufgewerteten \u00dcbertaktungsoptionen ist es m\u00f6glich, das entfesselte Potenzial der Prozessorleistung unbesorgt durch \u00dcbertakten nutzbar zu machen.<\/p>\n<p><span class=\"bold\"><strong>Merkmale der NEUEN 9. Generation von Intel\u00ae Core\u2122 Prozessoren sind:<\/strong><\/span><\/p>\n<div class=\"itemizedlist\">\n<ul class=\"itemizedlist\">\n<li class=\"listitem\">Eine Palette an Prozessoren mit dem ersten Intel\u00ae Core\u2122 i9 Desktop-Prozessor ohne \u00dcbertaktungssperre f\u00fcr Mainstream-Computer.<\/li>\n<li class=\"listitem\">Datenbeschleunigung bei der Kombination mit Intel\u00ae Optane\u2122 Speicher, die dadurch, dass schneller auf die am h\u00e4ufigsten abgerufenen Daten zugegriffen werden kann, die Reaktionsschnelligkeit des Systems steigert.1<\/li>\n<li class=\"listitem\">DDR4-RAM-Speichertechnik gestattet die Best\u00fcckung von Systemen mit bis zu 64 GB Arbeitsspeicher und bietet Daten\u00fcbertragungsraten von bis zu 2666 MT\/s.<\/li>\n<li class=\"listitem\">Unterst\u00fctzung des Intel\u00ae Z390 Chipsatzes, der mit integriertem USB 3.1 Gen 2, Intel\u00ae Wireless-AC und Gigabit-Wi-Fi-Technik beispiellose Konnektivit\u00e4t bereitstellt.<\/li>\n<li class=\"listitem\">Kompatibel mit Intel\u00ae 300er-Chips\u00e4tzen.<\/li>\n<\/ul>\n<\/div>\n<p><span class=\"bold\"><strong>Gaming auf einem v\u00f6llig neuen Level<\/strong><\/span><\/p>\n<p>Ein System mit einem Intel\u00ae Core\u2122 i9 Prozessor der 9. Generation erm\u00f6glicht Spielen, Aufzeichnen und Streamen ohne Kompromisse.<\/p>\n<p>Mit Intel\u00ae Quick-Sync-Video klappt Live-Streaming, Aufnehmen und Multitasking ohne Unterbrechungen. Bis zu 40 PCIe*-Lanes bieten \u00fcberragende Flexibilit\u00e4t f\u00fcr die individuelle Ausstattung und Anpassung des Gaming-PCs.<\/p>\n<p>Und die Kombination mit Intel\u00ae Optane\u2122 Speicher beschleunigt das Laden und Starten der Spiele, die der Benutzer am h\u00e4ufigsten spielt.<\/p>\n<p><span class=\"bold\"><strong>Kreativit\u00e4t ohne Grenzen<\/strong><\/span><\/p>\n<p>Entfalten Sie Ihr kreatives Potenzial mit der Computer-Power, die Sie sich f\u00fcr das Gestalten, Bearbeiten und den Austausch mit anderen w\u00fcnschen. Lassen Sie Ihrer Kreativit\u00e4t freien Lauf \u2013 der Intel\u00ae Core\u2122 Prozessor der 9. Generation rendert und codiert im Hintergrund, damit Sie nicht abgelenkt werden. Intel\u00ae Optane\u2122 Speicher beschleunigt das Laden der von Ihnen am meisten genutzten Anwendungen und verk\u00fcrzt das Warten zwischen Inspiration und Kreation auf ein Minimum.<\/p>\n<\/div>\n<\/div>\n<\/div>\n<\/div>\n<\/div>\n<\/div>\n<\/div>\n<\/div>\n<\/div>\n<\/div>\n<\/div>\n<\/div>\n<\/div>\n<\/div>\n<\/div>\n<\/div>\n<\/div>\n<\/div>\n<\/div>\n<\/div>\n<\/div>\n<\/div>\n<\/div>\n<\/div>\n","protected":false},"excerpt":{"rendered":"<p>Die NEUEN Intel\u00ae Core\u2122 Desktop-Prozessoren der 9. Generation sind die bislang leistungsst\u00e4rkste Generation in der Reihe der Intel\u00ae Core\u2122 Desktop-Prozessoren. Die NEUEN Intel\u00ae Core\u2122 Desktop-Prozessoren der 9. Generation sind die bislang leistungsst\u00e4rkste Generation in der Reihe der Intel\u00ae Core\u2122 Desktop-Prozessoren. Mit dieser neuen Prozessorgeneration er\u00f6ffnen sich sowohl f\u00fcr Computerspieler, die auf ein fantastisches Gaming-Erlebnis mit [&hellip;]<\/p>\n","protected":false},"featured_media":6991,"comment_status":"open","ping_status":"closed","template":"","meta":{"_acf_changed":false},"product_cat":[421],"product_tag":[],"acf":[],"jetpack_sharing_enabled":true,"_links":{"self":[{"href":"http:\/\/pc-direkthandel.de\/wordpress\/wp-json\/wp\/v2\/product\/7044"}],"collection":[{"href":"http:\/\/pc-direkthandel.de\/wordpress\/wp-json\/wp\/v2\/product"}],"about":[{"href":"http:\/\/pc-direkthandel.de\/wordpress\/wp-json\/wp\/v2\/types\/product"}],"replies":[{"embeddable":true,"href":"http:\/\/pc-direkthandel.de\/wordpress\/wp-json\/wp\/v2\/comments?post=7044"}],"wp:featuredmedia":[{"embeddable":true,"href":"http:\/\/pc-direkthandel.de\/wordpress\/wp-json\/wp\/v2\/media\/6991"}],"wp:attachment":[{"href":"http:\/\/pc-direkthandel.de\/wordpress\/wp-json\/wp\/v2\/media?parent=7044"}],"wp:term":[{"taxonomy":"product_cat","embeddable":true,"href":"http:\/\/pc-direkthandel.de\/wordpress\/wp-json\/wp\/v2\/product_cat?post=7044"},{"taxonomy":"product_tag","embeddable":true,"href":"http:\/\/pc-direkthandel.de\/wordpress\/wp-json\/wp\/v2\/product_tag?post=7044"}],"curies":[{"name":"wp","href":"https:\/\/api.w.org\/{rel}","templated":true}]}}