{"id":7040,"date":"2019-11-24T22:07:42","date_gmt":"2019-11-24T20:07:42","guid":{"rendered":"http:\/\/pc-direkthandel.de\/wordpress\/?post_type=product&#038;p=7040"},"modified":"2019-11-24T22:09:34","modified_gmt":"2019-11-24T20:09:34","slug":"intel-core-i5-6600k","status":"publish","type":"product","link":"http:\/\/pc-direkthandel.de\/wordpress\/product\/intel-core-i5-6600k\/","title":{"rendered":"Intel Core i5-6600K"},"content":{"rendered":"<div class=\"boxContentWrapper\">\n<div class=\"row\">\n<div class=\"descriptionText col-lg-12 col-xs-12\">\n<div class=\"article\">\n<div class=\"boxContentWrapper\">\n<div class=\"row\">\n<div class=\"descriptionText col-lg-12 col-xs-12\">\n<div class=\"article\">\n<div class=\"boxContentWrapper\">\n<div class=\"row\">\n<div class=\"descriptionText col-lg-12 col-xs-12\">\n<div class=\"article\">\n<div class=\"boxContentWrapper\">\n<div class=\"row\">\n<div class=\"descriptionText col-lg-12 col-xs-12\">\n<div class=\"article\">\n<p><span class=\"bold\"><strong>Kompromisslose Leistung.<\/strong><\/span><\/p>\n<p>Blitzschnelle Systemstarts, Touch-Funktionalit\u00e4t sowie Gesichts- und Spracherkennung: Der Intel\u00ae Core\u2122 i5 Prozessor sorgt f\u00fcr deutlich mehr Produktivit\u00e4t.<\/p>\n<p>\u2022 Skylake<\/p>\n<p>\u2022 Sockel 1151, 4 x 3.5 GHz (Turbo 3.9 GHz)<\/p>\n<p>\u2022 1 MB L2 Cache , 6 MB L3 Cache<\/p>\n<p>\u2022 Boxed (ohne K\u00fchler), Offener Multiplikator, Integrierte Grafik<\/p>\n<p>\u2022 max. Leistungsaufnahme 91 Watt (Strukturbreite 14 nm)<\/p>\n<p>\u2022 3 Jahre Herstellergarantie<\/p>\n<p><span class=\"bold\"><strong>Das ultimative Upgrade<\/strong><\/span><\/p>\n<p>Mit der sechsten der Generation der Intel\u00ae Core\u2122 Prozessoren wird der Standard f\u00fcr PC-Leistung neu definiert! Diese blitzschnellen und funktionsstarken Prozessoren mit integrierter Sicherheit setzen neue Ma\u00dfst\u00e4be f\u00fcr Produktivit\u00e4t, Kreativit\u00e4t und 3D-Gaming. Und da die sechste Generation der Intel\u00ae Core\u2122 Prozessoren die eindrucksvolle neue Funktionalit\u00e4t von Windows\u00ae 10 unterst\u00fctzt, sind Ihrer Vorstellungskraft keine Grenzen gesetzt, um neue M\u00f6glichkeiten zu entdecken.<\/p>\n<p><span class=\"bold\"><strong>Eindrucksvolle M\u00f6glichkeiten<\/strong><\/span><\/p>\n<p>Von nun an hei\u00dft es: Weniger warten und mehr erledigen! Denn die neue sechste Generation der Intel\u00ae Core\u2122 Prozessoren liefert bis zu 2,5-mal mehr Leistung f\u00fcr produktive Aufgaben.<\/p>\n<p><span class=\"bold\"><strong>Spielen wie ein Profi<\/strong><\/span><\/p>\n<p>Die neue Prozessorgeneration sorgt f\u00fcr ein fantastisches Gaming-Erlebnis, denn mit einem Intel\u00ae Core\u2122 Prozessor der sechsten Generation lassen sich beliebte 3D-Games mit besserer Aufl\u00f6sung, mehr Details und h\u00f6herer Bildfrequenz spielen.<\/p>\n<p><span class=\"bold\"><strong>Windows\u00ae 10 funktioniert am besten mit Intel\u00ae Core\u2122 Prozessoren der sechsten Generation.<\/strong><\/span><\/p>\n<p>Mit Windows Hello* sparen Sie Zeit, da Sie sich ganz unkompliziert mit Ihrem Gesicht und einem L\u00e4cheln einloggen k\u00f6nnen. Zudem k\u00f6nnen Sie mit einer einfachen Fingerber\u00fchrung und einen Eingabestift Notizen machen oder Anmerkungen schreiben. F\u00fcr flexibles Gaming lassen sich Xbox*-Spiele ab nun zum PC streamen. Und mit Cortana* erhalten Sie eine neue virtuelle Assistentin&#8230; und beste Freundin.<\/p>\n<p><span class=\"bold\"><strong>Intelligente Leistung<\/strong><\/span><\/p>\n<p>\u2022 Automatisch mehr Leistung genau dann, wenn Sie sie brauchen. Verbl\u00fcffend energieeffizient.<\/p>\n<p>\u2022 Die Intel Turbo-Boost-Technik 2.0 macht den Prozessor genau dann schneller, wenn der PC mehr Leistung braucht.<\/p>\n<p><span class=\"bold\"><strong>Integrierte Grafikfunktionen (falls im PC-System aktiviert)<\/strong><\/span><\/p>\n<p>\u2022 Ein brillantes und perfekt abgestimmtes Multimedia-Erlebnis ist im Intel Core i7 Prozessor bereits integriert.<\/p>\n<p><span class=\"bold\"><strong>Multimedia und Grafik<\/strong><\/span><\/p>\n<p>\u2022 Intel Quick-Sync-Video<\/p>\n<p>\u2022 Was fr\u00fcher beim Bearbeiten, Konvertieren und Bereitstellen von Videos Stunden dauerte, geht jetzt in Minuten.<\/p>\n<p>\u2022 Intel Clear Video HD<\/p>\n<p>\u2022 Erleben Sie Fotos und HD-Videos so, wie sie sein sollten \u2013 mit gestochen scharfem Bild, brillanten Farben und flie\u00dfender Wiedergabe.<\/p>\n<p>\u2022 Intel InTru 3D<\/p>\n<p>\u2022 Erweitern Sie Ihre visuelle Computer-Erlebniswelt um eine neue Dimension und genie\u00dfen Sie Spiele, Spielfilme und mehr in 3D.<\/p>\n<p>\u2022 Intel Wireless-Display 3.0<\/p>\n<p>\u2022 \u00dcbertragen Sie multimediale Inhalte wie Spielfilme, Pr\u00e4sentationen und Grafikanwendungen mit weniger Verz\u00f6gerungen und verbesserter Qualit\u00e4t auf den gro\u00dfen Fernsehbildschirm.<\/p>\n<p><span class=\"bold\"><strong>Sicherheit<\/strong><\/span><\/p>\n<p>\u2022 Intel Identit\u00e4tsschutz-Technik<\/p>\n<p>\u2022 Sch\u00fctzen Sie Ihre Identit\u00e4t im Internet, indem Sie daf\u00fcr sorgen, dass Ihre bevorzugten Websites Sie wiedererkennen.<\/p>\n<p>\u2022 Intel Secure Key<\/p>\n<p>\u2022 F\u00fcr eine starke Verschl\u00fcsselung generieren Sie mit diesem Tool hochwertige Sicherheitscodes.<\/p>\n<p>\u2022 Intel OS Guard<\/p>\n<p>\u2022 Beugen Sie Malware-Attacken vor.<\/p>\n<p>\u2022 Intel Anti-Theft-Technik<\/p>\n<p>\u2022 Sch\u00fctzen Sie Ihre Daten, indem Sie Ihr Notebook bei Verlust oder Diebstahl ferngesteuert an jedem Ort weltweit deaktivieren.<\/p>\n<\/div>\n<\/div>\n<\/div>\n<\/div>\n<\/div>\n<\/div>\n<\/div>\n<\/div>\n<\/div>\n<\/div>\n<\/div>\n<\/div>\n<\/div>\n<\/div>\n<\/div>\n<\/div>\n","protected":false},"excerpt":{"rendered":"<p>Kompromisslose Leistung. Blitzschnelle Systemstarts, Touch-Funktionalit\u00e4t sowie Gesichts- und Spracherkennung: Der Intel\u00ae Core\u2122 i5 Prozessor sorgt f\u00fcr deutlich mehr Produktivit\u00e4t. \u2022 Skylake \u2022 Sockel 1151, 4 x 3.5 GHz (Turbo 3.9 GHz) \u2022 1 MB L2 Cache , 6 MB L3 Cache \u2022 Boxed (ohne K\u00fchler), Offener Multiplikator, Integrierte Grafik \u2022 max. Leistungsaufnahme 91 Watt (Strukturbreite [&hellip;]<\/p>\n","protected":false},"featured_media":7041,"comment_status":"open","ping_status":"closed","template":"","meta":{"_acf_changed":false},"product_cat":[421],"product_tag":[],"acf":[],"jetpack_sharing_enabled":true,"_links":{"self":[{"href":"http:\/\/pc-direkthandel.de\/wordpress\/wp-json\/wp\/v2\/product\/7040"}],"collection":[{"href":"http:\/\/pc-direkthandel.de\/wordpress\/wp-json\/wp\/v2\/product"}],"about":[{"href":"http:\/\/pc-direkthandel.de\/wordpress\/wp-json\/wp\/v2\/types\/product"}],"replies":[{"embeddable":true,"href":"http:\/\/pc-direkthandel.de\/wordpress\/wp-json\/wp\/v2\/comments?post=7040"}],"wp:featuredmedia":[{"embeddable":true,"href":"http:\/\/pc-direkthandel.de\/wordpress\/wp-json\/wp\/v2\/media\/7041"}],"wp:attachment":[{"href":"http:\/\/pc-direkthandel.de\/wordpress\/wp-json\/wp\/v2\/media?parent=7040"}],"wp:term":[{"taxonomy":"product_cat","embeddable":true,"href":"http:\/\/pc-direkthandel.de\/wordpress\/wp-json\/wp\/v2\/product_cat?post=7040"},{"taxonomy":"product_tag","embeddable":true,"href":"http:\/\/pc-direkthandel.de\/wordpress\/wp-json\/wp\/v2\/product_tag?post=7040"}],"curies":[{"name":"wp","href":"https:\/\/api.w.org\/{rel}","templated":true}]}}