{"id":7028,"date":"2019-11-24T21:42:55","date_gmt":"2019-11-24T19:42:55","guid":{"rendered":"http:\/\/pc-direkthandel.de\/wordpress\/?post_type=product&#038;p=7028"},"modified":"2019-11-25T21:01:32","modified_gmt":"2019-11-25T19:01:32","slug":"intel-xeon-gold-6134","status":"publish","type":"product","link":"http:\/\/pc-direkthandel.de\/wordpress\/product\/intel-xeon-gold-6134\/","title":{"rendered":"Intel Xeon Gold 6134"},"content":{"rendered":"<div class=\"boxContentWrapper\">\n<div class=\"row\">\n<div class=\"descriptionText col-lg-12 col-xs-12\">\n<div class=\"article\">\n<div class=\"boxContentWrapper\">\n<div class=\"row\">\n<div class=\"descriptionText col-lg-12 col-xs-12\">\n<div class=\"article\">\n<p><span class=\"bold\"><strong>Workload-optimiert<\/strong><\/span><\/p>\n<p>Die Intel\u00ae Xeon\u00ae Gold 6000 Prozessorreihe basiert auf der 14-nm-Fertigungstechnik und sorgt mit bis zu 22 Kernen\/44 Threads pro Sockel f\u00fcr noch mehr Leistung.<\/p>\n<p><span class=\"bold\"><strong>H\u00f6here Leistung<\/strong><\/span><\/p>\n<p>Dank um Intel\u00ae Advanced Vector Extensions 512 (Intel\u00ae AVX-512) erweiterte Software k\u00f6nnen Sie die Datenverarbeitung \u00fcber 512 leistungsf\u00e4hige Lanes beschleunigen. Mittels der beschleunigten Verarbeitung lassen sich bis zu 512 Bits Daten mit einem einzigen Befehl verarbeiten und neue Ma\u00dfst\u00e4be in puncto Rechenleistung erreichen. Die Intel Xeon Gold 6000 Prozessorreihe unterst\u00fctzt bis zu zwei Intel AVX-512 Kan\u00e4le und erf\u00fcllt so die Rechenanforderungen f\u00fcr die anspruchsvollsten Workloads und Services.<\/p>\n<p><span class=\"bold\"><strong>Fortschrittliche hardwareverst\u00e4rkte Zuverl\u00e4ssigkeit<\/strong><\/span><\/p>\n<p>Erleben Sie den Unterschied der fortschrittlichen hardwareverst\u00e4rkten Zuverl\u00e4ssigkeit, Verf\u00fcgbarkeit und Wartungsfreundlichkeit (fortschrittliche Reliability, Availability, Serviceability; fortschrittliche RAS) von Intel bei den L\u00f6sungen auf der Grundlage der Intel\u00ae Xeon\u00ae Gold 5000 Prozessorreihe.<\/p>\n<p><span class=\"bold\"><strong>Intel\u00ae Advanced Vector Extensions 512 (Intel\u00ae AVX-512)<\/strong><\/span><\/p>\n<p>Mit doppelt so vielen Flie\u00dfkommaoperationen pro Taktzyklus im Vergleich zu Intel\u00ae AVX23 der vorigen Generation k\u00f6nnen Sie die Leistung mit dieser L\u00f6sung selbst bei den anspruchsvollsten Rechenaufgaben in Anwendungen steigern. Hierzu z\u00e4hlen z. B. Modellierung und Simulation, Datenanalysen und maschinelles Lernen, Datenkompression, Visualisierung und Digital Content-Erstellung.<\/p>\n<p><span class=\"bold\"><strong>Verbesserte Intel\u00ae Run Sure Technologie<\/strong><\/span><\/p>\n<p>Neue Verbesserungen umfassen RAS-Funktionen (Reliability, Availability, Serviceability; Zuverl\u00e4ssigkeit, Verf\u00fcgbarkeit, Wartungsfreundlichkeit) sowie zuverl\u00e4ssige Server-Betriebsbereitschaft f\u00fcr Ihre wichtigsten Workloads. Hardwareunterst\u00fctzte Funktionen erm\u00f6glichen die Diagnose von vormals schwerwiegenden Fehlern und die anschlie\u00dfende Wiederherstellung und tragen au\u00dferdem zur Sicherung der Datenintegrit\u00e4t innerhalb des Arbeitsspeichersubsystems bei.<\/p>\n<p><span class=\"bold\"><strong>Intel\u00ae Volume Management Device (Intel\u00ae VMD)<\/strong><\/span><\/p>\n<p>Bietet eine g\u00e4ngige und robuste Methode f\u00fcr das Hot-Plug- und LED-Management von NVMe-based SSDs (Intel\u00ae Optane SSDs und Intel\u00ae 3D NAND SSDs).<\/p>\n<p><span class=\"bold\"><strong>Intel\u00ae Trusted Infrastruktur<\/strong><\/span><\/p>\n<p>Eine Reihe von Plattform-Sicherheitstechnologien, die Abhilfe in Hinblick auf die zahlreichen, zunehmenden und sich st\u00e4ndig weiterentwickelnden Sicherheitsbedrohungen in physischen und virtuellen Infrastrukturen schaffen.<\/p>\n<\/div>\n<\/div>\n<\/div>\n<\/div>\n<\/div>\n<\/div>\n<\/div>\n<\/div>\n","protected":false},"excerpt":{"rendered":"<p>Workload-optimiert Die Intel\u00ae Xeon\u00ae Gold 6000 Prozessorreihe basiert auf der 14-nm-Fertigungstechnik und sorgt mit bis zu 22 Kernen\/44 Threads pro Sockel f\u00fcr noch mehr Leistung. H\u00f6here Leistung Dank um Intel\u00ae Advanced Vector Extensions 512 (Intel\u00ae AVX-512) erweiterte Software k\u00f6nnen Sie die Datenverarbeitung \u00fcber 512 leistungsf\u00e4hige Lanes beschleunigen. Mittels der beschleunigten Verarbeitung lassen sich bis zu [&hellip;]<\/p>\n","protected":false},"featured_media":7029,"comment_status":"open","ping_status":"closed","template":"","meta":{"_acf_changed":false},"product_cat":[421],"product_tag":[],"acf":[],"jetpack_sharing_enabled":true,"_links":{"self":[{"href":"http:\/\/pc-direkthandel.de\/wordpress\/wp-json\/wp\/v2\/product\/7028"}],"collection":[{"href":"http:\/\/pc-direkthandel.de\/wordpress\/wp-json\/wp\/v2\/product"}],"about":[{"href":"http:\/\/pc-direkthandel.de\/wordpress\/wp-json\/wp\/v2\/types\/product"}],"replies":[{"embeddable":true,"href":"http:\/\/pc-direkthandel.de\/wordpress\/wp-json\/wp\/v2\/comments?post=7028"}],"wp:featuredmedia":[{"embeddable":true,"href":"http:\/\/pc-direkthandel.de\/wordpress\/wp-json\/wp\/v2\/media\/7029"}],"wp:attachment":[{"href":"http:\/\/pc-direkthandel.de\/wordpress\/wp-json\/wp\/v2\/media?parent=7028"}],"wp:term":[{"taxonomy":"product_cat","embeddable":true,"href":"http:\/\/pc-direkthandel.de\/wordpress\/wp-json\/wp\/v2\/product_cat?post=7028"},{"taxonomy":"product_tag","embeddable":true,"href":"http:\/\/pc-direkthandel.de\/wordpress\/wp-json\/wp\/v2\/product_tag?post=7028"}],"curies":[{"name":"wp","href":"https:\/\/api.w.org\/{rel}","templated":true}]}}