{"id":7027,"date":"2019-11-24T21:40:42","date_gmt":"2019-11-24T19:40:42","guid":{"rendered":"http:\/\/pc-direkthandel.de\/wordpress\/?post_type=product&#038;p=7027"},"modified":"2019-11-24T21:42:00","modified_gmt":"2019-11-24T19:42:00","slug":"intel-xeon-silver-4116","status":"publish","type":"product","link":"http:\/\/pc-direkthandel.de\/wordpress\/product\/intel-xeon-silver-4116\/","title":{"rendered":"Intel Xeon Silver 4116"},"content":{"rendered":"<div class=\"boxContentWrapper\">\n<div class=\"row\">\n<div class=\"descriptionText col-lg-12 col-xs-12\">\n<div class=\"article\">\n<p>Intel Xeon Silver Prozessoren bieten grundlegende Performance, verbesserte Arbeitsspeichergeschwindigkeit und Energieeffizienz. Hardware-verst\u00e4rkte Performance f\u00fcr einfache Datenverarbeitung, Netzwerk und Speicher im Rechenzentrum.<\/p>\n<p>Intel\u00ae AES New Instructions (Intel\u00ae AES-NI) ist eine Zusammenstellung von Anweisungen zur schnellen und sicheren Verschl\u00fcsselung und Entschl\u00fcsselung von Daten. AES-NI sind wertvolle Komponenten f\u00fcr kryptografische Anwendungen, z. B. f\u00fcr: Anwendungen zur Massenverschl\u00fcsselung\/-entschl\u00fcsselung, Authentifizierung, Generierung von zuf\u00e4lligen Nummern und Authentifizierungsverschl\u00fcsselung.<\/p>\n<p>Die Intel\u00ae Trusted-Execution-Technik erh\u00f6ht die Sicherheit von PCs. Sie umfasst eine Reihe von Hardware-Erweiterungen f\u00fcr Intel\u00ae Prozessoren und Chips\u00e4tze, die zus\u00e4tzliche Sicherheitsfunktionen f\u00fcr die digitale B\u00fcroplattform bereitstellen, wie das sichere Starten von Systemprogrammen und des Betriebssystems und das Ausf\u00fchren von Anwendungen in einem gesch\u00fctzten Bereich. Dies erm\u00f6glicht eine Umgebung, in der Anwendungen auf einem eigenen, von aller anderen Software des Systems abgeschotteten Bereich ausgef\u00fchrt werden.<\/p>\n<p>Bei den Intel\u00ae Transactional Synchronization Extensions New Instructions (Intel\u00ae TSX-NI) handelt es sich um eine Reihe von Anweisungen f\u00fcr die Multithread-Leistungsskalierung. Diese Technik verbessert die Effizienz bei parallelen Vorg\u00e4ngen durch die verbesserte Steuerung von Locks in Software.<\/p>\n<div class=\"itemizedlist\">\n<ul class=\"itemizedlist\">\n<li class=\"listitem\">Vertrauensw\u00fcrdige Infrastruktur &#8211; vom Mobilfunkmasten bis hin zu Ihrem Rechenzentrum<\/li>\n<li class=\"listitem\">Profitieren Sie von Leistungsgewinnen sowie Kosten- und Zeiteinsparungen durch Systemnetzwerk-Appliances auf der Grundlage der Intel Xeon Silver Prozessorreihe, die ganz neue Ma\u00dfst\u00e4be bei virtualisierten Netzwerkfunktionen setzen.<\/li>\n<li class=\"listitem\">Hardwareverst\u00e4rkte Leistung<\/li>\n<li class=\"listitem\">Dank der Unterst\u00fctzung der Intel Hyper Threading Technologie und Intel Turbo Boost Technology 2.0 kommen Sie in den Genuss von hardwareverst\u00e4rkten Leistungsgewinnen, die f\u00fcr die einfache Datenverarbeitung in Ihrem Rechenzentrum erforderlich sind.<\/li>\n<\/ul>\n<\/div>\n<\/div>\n<\/div>\n<\/div>\n<\/div>\n","protected":false},"excerpt":{"rendered":"<p>Intel Xeon Silver Prozessoren bieten grundlegende Performance, verbesserte Arbeitsspeichergeschwindigkeit und Energieeffizienz. Hardware-verst\u00e4rkte Performance f\u00fcr einfache Datenverarbeitung, Netzwerk und Speicher im Rechenzentrum. Intel\u00ae AES New Instructions (Intel\u00ae AES-NI) ist eine Zusammenstellung von Anweisungen zur schnellen und sicheren Verschl\u00fcsselung und Entschl\u00fcsselung von Daten. AES-NI sind wertvolle Komponenten f\u00fcr kryptografische Anwendungen, z. B. f\u00fcr: Anwendungen zur Massenverschl\u00fcsselung\/-entschl\u00fcsselung, Authentifizierung, [&hellip;]<\/p>\n","protected":false},"featured_media":7013,"comment_status":"open","ping_status":"closed","template":"","meta":{"_acf_changed":false},"product_cat":[421],"product_tag":[],"acf":[],"jetpack_sharing_enabled":true,"_links":{"self":[{"href":"http:\/\/pc-direkthandel.de\/wordpress\/wp-json\/wp\/v2\/product\/7027"}],"collection":[{"href":"http:\/\/pc-direkthandel.de\/wordpress\/wp-json\/wp\/v2\/product"}],"about":[{"href":"http:\/\/pc-direkthandel.de\/wordpress\/wp-json\/wp\/v2\/types\/product"}],"replies":[{"embeddable":true,"href":"http:\/\/pc-direkthandel.de\/wordpress\/wp-json\/wp\/v2\/comments?post=7027"}],"wp:featuredmedia":[{"embeddable":true,"href":"http:\/\/pc-direkthandel.de\/wordpress\/wp-json\/wp\/v2\/media\/7013"}],"wp:attachment":[{"href":"http:\/\/pc-direkthandel.de\/wordpress\/wp-json\/wp\/v2\/media?parent=7027"}],"wp:term":[{"taxonomy":"product_cat","embeddable":true,"href":"http:\/\/pc-direkthandel.de\/wordpress\/wp-json\/wp\/v2\/product_cat?post=7027"},{"taxonomy":"product_tag","embeddable":true,"href":"http:\/\/pc-direkthandel.de\/wordpress\/wp-json\/wp\/v2\/product_tag?post=7027"}],"curies":[{"name":"wp","href":"https:\/\/api.w.org\/{rel}","templated":true}]}}