{"id":7010,"date":"2019-11-23T17:01:42","date_gmt":"2019-11-23T15:01:42","guid":{"rendered":"http:\/\/pc-direkthandel.de\/wordpress\/?post_type=product&#038;p=7010"},"modified":"2019-11-23T17:03:41","modified_gmt":"2019-11-23T15:03:41","slug":"intel-xeon-e5-1620v4","status":"publish","type":"product","link":"http:\/\/pc-direkthandel.de\/wordpress\/product\/intel-xeon-e5-1620v4\/","title":{"rendered":"Intel Xeon E5-1620v4"},"content":{"rendered":"<div class=\"boxContentWrapper\">\n<div class=\"row\">\n<div class=\"descriptionText col-lg-12 col-xs-12\">\n<div class=\"article\">\n<p>Die Produktfamilie der Intel\u00ae Xeon\u00ae E5-v4-Prozessoren erm\u00f6glicht Ihnen in puncto Leistung und Funktionalit\u00e4t einen riesigen Fortschritt hin zu einem Rechenzentrum der n\u00e4chsten Generation, das auf softwaredefinierter Infrastruktur basiert &#8211; inklusive Unterst\u00fctzung einer agilen Cloud-Architektur und \u00e4u\u00dferst effizientem Management f\u00fcr traditionelle Workloads.<\/p>\n<p><span class=\"bold\"><strong>Optimale Workload-Leistung trifft auf intelligente Orchestrierung<\/strong><\/span><\/p>\n<p>Die Produktfamilie der Intel\u00ae Xeon\u00ae E514600-v4-Prozessoren stellt eine professionelle High-Performance-Workstation-Plattform bereit, die sich ideal f\u00fcr effizientes Multitasking und erweiterte Modellierungs- und andere komplexe Anwendungen eignet.<\/p>\n<p><span class=\"bold\"><strong>Leistung<\/strong><\/span><\/p>\n<p>Die auf der 14-nm-Prozesstechnik basierenden Intel\u00ae Xeon\u00ae E5-2600-v4-Prozessoren bieten mit bis zu 22 Kernen\/44 Threads und 55 MB Last-Level-Cache (LLC) pro Sockel verbesserte Leistungsmerkmale und liefern mit den Intel\u00ae Transactional Synchronization Extensions (Intel\u00ae TSX) mehr Leistung f\u00fcr parallele Anwendungen.<\/p>\n<p><span class=\"bold\"><strong>F\u00fcr Orchestrierung optimiert<\/strong><\/span><\/p>\n<p>Mit der Intel\u00ae Resource-Director-Technik (Intel\u00ae RDT) &#8211; die \u00fcber die Cache-Monitoring- und Cache-Allocation-Technik, Code and Data Prioritization und Memory Bandwidth Monitoring verf\u00fcgt &#8211; lassen sich gemeinsam genutzte Ressourcen wirksamer dynamisch verwalten und die Ressourcennutzung steigern.<\/p>\n<p><span class=\"bold\"><strong>Verbesserte Sicherheit<\/strong><\/span><\/p>\n<p>Dank beschleunigter kryptografischer Leistung lassen sich verschl\u00fcsselte Daten schnell \u00fcber sichere Verbindungen \u00fcbertragen. Zudem sch\u00fctzen verbesserte Sicherheitsschl\u00fcssel den Netzwerkzugang und bieten tiefergreifenden Plattformschutz.<\/p>\n<p><span class=\"bold\"><strong>Intel\u00ae Resource-Director-Technik<\/strong><\/span><\/p>\n<p>Verwenden Sie die Orchestrierungs- und Automatisierungsfunktionen innerhalb der Intel\u00ae RDT, um eine bessere dynamische Verwaltung gemeinsam genutzter Plattformressourcen f\u00fcr die Rechner-, Netzwerk- und Datenspeicherbereiche zu erzielen.<\/p>\n<p><span class=\"bold\"><strong>Intel\u00ae Transactional Synchronization Extensions<\/strong><\/span><\/p>\n<p>Steigern Sie mit den Intel\u00ae TSX die Leistung f\u00fcr Online Transaction Processing (OLTP) und andere Multithread-Workloads, die zurzeit durch Memory-Locking verlangsamt werden.<\/p>\n<p><span class=\"bold\"><strong>Intel\u00ae Advanced Vector Extensions 2<\/strong><\/span><\/p>\n<p>Implementieren Sie die Intel\u00ae Advanced Vector Extensions 2 (Intel\u00ae AVX2), um die Gesamtleistung f\u00fcr heterogene, parallel ausgef\u00fchrte Workloads zu optimieren &#8211; sogar bei Anwendungen, die die Intel AVX nicht verwenden.<\/p>\n<p><span class=\"bold\"><strong>Enterprise-Cloud<\/strong><\/span><\/p>\n<p>Beschleunigen Sie mit Innovationen, die auf der Intel\u00ae Architektur basieren, Ihren Weg zu einer hochgradig effizienten Implementierung Ihrer eigenen Cloud.<\/p>\n<p><span class=\"bold\"><strong>Softwaredefinierte Infrastruktur (SDI)<\/strong><\/span><\/p>\n<p>Nutzen Sie bew\u00e4hrte, zuverl\u00e4ssige und innovative Intel\u00ae Technik als Fundament f\u00fcr softwaredefinierte Infrastruktur in Ihrem gesamten Rechenzentrum.<\/p>\n<p><span class=\"bold\"><strong>Eine ganzheitliche HPC-L\u00f6sung<\/strong><\/span><\/p>\n<p>Gewinnen Sie mit den zukunftsf\u00e4higen Leistungsmerkmalen des Intel\u00ae Scalable-System-Frameworks (SSF) bessere Erkenntnisse.<\/p>\n<p><span class=\"bold\"><strong>High-Performance-Computing<\/strong><\/span><\/p>\n<p>Verschaffen Sie sich die f\u00fcr ausgewogene High-Performance-Computing-Systeme jeder Gr\u00f6\u00dfenordnung n\u00f6tige Leistung.<\/p>\n<\/div>\n<\/div>\n<\/div>\n<\/div>\n","protected":false},"excerpt":{"rendered":"<p>Die Produktfamilie der Intel\u00ae Xeon\u00ae E5-v4-Prozessoren erm\u00f6glicht Ihnen in puncto Leistung und Funktionalit\u00e4t einen riesigen Fortschritt hin zu einem Rechenzentrum der n\u00e4chsten Generation, das auf softwaredefinierter Infrastruktur basiert &#8211; inklusive Unterst\u00fctzung einer agilen Cloud-Architektur und \u00e4u\u00dferst effizientem Management f\u00fcr traditionelle Workloads. Optimale Workload-Leistung trifft auf intelligente Orchestrierung Die Produktfamilie der Intel\u00ae Xeon\u00ae E514600-v4-Prozessoren stellt eine [&hellip;]<\/p>\n","protected":false},"featured_media":7005,"comment_status":"open","ping_status":"closed","template":"","meta":{"_acf_changed":false},"product_cat":[421],"product_tag":[],"acf":[],"jetpack_sharing_enabled":true,"_links":{"self":[{"href":"http:\/\/pc-direkthandel.de\/wordpress\/wp-json\/wp\/v2\/product\/7010"}],"collection":[{"href":"http:\/\/pc-direkthandel.de\/wordpress\/wp-json\/wp\/v2\/product"}],"about":[{"href":"http:\/\/pc-direkthandel.de\/wordpress\/wp-json\/wp\/v2\/types\/product"}],"replies":[{"embeddable":true,"href":"http:\/\/pc-direkthandel.de\/wordpress\/wp-json\/wp\/v2\/comments?post=7010"}],"wp:featuredmedia":[{"embeddable":true,"href":"http:\/\/pc-direkthandel.de\/wordpress\/wp-json\/wp\/v2\/media\/7005"}],"wp:attachment":[{"href":"http:\/\/pc-direkthandel.de\/wordpress\/wp-json\/wp\/v2\/media?parent=7010"}],"wp:term":[{"taxonomy":"product_cat","embeddable":true,"href":"http:\/\/pc-direkthandel.de\/wordpress\/wp-json\/wp\/v2\/product_cat?post=7010"},{"taxonomy":"product_tag","embeddable":true,"href":"http:\/\/pc-direkthandel.de\/wordpress\/wp-json\/wp\/v2\/product_tag?post=7010"}],"curies":[{"name":"wp","href":"https:\/\/api.w.org\/{rel}","templated":true}]}}