{"id":6995,"date":"2019-11-23T15:51:32","date_gmt":"2019-11-23T13:51:32","guid":{"rendered":"http:\/\/pc-direkthandel.de\/wordpress\/?post_type=product&#038;p=6995"},"modified":"2019-11-25T19:48:30","modified_gmt":"2019-11-25T17:48:30","slug":"intel-core-i5-9500","status":"publish","type":"product","link":"http:\/\/pc-direkthandel.de\/wordpress\/product\/intel-core-i5-9500\/","title":{"rendered":"Intel Core i5-9500"},"content":{"rendered":"<div class=\"boxContentWrapper\">\n<div class=\"row\">\n<div class=\"descriptionText col-lg-12 col-xs-12\">\n<div class=\"article\">\n<div class=\"boxContentWrapper\">\n<div class=\"row\">\n<div class=\"descriptionText col-lg-12 col-xs-12\">\n<div class=\"article\">\n<div class=\"boxContentWrapper\">\n<div class=\"row\">\n<div class=\"descriptionText col-lg-12 col-xs-12\">\n<div class=\"article\">\n<div class=\"boxContentWrapper\">\n<div class=\"row\">\n<div class=\"descriptionText col-lg-12 col-xs-12\">\n<div class=\"article\">\n<div class=\"boxContentWrapper\">\n<div class=\"row\">\n<div class=\"descriptionText col-lg-12 col-xs-12\">\n<div class=\"article\">\n<p><span class=\"bold\"><strong>Die NEUEN Intel\u00ae Core\u2122 Desktop-Prozessoren der 9. Generation sind die bislang leistungsst\u00e4rkste Generation in der Reihe der Intel\u00ae Core\u2122 Desktop-Prozessoren.<\/strong><\/span><\/p>\n<p>Die NEUEN Intel\u00ae Core\u2122 Desktop-Prozessoren der 9. Generation sind die bislang leistungsst\u00e4rkste Generation in der Reihe der Intel\u00ae Core\u2122 Desktop-Prozessoren. Mit dieser neuen Prozessorgeneration er\u00f6ffnen sich sowohl f\u00fcr Computerspieler, die auf ein fantastisches Gaming-Erlebnis mit ausreichendem Leistungsspielraum f\u00fcr fl\u00fcssiges Livestreaming und problemloses Aufzeichnen der Highlights Wert legen, als auch f\u00fcr Kreative, die gerne mehr verfassen, gestalten und mit anderen teilen und weniger Zeit mit dem Warten auf den Computer verbringen w\u00fcrden, v\u00f6llig neue Horizonte.<\/p>\n<p><span class=\"bold\"><strong>Kreativit\u00e4t ohne Grenzen<\/strong><\/span><\/p>\n<p>Entfalten Sie Ihr kreatives Potenzial mit der Computer-Power, die Sie sich f\u00fcr das Gestalten, Bearbeiten und den Austausch mit anderen w\u00fcnschen. Lassen Sie Ihrer Kreativit\u00e4t freien Lauf \u2013 der Intel\u00ae Core\u2122 Prozessor der 9. Generation rendert und codiert im Hintergrund, damit Sie nicht abgelenkt werden. Intel\u00ae Optane\u2122 Speicher beschleunigt das Laden der von Ihnen am meisten genutzten Anwendungen und verk\u00fcrzt das Warten zwischen Inspiration und Kreation auf ein Minimum.<\/p>\n<p><span class=\"bold\"><strong>Intel UHD Grafik<\/strong><\/span><\/p>\n<p>Intel\u00ae UHD-Grafik, Iris\u00ae Grafik und Iris\u00ae Plus Grafik sorgen f\u00fcr hohe Bildaufl\u00f6sung bei der Arbeit und beim Spielen. Sie sind die Grundlage f\u00fcr mitrei\u00dfende 4K-Ultra-HD-Videowiedergabe (UHD) auf bis zu drei Bildschirmen, die M\u00f6glichkeit, Fotos und Videos wie ein Profi zu bearbeiten und das Eintauchen in eine plastische virtuelle Welt mit makellosem 3D-Gameplay \u2013 immer mit dem zus\u00e4tzlichen Leistungsschub durch einen Intel\u00ae Core\u2122 Prozessor. Die Intel\u00ae-Grafiktechnik bietet bei leichteren, flacheren Mobilger\u00e4ten wie Notebooks oder 2in1-Computern sowie bei Desktop-PCs ein fantastisches Bilderlebnis.<\/p>\n<\/div>\n<\/div>\n<\/div>\n<\/div>\n<\/div>\n<\/div>\n<\/div>\n<\/div>\n<\/div>\n<\/div>\n<\/div>\n<\/div>\n<\/div>\n<\/div>\n<\/div>\n<\/div>\n<\/div>\n<\/div>\n<\/div>\n<\/div>\n","protected":false},"excerpt":{"rendered":"<p>Die NEUEN Intel\u00ae Core\u2122 Desktop-Prozessoren der 9. Generation sind die bislang leistungsst\u00e4rkste Generation in der Reihe der Intel\u00ae Core\u2122 Desktop-Prozessoren. Die NEUEN Intel\u00ae Core\u2122 Desktop-Prozessoren der 9. Generation sind die bislang leistungsst\u00e4rkste Generation in der Reihe der Intel\u00ae Core\u2122 Desktop-Prozessoren. Mit dieser neuen Prozessorgeneration er\u00f6ffnen sich sowohl f\u00fcr Computerspieler, die auf ein fantastisches Gaming-Erlebnis mit [&hellip;]<\/p>\n","protected":false},"featured_media":6991,"comment_status":"open","ping_status":"closed","template":"","meta":{"_acf_changed":false},"product_cat":[421],"product_tag":[],"acf":[],"jetpack_sharing_enabled":true,"_links":{"self":[{"href":"http:\/\/pc-direkthandel.de\/wordpress\/wp-json\/wp\/v2\/product\/6995"}],"collection":[{"href":"http:\/\/pc-direkthandel.de\/wordpress\/wp-json\/wp\/v2\/product"}],"about":[{"href":"http:\/\/pc-direkthandel.de\/wordpress\/wp-json\/wp\/v2\/types\/product"}],"replies":[{"embeddable":true,"href":"http:\/\/pc-direkthandel.de\/wordpress\/wp-json\/wp\/v2\/comments?post=6995"}],"wp:featuredmedia":[{"embeddable":true,"href":"http:\/\/pc-direkthandel.de\/wordpress\/wp-json\/wp\/v2\/media\/6991"}],"wp:attachment":[{"href":"http:\/\/pc-direkthandel.de\/wordpress\/wp-json\/wp\/v2\/media?parent=6995"}],"wp:term":[{"taxonomy":"product_cat","embeddable":true,"href":"http:\/\/pc-direkthandel.de\/wordpress\/wp-json\/wp\/v2\/product_cat?post=6995"},{"taxonomy":"product_tag","embeddable":true,"href":"http:\/\/pc-direkthandel.de\/wordpress\/wp-json\/wp\/v2\/product_tag?post=6995"}],"curies":[{"name":"wp","href":"https:\/\/api.w.org\/{rel}","templated":true}]}}