{"id":6982,"date":"2019-11-23T15:31:33","date_gmt":"2019-11-23T13:31:33","guid":{"rendered":"http:\/\/pc-direkthandel.de\/wordpress\/?post_type=product&#038;p=6982"},"modified":"2019-11-23T15:34:15","modified_gmt":"2019-11-23T13:34:15","slug":"intel-core-i7-6800k","status":"publish","type":"product","link":"http:\/\/pc-direkthandel.de\/wordpress\/product\/intel-core-i7-6800k\/","title":{"rendered":"Intel Core i7-6800K"},"content":{"rendered":"<div class=\"boxContentWrapper\">\n<div class=\"row\">\n<div class=\"descriptionText col-lg-12 col-xs-12\">\n<div class=\"article\">\n<div class=\"boxContentWrapper\">\n<div class=\"row\">\n<div class=\"descriptionText col-lg-12 col-xs-12\">\n<div class=\"article\">\n<p><span class=\"bold\"><strong>Die neuen &#8222;Broadwell Refresh&#8220; Modelle mit noch mehr Leistung<\/strong><\/span><\/p>\n<p><span class=\"bold\"><strong>Unbesorgt \u00fcbertakten<\/strong><\/span><\/p>\n<p>Die Intel\u00ae Core\u2122 i7-69xx\/68xx Prozessoren bieten dank freiem Multiplikator zus\u00e4tzliche Reserven. Zu denen neuen Funktionen geh\u00f6ren die M\u00f6glichkeit, jeden Kern einzeln zu \u00fcbertakten, die Kontrolle des AVX-Verh\u00e4ltnisses f\u00fcr mehr Stabilit\u00e4t und ein VccU-Spannungsregler f\u00fcr extreme Szenarien. In Verbindung mit Tools wie Intels Extreme Tuning Utility (Intel\u00ae XTU) und Extreme Memory Profile (Intel\u00ae XMP) erhalten Sie ein leistungsstarkes Rig mit maximalem Leistungsverhalten.<\/p>\n<p><span class=\"bold\"><strong>Intensives Multitasking leicht gemacht<\/strong><\/span><\/p>\n<p>Mit den Intel\u00ae Core\u2122 i7-69xx\/68xx Prozessoren k\u00f6nnen Sie mehrere CPU-intensive Anwendungen gleichzeitig ausf\u00fchren, ohne bei der Leistung Abstriche machen zu m\u00fcssen. Ihr PC wird zu Ihrem Kreativstudio f\u00fcr brillante 4K- oder 360-Grad-Videos, atemberaubend sch\u00f6ne Fotos und faszinierende Musik. Diese Prozessoren er\u00f6ffnen Ihnen mit bis zu 10 Kernen und 20 Threads bislang ungeahnte M\u00f6glichkeiten. Mit 35 % schnellerem Multi-Thread-3D-Rendering im Vergleich zur vorherigen Generation und bis zu 2-mal besseren Multi-Thread-3D-Rendering-Leistungseigenschaften als die unseres neuesten Vierkernprozessors3 m\u00fcssen Sie weniger warten und haben mehr Zeit f\u00fcr die Umsetzung Ihrer kreativen Ideen. Diese Prozessoren begeistern mit schneller Videocodierung, Grafikrendering, Audioproduktion oder der M\u00f6glichkeit einer Echtzeit-Vorschau in gro\u00dfer Aufl\u00f6sung auf mehreren Monitoren.<\/p>\n<p><span class=\"bold\"><strong>Schneller spielen<\/strong><\/span><\/p>\n<p>Verz\u00f6gerungen waren gestern: Ab nun k\u00f6nnen Sie m\u00fchelos im 4K-Format spielen, Szenen online \u00fcbertragen oder aufzeichnen und die Gaming-Welt im Eiltempo erobern. Mit dem Intel\u00ae Core\u2122 i7 Prozessor Extreme Edition verf\u00fcgen Sie \u00fcber Gaming-Superkr\u00e4fte: Mit Funktionsmerkmalen wie der Turbo-Boost-Max-Technik 3.05 f\u00fcr mehr als 15 % bessere Single-Thread-Leistung6, blitzschnellem 2400-MHz-Arbeitsspeicher, beeindruckenden 25 MB Smart Cache und Unterst\u00fctzung f\u00fcr bis zu vier Grafikkarten l\u00e4sst sich dieser Prozessor selbst von anspruchsvollsten Spielen nicht ins Schwitzen bringen.<\/p>\n<p><span class=\"bold\"><strong>Top-Features:<\/strong><\/span><\/p>\n<div class=\"itemizedlist\">\n<ul class=\"itemizedlist\">\n<li class=\"listitem\">14-nm-Prozesstechnik<\/li>\n<li class=\"listitem\">Takt: 3.4 GHz (Turbo 3,6 MHz)<\/li>\n<li class=\"listitem\">6 Kerne<\/li>\n<li class=\"listitem\">28 PCIe Lanes<\/li>\n<li class=\"listitem\">DDR4-2400 Unterst\u00fctzung bis zu 64GB<\/li>\n<li class=\"listitem\">TDP 140 Watt<\/li>\n<\/ul>\n<\/div>\n<p>&nbsp;<\/p>\n<p><span class=\"bold\"><strong>Intelligente Leistung<\/strong><\/span><\/p>\n<div class=\"itemizedlist\">\n<ul class=\"itemizedlist\">\n<li class=\"listitem\">Automatisch mehr Leistung genau dann, wenn Sie sie brauchen. Verbl\u00fcffend energieeffizient.<\/li>\n<li class=\"listitem\">Die Intel Turbo-Boost-Max-Technik 3.0 macht den Prozessor genau dann schneller, wenn der PC mehr Leistung braucht.<\/li>\n<li class=\"listitem\">Die Intel Hyper-Threading-Technik erm\u00f6glicht mehrfaches Multitasking \u2013 jeder Prozessorkern kann zwei Aufgaben gleichzeitig verarbeiten!<\/li>\n<\/ul>\n<\/div>\n<p><span class=\"bold\"><strong>Reaktionsschnelligkeit<\/strong><\/span><\/p>\n<div class=\"itemizedlist\">\n<ul class=\"itemizedlist\">\n<li class=\"listitem\">Intel Smart-Response-Technik<\/li>\n<li class=\"listitem\">Die Kombination von SSD- und herk\u00f6mmlicher Festplattentechnik vereint die Vorteile beider Welten. Intelligentes Caching h\u00e4ufig aufgerufener Daten f\u00fchrt zu schnellerem Booten des Systems, Fortsetzen unterbrochener Anwendungen und Laden von Levels bei Spielen.<\/li>\n<li class=\"listitem\">Intel Rapid-Start-Technik<\/li>\n<li class=\"listitem\">Wechsel vom &#8222;Fast Standby&#8220; mit fast keinem Energieverbrauch zu &#8222;Fast Resume&#8220; des Betriebssystems innerhalb von Sekunden.<\/li>\n<li class=\"listitem\">Intel\u00ae Smart-Connect-Technik<\/li>\n<li class=\"listitem\">Automatische Aktualisierung des E-Mail-Eingangs und der Mitteilungen in sozialen Netzwerken ohne Wartezeiten, sogar im Ruhezustand des Computers.<\/li>\n<\/ul>\n<\/div>\n<p><span class=\"bold\"><strong>Multimedia und Grafik<\/strong><\/span><\/p>\n<div class=\"itemizedlist\">\n<ul class=\"itemizedlist\">\n<li class=\"listitem\">Intel Quick-Sync-Video<\/li>\n<li class=\"listitem\">Was fr\u00fcher beim Bearbeiten, Konvertieren und Bereitstellen von Videos Stunden dauerte, geht jetzt in Minuten.<\/li>\n<li class=\"listitem\">Intel Clear Video HD<\/li>\n<li class=\"listitem\">Erleben Sie Fotos und HD-Videos so, wie sie sein sollten \u2013 mit gestochen scharfem Bild, brillanten Farben und flie\u00dfender Wiedergabe.<\/li>\n<li class=\"listitem\">Intel InTru 3D<\/li>\n<li class=\"listitem\">Erweitern Sie Ihre visuelle Computer-Erlebniswelt um eine neue Dimension und genie\u00dfen Sie Spiele, Spielfilme und mehr in 3D<\/li>\n<li class=\"listitem\">\u00dcbertragen Sie multimediale Inhalte wie Spielfilme, Pr\u00e4sentationen und Grafikanwendungen mit weniger Verz\u00f6gerungen und verbesserter Qualit\u00e4t auf den gro\u00dfen Fernsehbildschirm.<\/li>\n<\/ul>\n<\/div>\n<p><span class=\"bold\"><strong>Sicherheit<\/strong><\/span><\/p>\n<div class=\"itemizedlist\">\n<ul class=\"itemizedlist\">\n<li class=\"listitem\">Intel Identit\u00e4tsschutz-Technik<\/li>\n<li class=\"listitem\">Sch\u00fctzen Sie Ihre Identit\u00e4t im Internet, indem Sie daf\u00fcr sorgen, dass Ihre bevorzugten Websites Sie wiedererkennen.<\/li>\n<li class=\"listitem\">Intel Secure Key<\/li>\n<li class=\"listitem\">F\u00fcr eine starke Verschl\u00fcsselung generieren Sie mit diesem Tool hochwertige Sicherheitscodes.<\/li>\n<li class=\"listitem\">Intel OS Guard<\/li>\n<li class=\"listitem\">Beugen Sie Malware-Attacken vor.<\/li>\n<li class=\"listitem\">Intel Anti-Theft-Technik<\/li>\n<li class=\"listitem\">Sch\u00fctzen Sie Ihre Daten, indem Sie Ihr Notebook bei Verlust oder Diebstahl ferngesteuert an jedem Ort weltweit deaktivieren.<\/li>\n<\/ul>\n<\/div>\n<\/div>\n<\/div>\n<\/div>\n<\/div>\n<\/div>\n<\/div>\n<\/div>\n<\/div>\n","protected":false},"excerpt":{"rendered":"<p>Die neuen &#8222;Broadwell Refresh&#8220; Modelle mit noch mehr Leistung Unbesorgt \u00fcbertakten Die Intel\u00ae Core\u2122 i7-69xx\/68xx Prozessoren bieten dank freiem Multiplikator zus\u00e4tzliche Reserven. Zu denen neuen Funktionen geh\u00f6ren die M\u00f6glichkeit, jeden Kern einzeln zu \u00fcbertakten, die Kontrolle des AVX-Verh\u00e4ltnisses f\u00fcr mehr Stabilit\u00e4t und ein VccU-Spannungsregler f\u00fcr extreme Szenarien. In Verbindung mit Tools wie Intels Extreme Tuning [&hellip;]<\/p>\n","protected":false},"featured_media":6983,"comment_status":"open","ping_status":"closed","template":"","meta":{"_acf_changed":false},"product_cat":[421],"product_tag":[],"acf":[],"jetpack_sharing_enabled":true,"_links":{"self":[{"href":"http:\/\/pc-direkthandel.de\/wordpress\/wp-json\/wp\/v2\/product\/6982"}],"collection":[{"href":"http:\/\/pc-direkthandel.de\/wordpress\/wp-json\/wp\/v2\/product"}],"about":[{"href":"http:\/\/pc-direkthandel.de\/wordpress\/wp-json\/wp\/v2\/types\/product"}],"replies":[{"embeddable":true,"href":"http:\/\/pc-direkthandel.de\/wordpress\/wp-json\/wp\/v2\/comments?post=6982"}],"wp:featuredmedia":[{"embeddable":true,"href":"http:\/\/pc-direkthandel.de\/wordpress\/wp-json\/wp\/v2\/media\/6983"}],"wp:attachment":[{"href":"http:\/\/pc-direkthandel.de\/wordpress\/wp-json\/wp\/v2\/media?parent=6982"}],"wp:term":[{"taxonomy":"product_cat","embeddable":true,"href":"http:\/\/pc-direkthandel.de\/wordpress\/wp-json\/wp\/v2\/product_cat?post=6982"},{"taxonomy":"product_tag","embeddable":true,"href":"http:\/\/pc-direkthandel.de\/wordpress\/wp-json\/wp\/v2\/product_tag?post=6982"}],"curies":[{"name":"wp","href":"https:\/\/api.w.org\/{rel}","templated":true}]}}