{"id":6980,"date":"2019-11-23T15:29:01","date_gmt":"2019-11-23T13:29:01","guid":{"rendered":"http:\/\/pc-direkthandel.de\/wordpress\/?post_type=product&#038;p=6980"},"modified":"2019-11-23T15:31:09","modified_gmt":"2019-11-23T13:31:09","slug":"intel-core-i7-8700k","status":"publish","type":"product","link":"http:\/\/pc-direkthandel.de\/wordpress\/product\/intel-core-i7-8700k\/","title":{"rendered":"Intel Core i7-8700K"},"content":{"rendered":"<div class=\"boxContentWrapper\">\n<div class=\"row\">\n<div class=\"descriptionText col-lg-12 col-xs-12\">\n<div class=\"article\">\n<div class=\"boxContentWrapper\">\n<div class=\"row\">\n<div class=\"descriptionText col-lg-12 col-xs-12\">\n<div class=\"article\">\n<p>Die neuen Intel\u00ae Core\u2122 Prozessoren der 8. Generation werden eingef\u00fchrt. Profitieren Sie vom aktuellen Hype rund um 4K-UHD-Videos in Sekundenschnelle, fl\u00fcssiges Live-Broadcast-Gaming, schnelle 360\u00b0-Multimedia-Gestaltung und faszinierende Virtual-Reality-Erlebnisse.<\/p>\n<div class=\"itemizedlist\">\n<ul class=\"itemizedlist\">\n<li class=\"listitem\">Steigerung der Produktivit\u00e4t um bis zu 70 Prozent durch Leistungszuwachs im zweistelligen Bereich.<\/li>\n<li class=\"listitem\">Unvergleichliche Reaktionsgeschwindigkeit dank Intel\u00ae Ready-Mode-Technik, Intel\u00ae Optane\u2122 Arbeitsspeicher und Intel\u00ae Speed-Shift-Technologie.<\/li>\n<li class=\"listitem\">Mit einer Akkulaufzeit von bis zu 10 Stunden wird sichergestellt, dass Ihre Kunden den ganzen Arbeitstag \u00fcber vernetzt bleiben.<\/li>\n<li class=\"listitem\">Zuverl\u00e4ssige Verbindungen mithilfe von bis zu 15 Prozent schnelleren I\/O-Lanes und zus\u00e4tzlichen Verbindungsm\u00f6glichkeiten.<\/li>\n<li class=\"listitem\">Alle neuen Funktionen integriert mit Intel\u00ae vPro\u2122 Technik, Windows\u00ae 10-Optimierung und erstklassiger Sicherheit.<\/li>\n<\/ul>\n<\/div>\n<p><span class=\"bold\"><strong>Das ultimative Upgrade<\/strong><\/span><\/p>\n<p>Mit der achten Generation der Intel\u00ae Core\u2122 Prozessoren wird der Standard f\u00fcr PC-Leistung neu definiert! Diese blitzschnellen und funktionsstarken Prozessoren mit integrierter Sicherheit setzen neue Ma\u00dfst\u00e4be f\u00fcr Produktivit\u00e4t, Kreativit\u00e4t und 3D-Gaming. Und da die sechste Generation der Intel\u00ae Core\u2122 Prozessoren die eindrucksvolle neue Funktionalit\u00e4t von Windows\u00ae 10 unterst\u00fctzt, sind Ihrer Vorstellungskraft keine Grenzen gesetzt, um neue M\u00f6glichkeiten zu entdecken.<\/p>\n<p><span class=\"bold\"><strong>Spielen wie ein Profi<\/strong><\/span><\/p>\n<p>Die neue Prozessorgeneration sorgt f\u00fcr ein fantastisches Gaming-Erlebnis, denn mit einem Intel\u00ae Core\u2122 Prozessor der achten Generation lassen sich beliebte 3D-Games mit besserer Aufl\u00f6sung, mehr Details und h\u00f6herer Bildfrequenz spielen.<\/p>\n<p><span class=\"bold\"><strong>Windows\u00ae 10 funktioniert am besten mit Intel\u00ae Core\u2122 Prozessoren der sechsten Generation.<\/strong><\/span><\/p>\n<p>Mit Windows Hello* sparen Sie Zeit, da Sie sich ganz unkompliziert mit Ihrem Gesicht und einem L\u00e4cheln einloggen k\u00f6nnen. Zudem k\u00f6nnen Sie mit einer einfachen Fingerber\u00fchrung und einen Eingabestift Notizen machen oder Anmerkungen schreiben. F\u00fcr flexibles Gaming lassen sich Xbox*-Spiele ab nun zum PC streamen. Und mit Cortana* erhalten Sie eine neue virtuelle Assistentin&#8230; und beste Freundin.<\/p>\n<p><span class=\"bold\"><strong>Rasante Reaktionsschnelligkeit<\/strong><\/span><\/p>\n<p>Mit den neuen Intel\u00ae Core\u2122 Prozessoren verarbeitet Ihr PC jede Anfrage schnell und nahtlos \u2013 der PC ist in 0,5 Sekunden aktiviert, und dank der Intel\u00ae Speed Shift-Technik k\u00f6nnen Sie schnell zwischen Anwendungen und Webseiten wechseln.<\/p>\n<p><span class=\"bold\"><strong>Voll immersive Unterhaltung<\/strong><\/span><\/p>\n<p>Genie\u00dfen Sie ein brillantes Hi-Def-Anzeigeerlebnis mit scharfer und klarer 4K-Aufl\u00f6sung. Streamen Sie 4K-Ultra-HD-Inhalte von verschiedenen Anbietern, erstellen und bearbeiten Sie 4K-Videos 8 Mal schneller1, und genie\u00dfen Sie eine interaktive, fl\u00fcssige 4K-Ultra-HD 360-Videowiedergabe. Zudem k\u00f6nnen Sie beliebte Game-Titel bei 720\/Medium-Einstellungen bei 30 FPS spielen.<\/p>\n<\/div>\n<\/div>\n<\/div>\n<\/div>\n<\/div>\n<\/div>\n<\/div>\n<\/div>\n","protected":false},"excerpt":{"rendered":"<p>Die neuen Intel\u00ae Core\u2122 Prozessoren der 8. Generation werden eingef\u00fchrt. Profitieren Sie vom aktuellen Hype rund um 4K-UHD-Videos in Sekundenschnelle, fl\u00fcssiges Live-Broadcast-Gaming, schnelle 360\u00b0-Multimedia-Gestaltung und faszinierende Virtual-Reality-Erlebnisse. Steigerung der Produktivit\u00e4t um bis zu 70 Prozent durch Leistungszuwachs im zweistelligen Bereich. Unvergleichliche Reaktionsgeschwindigkeit dank Intel\u00ae Ready-Mode-Technik, Intel\u00ae Optane\u2122 Arbeitsspeicher und Intel\u00ae Speed-Shift-Technologie. Mit einer Akkulaufzeit von [&hellip;]<\/p>\n","protected":false},"featured_media":6981,"comment_status":"open","ping_status":"closed","template":"","meta":{"_acf_changed":false},"product_cat":[421],"product_tag":[],"acf":[],"jetpack_sharing_enabled":true,"_links":{"self":[{"href":"http:\/\/pc-direkthandel.de\/wordpress\/wp-json\/wp\/v2\/product\/6980"}],"collection":[{"href":"http:\/\/pc-direkthandel.de\/wordpress\/wp-json\/wp\/v2\/product"}],"about":[{"href":"http:\/\/pc-direkthandel.de\/wordpress\/wp-json\/wp\/v2\/types\/product"}],"replies":[{"embeddable":true,"href":"http:\/\/pc-direkthandel.de\/wordpress\/wp-json\/wp\/v2\/comments?post=6980"}],"wp:featuredmedia":[{"embeddable":true,"href":"http:\/\/pc-direkthandel.de\/wordpress\/wp-json\/wp\/v2\/media\/6981"}],"wp:attachment":[{"href":"http:\/\/pc-direkthandel.de\/wordpress\/wp-json\/wp\/v2\/media?parent=6980"}],"wp:term":[{"taxonomy":"product_cat","embeddable":true,"href":"http:\/\/pc-direkthandel.de\/wordpress\/wp-json\/wp\/v2\/product_cat?post=6980"},{"taxonomy":"product_tag","embeddable":true,"href":"http:\/\/pc-direkthandel.de\/wordpress\/wp-json\/wp\/v2\/product_tag?post=6980"}],"curies":[{"name":"wp","href":"https:\/\/api.w.org\/{rel}","templated":true}]}}