{"id":6969,"date":"2019-11-23T13:47:10","date_gmt":"2019-11-23T11:47:10","guid":{"rendered":"http:\/\/pc-direkthandel.de\/wordpress\/?post_type=product&#038;p=6969"},"modified":"2019-11-23T13:50:35","modified_gmt":"2019-11-23T11:50:35","slug":"amd-athlon-x4-950","status":"publish","type":"product","link":"http:\/\/pc-direkthandel.de\/wordpress\/product\/amd-athlon-x4-950\/","title":{"rendered":"AMD Athlon X4 950"},"content":{"rendered":"<p>Die AMD Athlon\u2122 Familie hat mit der AMD Athlon\u2122 X4 950 der siebten Generation einen neuen Zuwachs erhalten. Als Desktop-CPU verspricht der Prozessor neue Leistungssteigerung f\u00fcr Ihr System. Mit 4 CPU-Kernen und 4 Threads taktet der Prozessor auf bis zu 3,8 GHz. Bestens geeignet f\u00fcr Multithread-Anwendungen und fortschrittliche Betriebssysteme.<\/p>\n<p><span class=\"bold\"><strong>Die Performance, die Sie brauchen zum Preis, den Sie w\u00fcnschen<\/strong><\/span><\/p>\n<p>Holen Sie sich bis zu vier Kerne mit Hochfrequenzleistung von der Marke Ihres Vertrauens. Zu den verf\u00fcgbaren Optionen geh\u00f6ren nicht gesperrte Prozessoren f\u00fcr \u00dcbertaktung sowie Unterst\u00fctzung f\u00fcr DDR4-Hochgeschwindigkeitsspeicher. In Kombination mit AMD Radeon\u2122 Grafikkarten sind die extreme Performance und der unvergleichliche Anwendernutzen der AMD Technologie per Mausklick abrufbar.<\/p>\n","protected":false},"excerpt":{"rendered":"<p>Die AMD Athlon\u2122 Familie hat mit der AMD Athlon\u2122 X4 950 der siebten Generation einen neuen Zuwachs erhalten. Als Desktop-CPU verspricht der Prozessor neue Leistungssteigerung f\u00fcr Ihr System. Mit 4 CPU-Kernen und 4 Threads taktet der Prozessor auf bis zu 3,8 GHz. Bestens geeignet f\u00fcr Multithread-Anwendungen und fortschrittliche Betriebssysteme. Die Performance, die Sie brauchen zum [&hellip;]<\/p>\n","protected":false},"featured_media":6970,"comment_status":"open","ping_status":"closed","template":"","meta":{"_acf_changed":false},"product_cat":[420],"product_tag":[],"acf":[],"jetpack_sharing_enabled":true,"_links":{"self":[{"href":"http:\/\/pc-direkthandel.de\/wordpress\/wp-json\/wp\/v2\/product\/6969"}],"collection":[{"href":"http:\/\/pc-direkthandel.de\/wordpress\/wp-json\/wp\/v2\/product"}],"about":[{"href":"http:\/\/pc-direkthandel.de\/wordpress\/wp-json\/wp\/v2\/types\/product"}],"replies":[{"embeddable":true,"href":"http:\/\/pc-direkthandel.de\/wordpress\/wp-json\/wp\/v2\/comments?post=6969"}],"wp:featuredmedia":[{"embeddable":true,"href":"http:\/\/pc-direkthandel.de\/wordpress\/wp-json\/wp\/v2\/media\/6970"}],"wp:attachment":[{"href":"http:\/\/pc-direkthandel.de\/wordpress\/wp-json\/wp\/v2\/media?parent=6969"}],"wp:term":[{"taxonomy":"product_cat","embeddable":true,"href":"http:\/\/pc-direkthandel.de\/wordpress\/wp-json\/wp\/v2\/product_cat?post=6969"},{"taxonomy":"product_tag","embeddable":true,"href":"http:\/\/pc-direkthandel.de\/wordpress\/wp-json\/wp\/v2\/product_tag?post=6969"}],"curies":[{"name":"wp","href":"https:\/\/api.w.org\/{rel}","templated":true}]}}