{"id":6963,"date":"2019-11-23T11:13:11","date_gmt":"2019-11-23T09:13:11","guid":{"rendered":"http:\/\/pc-direkthandel.de\/wordpress\/?post_type=product&#038;p=6963"},"modified":"2019-11-23T11:14:58","modified_gmt":"2019-11-23T09:14:58","slug":"amd-ryzen-threadripper-1950x","status":"publish","type":"product","link":"http:\/\/pc-direkthandel.de\/wordpress\/product\/amd-ryzen-threadripper-1950x\/","title":{"rendered":"AMD Ryzen Threadripper 1950X"},"content":{"rendered":"<div class=\"boxContentWrapper\">\n<div class=\"row\">\n<div class=\"descriptionText col-lg-12 col-xs-12\">\n<div class=\"article\">\n<div class=\"descriptionText col-lg-8 col-xs-12\">\n<div class=\"article\">\n<div class=\"descriptionText col-lg-8 col-xs-12\">\n<div class=\"article\">\n<p><span class=\"bold\"><strong>\u00dcberw\u00e4ltigende Leistung. Unumstrittene \u00dcberlegenheit. Unbegrenztes Potential.<\/strong><\/span><\/p>\n<p>Der AMD Ryzen\u2122 Threadripper\u2122 <a class=\"textLink\" href=\"https:\/\/www.cyberport.de\/techniklexikon\/inhaltsverzeichnis\/c\/cpu.html\">Prozessor<\/a> ist daf\u00fcr entwickelt, unumstrittene Multiprocessing-\u00dcberlegenheit auf der ultimativen X399-Plattform f\u00fcr Desktops zu liefern.<\/p>\n<p>Der AMD RyzenTM Threadripper-<a class=\"textLink\" href=\"https:\/\/www.cyberport.de\/techniklexikon\/inhaltsverzeichnis\/c\/cpu.html\">Prozessor<\/a> ist der erste Verbraucherprozessor aus dem Hause AMD, der \u00fcber einen Sockel mit Land Grid Array verf\u00fcgt. Er nutzt einen TR4-Sockel mit 4094 Pins und besitzt im Vergleich zum AMD RyzenTM 7 ein gr\u00f6\u00dferes Volumen. Der brandneue AMD Ryzen Threadripper-Prozessor bedient sich einer 14-nm-Technik und bietet 16 Kerne und 32 Threads \u2013 mehr als doppelt so viele wie der AMD Ryzen 7. Zudem wartet der Ryzen Threadripper-Prozessor mit rekordverd\u00e4chtigen 64 PCIe Gen3-Lanes auf, die f\u00fcr eine ganzheitliche Verbesserung der Prozessorleistung sorgen.<\/p>\n<p><span class=\"bold\"><strong>Features:<\/strong><\/span><\/p>\n<div class=\"itemizedlist\">\n<ul class=\"itemizedlist\">\n<li class=\"listitem\">16 Kerne und 32 Threads f\u00fcr blitzschnelle kreative Workloads.<\/li>\n<li class=\"listitem\">Noch nie dagewesene 64 PCIe\u00ae Gen3-Lanes, um gro\u00dfe GPU- und NVMe-Anforderungen zu erf\u00fcllen.<\/li>\n<li class=\"listitem\">40 MB an kombiniertem Cache f\u00fcr schnellen Zugriff auf gro\u00dfe Datens\u00e4tze.<\/li>\n<li class=\"listitem\">Vierkanal-DDR4 mit ECC-Unterst\u00fctzung f\u00fcr verl\u00e4sslichen Durchsatz.<\/li>\n<\/ul>\n<\/div>\n<\/div>\n<\/div>\n<\/div>\n<\/div>\n<\/div>\n<\/div>\n<\/div>\n<\/div>\n","protected":false},"excerpt":{"rendered":"<p>\u00dcberw\u00e4ltigende Leistung. Unumstrittene \u00dcberlegenheit. Unbegrenztes Potential. Der AMD Ryzen\u2122 Threadripper\u2122 Prozessor ist daf\u00fcr entwickelt, unumstrittene Multiprocessing-\u00dcberlegenheit auf der ultimativen X399-Plattform f\u00fcr Desktops zu liefern. Der AMD RyzenTM Threadripper-Prozessor ist der erste Verbraucherprozessor aus dem Hause AMD, der \u00fcber einen Sockel mit Land Grid Array verf\u00fcgt. Er nutzt einen TR4-Sockel mit 4094 Pins und besitzt im [&hellip;]<\/p>\n","protected":false},"featured_media":6952,"comment_status":"open","ping_status":"closed","template":"","meta":{"_acf_changed":false},"product_cat":[420],"product_tag":[],"acf":[],"jetpack_sharing_enabled":true,"_links":{"self":[{"href":"http:\/\/pc-direkthandel.de\/wordpress\/wp-json\/wp\/v2\/product\/6963"}],"collection":[{"href":"http:\/\/pc-direkthandel.de\/wordpress\/wp-json\/wp\/v2\/product"}],"about":[{"href":"http:\/\/pc-direkthandel.de\/wordpress\/wp-json\/wp\/v2\/types\/product"}],"replies":[{"embeddable":true,"href":"http:\/\/pc-direkthandel.de\/wordpress\/wp-json\/wp\/v2\/comments?post=6963"}],"wp:featuredmedia":[{"embeddable":true,"href":"http:\/\/pc-direkthandel.de\/wordpress\/wp-json\/wp\/v2\/media\/6952"}],"wp:attachment":[{"href":"http:\/\/pc-direkthandel.de\/wordpress\/wp-json\/wp\/v2\/media?parent=6963"}],"wp:term":[{"taxonomy":"product_cat","embeddable":true,"href":"http:\/\/pc-direkthandel.de\/wordpress\/wp-json\/wp\/v2\/product_cat?post=6963"},{"taxonomy":"product_tag","embeddable":true,"href":"http:\/\/pc-direkthandel.de\/wordpress\/wp-json\/wp\/v2\/product_tag?post=6963"}],"curies":[{"name":"wp","href":"https:\/\/api.w.org\/{rel}","templated":true}]}}