{"id":6959,"date":"2019-11-23T11:04:49","date_gmt":"2019-11-23T09:04:49","guid":{"rendered":"http:\/\/pc-direkthandel.de\/wordpress\/?post_type=product&#038;p=6959"},"modified":"2019-11-23T11:06:34","modified_gmt":"2019-11-23T09:06:34","slug":"amd-a8-9600","status":"publish","type":"product","link":"http:\/\/pc-direkthandel.de\/wordpress\/product\/amd-a8-9600\/","title":{"rendered":"AMD A8-9600"},"content":{"rendered":"<p>Get playing. Der freigeschaltete AMD A8 Prozessor ist die ideale Wahl, um noch heute mit einer zukunftssicheren Plattform in Ihr Gaming-Erlebnis zu starten. R\u00fcsten Sie m\u00fchelos auf, wann immer Sie m\u00f6chten.<\/p>\n<p>Get playing mit den freigeschalteten Prozessoren der AMD A-Serie. Radeon\u2122 Grafik liefert schon heute Leistung f\u00fcr die Spiele von morgen. Und dank zukunftssicherer AM4-Plattform k\u00f6nnen Sie aufr\u00fcsten, wann immer Sie m\u00f6chten.<\/p>\n<p>Get playing. Der freigeschaltete AMD A8 Prozessor bietet Quad-Core Leistung und fortschrittliche RadeonTM Grafik. Machen Sie sich bereit f\u00fcr ein ultimatives Gaming-Erlebnis, ohne dabei Ihr Budget zu sprengen.<\/p>\n<p>Die fortschrittlichen Prozessoren der AMD A-Serie wurden zur Steigerung der Produktivit\u00e4t, Verbesserung des Multimedia-Erlebnisses und f\u00fcr beeindruckendes Online-Gaming mit einer zukunftssicheren Plattform entwickelt, die sich m\u00fchelos upgraden l\u00e4sst.<\/p>\n<p><span class=\"bold\"><strong>Features:<\/strong><\/span><\/p>\n<div class=\"itemizedlist\">\n<ul class=\"itemizedlist\">\n<li class=\"listitem\">Zwei Threads pro Kern<\/li>\n<li class=\"listitem\">Gro\u00dfer, einheitlicher L2-Cache<\/li>\n<li class=\"listitem\">Micro-Op-Cache<\/li>\n<li class=\"listitem\">Zwei AES-Einheiten f\u00fcr Sicherheit<\/li>\n<li class=\"listitem\">Hocheffiziente FinFET-Transistoren<\/li>\n<\/ul>\n<\/div>\n","protected":false},"excerpt":{"rendered":"<p>Get playing. Der freigeschaltete AMD A8 Prozessor ist die ideale Wahl, um noch heute mit einer zukunftssicheren Plattform in Ihr Gaming-Erlebnis zu starten. R\u00fcsten Sie m\u00fchelos auf, wann immer Sie m\u00f6chten. Get playing mit den freigeschalteten Prozessoren der AMD A-Serie. Radeon\u2122 Grafik liefert schon heute Leistung f\u00fcr die Spiele von morgen. Und dank zukunftssicherer AM4-Plattform [&hellip;]<\/p>\n","protected":false},"featured_media":6945,"comment_status":"open","ping_status":"closed","template":"","meta":{"_acf_changed":false},"product_cat":[420],"product_tag":[],"acf":[],"jetpack_sharing_enabled":true,"_links":{"self":[{"href":"http:\/\/pc-direkthandel.de\/wordpress\/wp-json\/wp\/v2\/product\/6959"}],"collection":[{"href":"http:\/\/pc-direkthandel.de\/wordpress\/wp-json\/wp\/v2\/product"}],"about":[{"href":"http:\/\/pc-direkthandel.de\/wordpress\/wp-json\/wp\/v2\/types\/product"}],"replies":[{"embeddable":true,"href":"http:\/\/pc-direkthandel.de\/wordpress\/wp-json\/wp\/v2\/comments?post=6959"}],"wp:featuredmedia":[{"embeddable":true,"href":"http:\/\/pc-direkthandel.de\/wordpress\/wp-json\/wp\/v2\/media\/6945"}],"wp:attachment":[{"href":"http:\/\/pc-direkthandel.de\/wordpress\/wp-json\/wp\/v2\/media?parent=6959"}],"wp:term":[{"taxonomy":"product_cat","embeddable":true,"href":"http:\/\/pc-direkthandel.de\/wordpress\/wp-json\/wp\/v2\/product_cat?post=6959"},{"taxonomy":"product_tag","embeddable":true,"href":"http:\/\/pc-direkthandel.de\/wordpress\/wp-json\/wp\/v2\/product_tag?post=6959"}],"curies":[{"name":"wp","href":"https:\/\/api.w.org\/{rel}","templated":true}]}}