{"id":6954,"date":"2019-11-22T22:48:20","date_gmt":"2019-11-22T20:48:20","guid":{"rendered":"http:\/\/pc-direkthandel.de\/wordpress\/?post_type=product&#038;p=6954"},"modified":"2019-11-22T22:50:39","modified_gmt":"2019-11-22T20:50:39","slug":"amd-athlon-220ge","status":"publish","type":"product","link":"http:\/\/pc-direkthandel.de\/wordpress\/product\/amd-athlon-220ge\/","title":{"rendered":"AMD Athlon 220GE"},"content":{"rendered":"<div class=\"article\">\n<p><span class=\"bold\"><strong>Bau dir den schnellen und zuverl\u00e4ssigen PC, den du schon immer haben wolltest. Ob f\u00fcr dich, deine Familie oder deine Freunde &#8211; die Antwort lautet Athlon.<\/strong><\/span><\/p>\n<p>AMDs preisgekr\u00f6ntes Processing und Radeon\u2122 Grafiktechnologie werden von der Bestseller-Konsole bis zum hochmodernen Flugzeug weltweit eingesetzt. Der neue AMD Athlon\u2122 Prozessor verbindet \u201eZen\u201c Architektur mit Radeon\u2122 Vega Grafikinnovationen zu einem sagenhaften Chip, der passgenau auf Benutzer von Alltags-PCs zugeschnitten ist.<\/p>\n<p><span class=\"bold\"><strong>Darf es reaktionsf\u00e4hig und schnell sein? Die Antwort lautet Athlon.<\/strong><\/span><\/p>\n<p>Der AMD Athlon\u2122 Prozessor nutzt die professionelle Processing-Leistung seines gro\u00dfen Bruders, dem AMD Ryzen\u2122 . Er baut auf der preisgekr\u00f6nten \u201eZen\u201c Architektur auf, die daf\u00fcr sorgt, dass AMD Athlon\u2122 Prozessoren schnell, reaktionsf\u00e4hig und zuverl\u00e4ssig laufen, und zwar so lange du es brauchst.<\/p>\n<p><span class=\"bold\"><strong>Wie w\u00e4r\u2018s mit erweiterter Grafik? Die Antwort lautet Athlon.<\/strong><\/span><\/p>\n<p>Du kannst fantastische TV-Sendungen und Filme streamen, bei deinen Lieblingsspielen in HD den Jackpot knacken und deinen Fotos den letzten Schliff geben, bevor du sie teilst. Dein AMD Athlon\u2122 Prozessor verf\u00fcgt \u00fcber integrierte Radeon\u2122 Vega Grafik, so dass dein stromsparendes System erweiterte HD-Grafikeffekte produziert.<\/p>\n<p><span class=\"bold\"><strong>Willst du auch zukunftsbereit sein? Die Antwort lautet Athlon.<\/strong><\/span><\/p>\n<p>Die \u00fcberzeugendsten PCs sind die, die am l\u00e4ngsten halten. AMD Athlon\u2122 Prozessoren sind dank der skalierbaren AM4 Plattform von AMD zukunftsbereit. Wenn es an der Zeit ist, deinen PC aufzur\u00fcsten, musst du lediglich die CPUs austauschen, d. h. du brauchst kein neues Motherboard.<\/p>\n<p>Aufr\u00fcsten ist kinderleicht. Von den neuesten Grafikkarten \u00fcber ultraschnellen DDR4-Speicher bis zu AMD Radeon FreeSync\u2122 -f\u00e4higen Displays und mehr &#8211; der AMD Athlon\u2122 Prozessor mit Radeon\u2122 Vega Grafikeinheit unterst\u00fctzt alles.<\/p>\n<p><span class=\"bold\"><strong>Features:<\/strong><\/span><\/p>\n<div class=\"itemizedlist\">\n<ul class=\"itemizedlist\">\n<li class=\"listitem\">Zwei Kerne, Vier Threads<\/li>\n<li class=\"listitem\">Speicherunterst\u00fctzung bis DDR4 2666\/2667 MHz<\/li>\n<li class=\"listitem\">Radeon Vega 3 Grafik mit 1 GHz<\/li>\n<li class=\"listitem\">max. Leistungsaufnahme 35 Watt<\/li>\n<li class=\"listitem\">In HD surfen, streamen und spielen<\/li>\n<li class=\"listitem\">Reaktionsf\u00e4higes, zuverl\u00e4ssiges und zukunftsbereites Computing.<\/li>\n<li class=\"listitem\">Erweiterte AMD Prozessor- und Grafiktechnologie<\/li>\n<\/ul>\n<\/div>\n<p><span class=\"bold\"><strong>Smart Prefetch<\/strong><\/span><\/p>\n<p>Fortschrittlich lernende Algorithmen verstehen die innere Funktionsweise Ihrer Anwendungen und ermitteln im Voraus, welche Daten sie m\u00f6glicherweise ben\u00f6tigen. Smart Prefetch l\u00e4dt diese Daten f\u00fcr ein schnelles und verz\u00f6gerungsfreies Computing im Voraus auf den AMD Ryzen\u2122 Prozessor.<\/p>\n<\/div>\n","protected":false},"excerpt":{"rendered":"<p>Bau dir den schnellen und zuverl\u00e4ssigen PC, den du schon immer haben wolltest. Ob f\u00fcr dich, deine Familie oder deine Freunde &#8211; die Antwort lautet Athlon. AMDs preisgekr\u00f6ntes Processing und Radeon\u2122 Grafiktechnologie werden von der Bestseller-Konsole bis zum hochmodernen Flugzeug weltweit eingesetzt. Der neue AMD Athlon\u2122 Prozessor verbindet \u201eZen\u201c Architektur mit Radeon\u2122 Vega Grafikinnovationen zu [&hellip;]<\/p>\n","protected":false},"featured_media":6955,"comment_status":"open","ping_status":"closed","template":"","meta":{"_acf_changed":false},"product_cat":[420],"product_tag":[],"acf":[],"jetpack_sharing_enabled":true,"_links":{"self":[{"href":"http:\/\/pc-direkthandel.de\/wordpress\/wp-json\/wp\/v2\/product\/6954"}],"collection":[{"href":"http:\/\/pc-direkthandel.de\/wordpress\/wp-json\/wp\/v2\/product"}],"about":[{"href":"http:\/\/pc-direkthandel.de\/wordpress\/wp-json\/wp\/v2\/types\/product"}],"replies":[{"embeddable":true,"href":"http:\/\/pc-direkthandel.de\/wordpress\/wp-json\/wp\/v2\/comments?post=6954"}],"wp:featuredmedia":[{"embeddable":true,"href":"http:\/\/pc-direkthandel.de\/wordpress\/wp-json\/wp\/v2\/media\/6955"}],"wp:attachment":[{"href":"http:\/\/pc-direkthandel.de\/wordpress\/wp-json\/wp\/v2\/media?parent=6954"}],"wp:term":[{"taxonomy":"product_cat","embeddable":true,"href":"http:\/\/pc-direkthandel.de\/wordpress\/wp-json\/wp\/v2\/product_cat?post=6954"},{"taxonomy":"product_tag","embeddable":true,"href":"http:\/\/pc-direkthandel.de\/wordpress\/wp-json\/wp\/v2\/product_tag?post=6954"}],"curies":[{"name":"wp","href":"https:\/\/api.w.org\/{rel}","templated":true}]}}