{"id":6953,"date":"2019-11-22T22:46:12","date_gmt":"2019-11-22T20:46:12","guid":{"rendered":"http:\/\/pc-direkthandel.de\/wordpress\/?post_type=product&#038;p=6953"},"modified":"2019-11-22T22:48:00","modified_gmt":"2019-11-22T20:48:00","slug":"amd-ryzen-3-1300x","status":"publish","type":"product","link":"http:\/\/pc-direkthandel.de\/wordpress\/product\/amd-ryzen-3-1300x\/","title":{"rendered":"AMD Ryzen 3 1300X"},"content":{"rendered":"<div class=\"descriptionText col-lg-12 col-xs-12\">\n<div class=\"article\">\n<div class=\"boxContentWrapper\">\n<div class=\"row\">\n<div class=\"descriptionText col-lg-12 col-xs-12\">\n<div class=\"article\">\n<div class=\"boxContentWrapper\">\n<div class=\"row\">\n<div class=\"descriptionText col-lg-12 col-xs-12\">\n<div class=\"article\">\n<p><span class=\"bold\"><strong>Wahre Quad-Core-Performance f\u00fcr Gaming und Computing<\/strong><\/span><\/p>\n<p>Ausgestattet mit 4 Prozessorkernen f\u00fcr leistungsstarkes Gaming und effiziente Verarbeitung und mit echter Maschinenintelligenz, die Ihre Anforderungen analysiert und sich diesen anpasst.<\/p>\n<p><span class=\"bold\"><strong>Features:<\/strong><\/span><\/p>\n<div class=\"itemizedlist\">\n<ul class=\"itemizedlist\">\n<li class=\"listitem\">\u201eZen\u201c Core-Architektur<\/li>\n<li class=\"listitem\">AMD SenseMI Technologie<\/li>\n<li class=\"listitem\">AMD Ryzen Master Dienstprogramm<\/li>\n<\/ul>\n<\/div>\n<p><span class=\"bold\"><strong>Maximale Recheneffizienz<\/strong><\/span><\/p>\n<p>Die \u201eZen\u201c-Mikroarchitektur ist ein von Grund auf neues x86-Prozessor-Design, das eine neue Generation an hochleistungsf\u00e4higen AMD Computing-Produkten f\u00fcr 2017 und dar\u00fcber hinaus inspiriert. \u201eZen\u201c kombiniert die neuesten Ideen hinsichtlich hohem Durchsatz und niedrigem Stromverbrauch, um eine ausgewogene und vielseitige Architektur zu entwickeln, die im Desktop-PC und Laptop genauso zu Hause ist, wie im Rechenzentrum oder Supercomputer<\/p>\n<p><span class=\"bold\"><strong>Performance und Effizienz f\u00fcr Anwendungen der n\u00e4chsten Generation<\/strong><\/span><\/p>\n<p>Cloud-Computing, Unternehmensproduktivit\u00e4t, immersive visuelle Erlebnisse, Gaming und Datensicherheit er\u00f6ffnen neue Grenzen \u2013 und verlangen eine h\u00f6here Rechenleistung bei maximaler Energieeffizienz. Die Entwickler von AMD haben die neue \u201eZen\u201c-Mikroarchitektur von Anfang an darauf hin entwickelt, diese Anforderungen mithilfe einer hochleistungsf\u00e4higen Ausf\u00fchrungs-Engine, mit gro\u00dfen Caches und leistungsstarken Multi-Threading-F\u00e4higkeiten zu erf\u00fcllen.<\/p>\n<p><span class=\"bold\"><strong>Angetrieben durch die AM4-Plattform<\/strong><\/span><\/p>\n<p>Die neue AMD AM4-Plattform stellt reibungslose Kompatibilit\u00e4t in den Mittelpunkt. Unser neuer Prozessorsockel mit 1.331 Pins ist mit der neuen AMD APU der 7. Generation, der Ryzen CPU, sowie der kommenden \u201eRaven Ridge\u201c-APU kompatibel. Das eine AM4-Sockel-Motherboard, das Sie kaufen, wird mit allen AM4-Prozessoren kompatibel sein! Und dank der Unterst\u00fctzung aktuellster E\/A-Standards, wie z. B. USB 3.1 Gen 2, NVMe oder PCI Express\u00ae 3.0, ist es einfach ein System aufzubauen, das mit Ihren Anforderungen mitwachsen kann.<\/p>\n<\/div>\n<\/div>\n<\/div>\n<\/div>\n<\/div>\n<\/div>\n<\/div>\n<\/div>\n<\/div>\n<\/div>\n","protected":false},"excerpt":{"rendered":"<p>Wahre Quad-Core-Performance f\u00fcr Gaming und Computing Ausgestattet mit 4 Prozessorkernen f\u00fcr leistungsstarkes Gaming und effiziente Verarbeitung und mit echter Maschinenintelligenz, die Ihre Anforderungen analysiert und sich diesen anpasst. Features: \u201eZen\u201c Core-Architektur AMD SenseMI Technologie AMD Ryzen Master Dienstprogramm Maximale Recheneffizienz Die \u201eZen\u201c-Mikroarchitektur ist ein von Grund auf neues x86-Prozessor-Design, das eine neue Generation an hochleistungsf\u00e4higen [&hellip;]<\/p>\n","protected":false},"featured_media":6935,"comment_status":"open","ping_status":"closed","template":"","meta":{"_acf_changed":false},"product_cat":[420],"product_tag":[],"acf":[],"jetpack_sharing_enabled":true,"_links":{"self":[{"href":"http:\/\/pc-direkthandel.de\/wordpress\/wp-json\/wp\/v2\/product\/6953"}],"collection":[{"href":"http:\/\/pc-direkthandel.de\/wordpress\/wp-json\/wp\/v2\/product"}],"about":[{"href":"http:\/\/pc-direkthandel.de\/wordpress\/wp-json\/wp\/v2\/types\/product"}],"replies":[{"embeddable":true,"href":"http:\/\/pc-direkthandel.de\/wordpress\/wp-json\/wp\/v2\/comments?post=6953"}],"wp:featuredmedia":[{"embeddable":true,"href":"http:\/\/pc-direkthandel.de\/wordpress\/wp-json\/wp\/v2\/media\/6935"}],"wp:attachment":[{"href":"http:\/\/pc-direkthandel.de\/wordpress\/wp-json\/wp\/v2\/media?parent=6953"}],"wp:term":[{"taxonomy":"product_cat","embeddable":true,"href":"http:\/\/pc-direkthandel.de\/wordpress\/wp-json\/wp\/v2\/product_cat?post=6953"},{"taxonomy":"product_tag","embeddable":true,"href":"http:\/\/pc-direkthandel.de\/wordpress\/wp-json\/wp\/v2\/product_tag?post=6953"}],"curies":[{"name":"wp","href":"https:\/\/api.w.org\/{rel}","templated":true}]}}