{"id":6944,"date":"2019-11-22T22:30:44","date_gmt":"2019-11-22T20:30:44","guid":{"rendered":"http:\/\/pc-direkthandel.de\/wordpress\/?post_type=product&#038;p=6944"},"modified":"2019-11-22T22:33:26","modified_gmt":"2019-11-22T20:33:26","slug":"amd-a8-7680","status":"publish","type":"product","link":"http:\/\/pc-direkthandel.de\/wordpress\/product\/amd-a8-7680\/","title":{"rendered":"AMD A8-7680"},"content":{"rendered":"<p><span class=\"bold\"><strong>Die APU Technologie ist die erste Wahl f\u00fcr digitale Unterhaltung und Gaming<\/strong><\/span><\/p>\n<p>Entdecken Sie Technologie, die durch erstklassige Quad-Core-Leistung und bedarfsgerechtes Design der AMD APU-basierten Desktop-PCs praktisch allen Aufgaben gewachsen ist. Erwecken Sie Ihre digitale Welt durch intuitive Gesten- und Ber\u00fchrungssteuerung zum Leben und freuen Sie sich auf ein intensives Spielerlebnis mit einer AMD Radeon\u2122 HD Grafikkarte. Das alles in einem schlanken High-End-Desktop.<\/p>\n<p>AMD Gesture Control &#8211; Durch eine einfache Bewegung mit Ihrem Handgelenk k\u00f6nnen Sie Ihren PC steuern und mit diesem frei und nat\u00fcrlich interagieren.<\/p>\n<p>AMD Face Login &#8211; Die fortschrittliche Gesichtserkennungssoftware von AMD erm\u00f6glicht eine schnelle und sichere Anmeldung ohne Kennworteingabe.<\/p>\n<p>Hervorragende Grafik- und Spieleleistung &#8211; Sorgen Sie mit AMD Radeon\u2122 Grafikkarten f\u00fcr ein Spielerlebnis der Spitzenklasse und beste Bildwiedergabe. Tauchen Sie mit intensiver Grafik und voller DirectX\u00ae-Unterst\u00fctzung ein in Ihre Spielewelt und seien Sie Ihren Gegnern dank aktueller Never Settle-Treiber immer einen Schritt voraus.<\/p>\n<p>Tauchen Sie ein mit AMD Eyefinity Technologie &#8211; Die Technologie zum simultanen Betrieb mehrerer Monitore bietet ein anspruchsvolles Erlebnis f\u00fcr Gaming, Produktivit\u00e4tsanwendungen und Entertainment, indem das Bild formatf\u00fcllend auf bis zu vier Monitore aufgeteilt wird.<\/p>\n<p><span class=\"bold\"><strong>Vorteile und Leistungen der A8 Klasse<\/strong><\/span><\/p>\n<p>AMD Accelerated Video Converter &#8211; Genie\u00dfen Sie Ihre Musik und Filme auch unterwegs \u2013 das Konvertieren, Synchronisieren und Wiedergeben Ihrer Video- und Musikdateien wird mit dem AMD Accelerated Video Converter zum Kinderspiel.<\/p>\n<p>AMD App Acceleration &#8211; Beschleunigen Sie Standardanwendungen mit mehr Grafikkernen und AMD App Acceleration.<\/p>\n<p>AMD Eyefinity Technology &#8211; Tauchen Sie ein in die grandiose Spiel- und Unterhaltungswelt auf bis zu vier Monitoren mit der AMD Eyefinity Technologie.<\/p>\n<p>AMD HD Medienbeschleuniger &#8211; Genie\u00dfen Sie HD Videos in bester Qualit\u00e4t dank der beschleunigten Konvertierung und der unterbrechungsfreien Wiedergabe \u00fcber den AMD HD Medienbeschleuniger.<\/p>\n<p>AMD Quick Stream Technology &#8211; Das lange Warten hat ein Ende \u2013 erzielen Sie ein schnelles, verz\u00f6gerungsfreies Internet-Streaming mit den leistungsstarken APU-Grafikkarten, die mit der AMD Quick Stream Technologie ausgestattet sind.<\/p>\n<p>AMD Turbo Core Technology 3.0 &#8211; Automatische Leistungssteigerung, wenn Ihr System an seine Grenzen ger\u00e4t, mit reduziertem Energieverbrauch f\u00fcr Standardaufgaben, um Ihr System k\u00fchl und leise zu halten.<\/p>\n","protected":false},"excerpt":{"rendered":"<p>Die APU Technologie ist die erste Wahl f\u00fcr digitale Unterhaltung und Gaming Entdecken Sie Technologie, die durch erstklassige Quad-Core-Leistung und bedarfsgerechtes Design der AMD APU-basierten Desktop-PCs praktisch allen Aufgaben gewachsen ist. Erwecken Sie Ihre digitale Welt durch intuitive Gesten- und Ber\u00fchrungssteuerung zum Leben und freuen Sie sich auf ein intensives Spielerlebnis mit einer AMD Radeon\u2122 [&hellip;]<\/p>\n","protected":false},"featured_media":6945,"comment_status":"open","ping_status":"closed","template":"","meta":{"_acf_changed":false},"product_cat":[420],"product_tag":[],"acf":[],"jetpack_sharing_enabled":true,"_links":{"self":[{"href":"http:\/\/pc-direkthandel.de\/wordpress\/wp-json\/wp\/v2\/product\/6944"}],"collection":[{"href":"http:\/\/pc-direkthandel.de\/wordpress\/wp-json\/wp\/v2\/product"}],"about":[{"href":"http:\/\/pc-direkthandel.de\/wordpress\/wp-json\/wp\/v2\/types\/product"}],"replies":[{"embeddable":true,"href":"http:\/\/pc-direkthandel.de\/wordpress\/wp-json\/wp\/v2\/comments?post=6944"}],"wp:featuredmedia":[{"embeddable":true,"href":"http:\/\/pc-direkthandel.de\/wordpress\/wp-json\/wp\/v2\/media\/6945"}],"wp:attachment":[{"href":"http:\/\/pc-direkthandel.de\/wordpress\/wp-json\/wp\/v2\/media?parent=6944"}],"wp:term":[{"taxonomy":"product_cat","embeddable":true,"href":"http:\/\/pc-direkthandel.de\/wordpress\/wp-json\/wp\/v2\/product_cat?post=6944"},{"taxonomy":"product_tag","embeddable":true,"href":"http:\/\/pc-direkthandel.de\/wordpress\/wp-json\/wp\/v2\/product_tag?post=6944"}],"curies":[{"name":"wp","href":"https:\/\/api.w.org\/{rel}","templated":true}]}}