{"id":6930,"date":"2019-11-22T22:04:55","date_gmt":"2019-11-22T20:04:55","guid":{"rendered":"http:\/\/pc-direkthandel.de\/wordpress\/?post_type=product&#038;p=6930"},"modified":"2019-11-22T22:08:27","modified_gmt":"2019-11-22T20:08:27","slug":"amd-ryzen-7-1700","status":"publish","type":"product","link":"http:\/\/pc-direkthandel.de\/wordpress\/product\/amd-ryzen-7-1700\/","title":{"rendered":"AMD Ryzen 7 1700"},"content":{"rendered":"<div class=\"descriptionText col-lg-12 col-xs-12\">\n<div class=\"article\">\n<div class=\"boxContentWrapper\">\n<div class=\"row\">\n<div class=\"descriptionText col-lg-12 col-xs-12\">\n<div class=\"article\">\n<p>Mit den RYZEN-Prozessoren bringt AMD die ersten CPUs auf Basis der neuen Zen-Architektur auf den Markt.<\/p>\n<p><span class=\"bold\"><strong>Ein neuer Ma\u00dfstab in puncto Effizienz und High-Performance<\/strong><\/span><\/p>\n<p>Die \u201eZen\u201c-Architektur des x86-Hochleistungsprozessors von AMD bietet eine nie da gewesene 40-prozentige Steigerung der Befehle-pro-Taktzyklus im Vergleich zu anderen AMD Prozessoren \u2013 und das bei gleichbleibendem Stromverbrauch.*<\/p>\n<p>Die neue AMD Zen-Architektur verwendet eine umfassende Ausf\u00fchrungs-Engine in einem Simultaneous Multithreading (SMT)-f\u00e4higen Design. Die \u201eZen\u201c-Prozessoren verwenden auf effiziente Weise verf\u00fcgbare mikro-architektonische Ressourcen f\u00fcr eine maximale Rechenleistung. Ein neuer Drei-Ebenen-Cache mit niedriger Latenz und neue Vorabruf-Algorithmen erm\u00f6glichen eine drastische Reduzierung von Cache-Fehltreffern und eine gr\u00f6\u00dfere Bandbreite im Vergleich zur vorherigen Mikroarchitektur.<\/p>\n<p><span class=\"bold\"><strong>Features:<\/strong><\/span><\/p>\n<div class=\"itemizedlist\">\n<ul class=\"itemizedlist\">\n<li class=\"listitem\">Zwei Threads pro Kern<\/li>\n<li class=\"listitem\">8 MB gemeinsam genutzter L3-Cache<\/li>\n<li class=\"listitem\">Gro\u00dfer, einheitlicher L2-Cache<\/li>\n<li class=\"listitem\">Micro-Op-Cache<\/li>\n<li class=\"listitem\">Zwei AES-Einheiten f\u00fcr Sicherheit<\/li>\n<li class=\"listitem\">Hocheffiziente FinFET-Transistoren<\/li>\n<li class=\"listitem\">Inkl. Wraith Spire K\u00fchler 109 \u00d7 103 \u00d7 54 mm (B\u00d7L\u00d7H)<\/li>\n<li class=\"listitem\">LED Ring (RGB Farben)<\/li>\n<\/ul>\n<\/div>\n<p><span class=\"bold\"><strong>Angetrieben durch die AM4-Plattform<\/strong><\/span><\/p>\n<p>Ob nun APUs der 7. Generation oder die kommenden Zen-basierten Desktop-Prozessoren \u201eSummit Ridge\u201c \u2013 die innovative AM4-Plattform zeichnet sich durch neueste E\/A-Standards und AMDs Versprechen aus, diese Plattform auch zuk\u00fcnftig zu unterst\u00fctzen.<\/p>\n<p>Die ersten \u201eZen\u201c-Kerne f\u00fcr \u201eSummit Ridge\u201c-basierte Desktop-PCs werden den AMD AM4-Sockel verwenden, eine neue einheitliche Sockelinfrastruktur, die mit AMD A-Serie Desktopprozessoren der 7. Generation kompatibel ist. Dank dedizierter PCIe\u00ae Lanes f\u00fcr modernste USBs, Grafikkarten, Daten und andere E\/A, wird die AMD AM4-Plattform nicht die Lanes anderer Ger\u00e4te oder Komponenten belegen. Nutzer profitieren dadurch von Systemen mit verbesserter Reaktionsf\u00e4higkeit und von den zukunftsweisenden Technologien, die durch die AM4-Plattform bereitstellt werden. Damit werden leistungsstarke, skalierbare und verl\u00e4ssliche Computing-L\u00f6sungen f\u00fcr s\u00e4mtliche Anforderungen geboten.\u200b<\/p>\n<p><span class=\"bold\"><strong>\u200bDer original AMD Wraith Cooler<\/strong><\/span><\/p>\n<p>Eingebaut in Ihren PC, l\u00e4uft der AMD Wraith Cooler mit nur 39 dB nahezu ger\u00e4uschlos.1,2 Damit erzeugt er nur ein Zehntel des Ger\u00e4uschpegels seines Vorg\u00e4ngermodells. Gleichzeitig bietet er dank einer 24 % gr\u00f6\u00dferen Lamellenoberfl\u00e4che und einem um 34 % verbesserten Luftstrom eine beeindruckende K\u00fchl-Performance.3,5 Der AMD Wraith Cooler ist mit Hintergrundbeleuchtung und einer attraktiven L\u00fcfterverkleidung ausgestattet und kann daher von jedem PC-Begeisterten stolz in seinem System pr\u00e4sentiert werden.<\/p>\n<\/div>\n<\/div>\n<\/div>\n<\/div>\n<\/div>\n<\/div>\n","protected":false},"excerpt":{"rendered":"<p>Mit den RYZEN-Prozessoren bringt AMD die ersten CPUs auf Basis der neuen Zen-Architektur auf den Markt. Ein neuer Ma\u00dfstab in puncto Effizienz und High-Performance Die \u201eZen\u201c-Architektur des x86-Hochleistungsprozessors von AMD bietet eine nie da gewesene 40-prozentige Steigerung der Befehle-pro-Taktzyklus im Vergleich zu anderen AMD Prozessoren \u2013 und das bei gleichbleibendem Stromverbrauch.* Die neue AMD Zen-Architektur [&hellip;]<\/p>\n","protected":false},"featured_media":6931,"comment_status":"open","ping_status":"closed","template":"","meta":{"_acf_changed":false},"product_cat":[420],"product_tag":[],"acf":[],"jetpack_sharing_enabled":true,"_links":{"self":[{"href":"http:\/\/pc-direkthandel.de\/wordpress\/wp-json\/wp\/v2\/product\/6930"}],"collection":[{"href":"http:\/\/pc-direkthandel.de\/wordpress\/wp-json\/wp\/v2\/product"}],"about":[{"href":"http:\/\/pc-direkthandel.de\/wordpress\/wp-json\/wp\/v2\/types\/product"}],"replies":[{"embeddable":true,"href":"http:\/\/pc-direkthandel.de\/wordpress\/wp-json\/wp\/v2\/comments?post=6930"}],"wp:featuredmedia":[{"embeddable":true,"href":"http:\/\/pc-direkthandel.de\/wordpress\/wp-json\/wp\/v2\/media\/6931"}],"wp:attachment":[{"href":"http:\/\/pc-direkthandel.de\/wordpress\/wp-json\/wp\/v2\/media?parent=6930"}],"wp:term":[{"taxonomy":"product_cat","embeddable":true,"href":"http:\/\/pc-direkthandel.de\/wordpress\/wp-json\/wp\/v2\/product_cat?post=6930"},{"taxonomy":"product_tag","embeddable":true,"href":"http:\/\/pc-direkthandel.de\/wordpress\/wp-json\/wp\/v2\/product_tag?post=6930"}],"curies":[{"name":"wp","href":"https:\/\/api.w.org\/{rel}","templated":true}]}}