{"id":6926,"date":"2019-11-22T18:00:35","date_gmt":"2019-11-22T16:00:35","guid":{"rendered":"http:\/\/pc-direkthandel.de\/wordpress\/?post_type=product&#038;p=6926"},"modified":"2019-11-22T18:03:50","modified_gmt":"2019-11-22T16:03:50","slug":"amd-ryzen-3-2200g","status":"publish","type":"product","link":"http:\/\/pc-direkthandel.de\/wordpress\/product\/amd-ryzen-3-2200g\/","title":{"rendered":"AMD Ryzen 3 2200G"},"content":{"rendered":"<div class=\"descriptionText col-lg-12 col-xs-12\">\n<div class=\"article\">\n<p><span class=\"bold\"><strong>Der \u00fcbertaktbare Quad-Core-Prozessor f\u00fcr das beste eSports-Gaming-Erlebnis. AMD Ryzen\u2122 Desktop Processor mit Radeon\u2122 Vega Graphics<\/strong><\/span><\/p>\n<p>4 Kerne\/4 Verarbeitungs-Threads, mit integrierter leistungsf\u00e4higer Radeon\u2122 RX Vega 8 Grafikkarte<\/p>\n<p><span class=\"bold\"><strong>Features:<\/strong><\/span><\/p>\n<div class=\"itemizedlist\">\n<ul class=\"itemizedlist\">\n<li class=\"listitem\">Zwei Threads pro Kern<\/li>\n<li class=\"listitem\">Radeon Vega 8 GPU mit 1100 MHz<\/li>\n<li class=\"listitem\">Gro\u00dfer, einheitlicher L2-Cache<\/li>\n<li class=\"listitem\">Micro-Op-Cache<\/li>\n<li class=\"listitem\">Zwei AES-Einheiten f\u00fcr Sicherheit<\/li>\n<li class=\"listitem\">Hocheffiziente FinFET-Transistoren<\/li>\n<li class=\"listitem\">AMD SenseMI Technology<\/li>\n<li class=\"listitem\">AMD Ryzen\u2122 Master Utility<\/li>\n<li class=\"listitem\">Enmotus FuzeDrive\u2122 for AMD Ryzen\u2122<\/li>\n<li class=\"listitem\">Radeon\u2122 Software<\/li>\n<\/ul>\n<\/div>\n<p><span class=\"bold\"><strong>Erweiterte Hochleistungsverarbeitung<\/strong><\/span><\/p>\n<p>Die intelligenten, revolution\u00e4ren AMD Ryzen\u2122 Prozessoren sind darauf zugeschnitten, Ihnen ein ultimatives, leistungsstarkes Computing-Erlebnis zu bieten. Die neueste revolution\u00e4re AMD Multi-Threaded-Prozessortechnologie bietet Ihnen beim Spielen oder Arbeiten eine blitzschnelle Leistung.<\/p>\n<p><span class=\"bold\"><strong>Gaming-Power auf Konsolenniveau<\/strong><\/span><\/p>\n<p>Nutzen Sie die leistungsst\u00e4rkste verf\u00fcgbare Grafikkarte eines Desktop-Prozessors \u2013 mit der Radeon\u2122 RX Vega Prozessorgrafikkarte. Die neueste und fortschrittlichste Vega-Grafikkartentechnologie bietet eine schnelle, reibungslose, fl\u00fcssige Leistung f\u00fcr Ihre Lieblingsspiele.<\/p>\n<p><span class=\"bold\"><strong>Keine Kompromisse<\/strong><\/span><\/p>\n<p>AMD Ryzen\u2122 Prozessoren mit Radeon\u2122 RX Vega Grafikkarten sind mit der fortschrittlichsten, leistungsst\u00e4rksten Computing- und Grafikhardware von heute ausgestattet, die Ihnen kombiniert in einem einzigen Prozessor die ben\u00f6tigte H\u00f6chstleistung f\u00fcr anspruchsvolles Arbeiten und Spielen bietet \u2013 ganz ohne Kompromisse.<\/p>\n<p><span class=\"bold\"><strong>AMD SenseMI Technologie<\/strong><\/span><\/p>\n<p>Mit der AMD SenseMI-Technologie nutzt Ryzen\u2122 echte Maschinenintelligenz, um die Leistung noch weiter zu optimieren.<\/p>\n<p><span class=\"bold\"><strong>AMD Ryzen\u2122 Master Dienstprogramm<\/strong><\/span><\/p>\n<p>Das unkomplizierte und leistungsstarke Programm zum \u00dcbertakten der AMD Ryzen\u2122 Prozessoren<\/p>\n<p><span class=\"bold\"><strong>Enmotus FuzeDrive\u2122 f\u00fcr AMD Ryzen\u2122<\/strong><\/span><\/p>\n<p>Beschleunigen Sie Ihren PC mit einer schnelleren, intelligenteren und einfacheren Speichertechnologie. Exklusiv f\u00fcr AMD Ryzen\u2122Desktop-Prozessoren.<\/p>\n<\/div>\n<\/div>\n","protected":false},"excerpt":{"rendered":"<p>Der \u00fcbertaktbare Quad-Core-Prozessor f\u00fcr das beste eSports-Gaming-Erlebnis. AMD Ryzen\u2122 Desktop Processor mit Radeon\u2122 Vega Graphics 4 Kerne\/4 Verarbeitungs-Threads, mit integrierter leistungsf\u00e4higer Radeon\u2122 RX Vega 8 Grafikkarte Features: Zwei Threads pro Kern Radeon Vega 8 GPU mit 1100 MHz Gro\u00dfer, einheitlicher L2-Cache Micro-Op-Cache Zwei AES-Einheiten f\u00fcr Sicherheit Hocheffiziente FinFET-Transistoren AMD SenseMI Technology AMD Ryzen\u2122 Master Utility [&hellip;]<\/p>\n","protected":false},"featured_media":6927,"comment_status":"open","ping_status":"closed","template":"","meta":{"_acf_changed":false},"product_cat":[420],"product_tag":[],"acf":[],"jetpack_sharing_enabled":true,"_links":{"self":[{"href":"http:\/\/pc-direkthandel.de\/wordpress\/wp-json\/wp\/v2\/product\/6926"}],"collection":[{"href":"http:\/\/pc-direkthandel.de\/wordpress\/wp-json\/wp\/v2\/product"}],"about":[{"href":"http:\/\/pc-direkthandel.de\/wordpress\/wp-json\/wp\/v2\/types\/product"}],"replies":[{"embeddable":true,"href":"http:\/\/pc-direkthandel.de\/wordpress\/wp-json\/wp\/v2\/comments?post=6926"}],"wp:featuredmedia":[{"embeddable":true,"href":"http:\/\/pc-direkthandel.de\/wordpress\/wp-json\/wp\/v2\/media\/6927"}],"wp:attachment":[{"href":"http:\/\/pc-direkthandel.de\/wordpress\/wp-json\/wp\/v2\/media?parent=6926"}],"wp:term":[{"taxonomy":"product_cat","embeddable":true,"href":"http:\/\/pc-direkthandel.de\/wordpress\/wp-json\/wp\/v2\/product_cat?post=6926"},{"taxonomy":"product_tag","embeddable":true,"href":"http:\/\/pc-direkthandel.de\/wordpress\/wp-json\/wp\/v2\/product_tag?post=6926"}],"curies":[{"name":"wp","href":"https:\/\/api.w.org\/{rel}","templated":true}]}}