{"id":6923,"date":"2019-11-22T17:49:32","date_gmt":"2019-11-22T15:49:32","guid":{"rendered":"http:\/\/pc-direkthandel.de\/wordpress\/?post_type=product&#038;p=6923"},"modified":"2019-11-22T17:52:14","modified_gmt":"2019-11-22T15:52:14","slug":"amd-ryzen-5-2600","status":"publish","type":"product","link":"http:\/\/pc-direkthandel.de\/wordpress\/product\/amd-ryzen-5-2600\/","title":{"rendered":"AMD Ryzen 5 2600"},"content":{"rendered":"<p><span class=\"bold\"><strong>Game. Stream. Design. Create.<\/strong><\/span><\/p>\n<p><span class=\"bold\"><strong>2. Generation Ryzen\u2122. Der intelligente Prozessor.<\/strong><\/span><\/p>\n<p>Die AMD Ryzen\u2122 Desktop Prozessoren der 2. Generation. mit mehr Leistung als je zuvor. Gamer, Streamer, Kreative: Hol dir den modernen, intelligenten, reaktionsschnellen Ryzen\u2122 Prozessor.<\/p>\n<p><span class=\"bold\"><strong>Unglaubliche Spielleistung<\/strong><\/span><\/p>\n<p>Die AMD Ryzen\u2122 Desktop Prozessoren der 2. Generation setzen neue Ma\u00dfst\u00e4be f\u00fcr PC Gaming.<\/p>\n<p>AMD Precision Boost 2 Technologie erm\u00f6glicht h\u00f6here Frequenzen, das 12 Nanometer Design optimiert die Speichergeschwindigkeit und reduziert die Latenz f\u00fcr bessere Spielerlebnisse.<\/p>\n<p><span class=\"bold\"><strong>Technologie <\/strong><\/span><\/p>\n<p>Die AMD Ryzen\u2122 Desktop Prozessoren der 2. Generation basieren auf 12 Nanometer Prozesstechnologie, um die neuesten, modernen Funktionen umzusetzen.<\/p>\n<p>Die SenseMI <sup>1<\/sup> Technologien erm\u00f6glichen mehr Leistung als je zuvor. In Kombination mit Precision Boost 2 Technologie nutzt XFR 2 die Intelligenz des Prozessors, um Premium-K\u00fchlung <sup>2<\/sup> zu erkennen und unter Last mehr Leistung zu liefern.<\/p>\n<p>Motherboards der AMD 400-Reihe sind bereit f\u00fcr alle Ryzen Desktop Prozessoren und verf\u00fcgen \u00fcber Design-Updates f\u00fcr Enthusiasten, wie Precision Boost Overdrive <sup>3<\/sup> f\u00fcr noch mehr Leistung mit einem AMD Ryzen 2000X Prozessor.<\/p>\n<p>Motherboards der AMD 300-Reihe sind \u00fcber ein Firmware (BIOS)-Update 4 voll kompatibel mit AMD Ryzen\u2122 Desktop Prozessoren der 2. Generation.<\/p>\n<p><span class=\"bold\"><strong>Wahre Intelligenz <\/strong><\/span><\/p>\n<p>AMD Ryzen\u2122 Prozessoren sind mit einem Nervensystem ausgestattet, dass Ihre Anforderungen analysiert und optimiert \u2013 reaktionsschnell in jeder Millisekunde.<\/p>\n<p>Das Ergebnis ist ein intelligenter Prozessor, der sich an deine spezifische Arbeitsbelastung und Bed\u00fcrfnisse anpasst.<\/p>\n<p>Spiele. Streame. Designe. Erstelle. Der intelligente AMD Ryzen Desktop Prozessor der 2. Generation macht aus deiner Fantasie Realit\u00e4t.<\/p>\n<div class=\"descriptionText col-lg-12 col-xs-12\">\n<div class=\"article\">\n<p><span class=\"bold\"><strong>AMD Socket AM4 kompatibel<\/strong><\/span><\/p>\n<p>AMD Ryzen\u2122 Desktop Prozessoren der 2000-Reihe sind kompatibel mit Chipset Socket AM4 Motherboards der AMD 400-Reihe.<\/p>\n<p>Chipset Motherboards der AMD 300-Reihe sind ebenfalls kompatibel, k\u00f6nnen aber die Installation einer aktualisierten Firmware (BIOS) erfordern <sup>4<\/sup>.<\/p>\n<p><sup>1 AMD SenseMI Technologie ist in allen Ryzen Prozessoren integriert, aber spezifische Funktionen und deren Aktivierung k\u00f6nnen je nach Produkt und Plattform variieren. Mehr erfahren unter http:\/\/www.amd.com\/en\/Technologien\/sense-mi. GD-126<\/sup><\/p>\n<p><sup>2 AMD definiert Premium-Prozessorenk\u00fchlung als eine Kombination aus der Umgebungstemperatur und thermalen L\u00f6sung, die zu Prozessortemperaturen unter 60 Grad Celsius f\u00fchrt, w\u00e4hrend die CPU unter Last steht. GD-118<\/sup><\/p>\n<p><sup>3Precision Boost Overdrive erfordert einen Prozessor der Ryzen 2000X-Reihe der 2. Gen. mit Chipset Motherboard der AMD 400-Reihe. Weil Precision Boost Overdrive den Betrieb des Prozessors au\u00dferhalb von Spezifikationen und Werkseinstellungen erm\u00f6glicht, macht die Nutzung der Funktion die AMD-Produktgarantie ung\u00fcltig und kann auch Garantien, die vom Systemhersteller oder H\u00e4ndler angeboten werden unwirksam machen. GD-128<\/sup><\/p>\n<p><sup>4 F\u00fcr weitere Informationen \u00fcber die Kompatibiltit\u00e4t des AMD Socket AM4, besuche: <a href=\"https:\/\/www.amd.com\/en\/products\/chipsets-am4\" target=\"_blank\" rel=\"noopener noreferrer\">https:\/\/www.amd.com\/en\/products\/chipsets-am4<\/a><\/sup><\/p>\n<\/div>\n<\/div>\n","protected":false},"excerpt":{"rendered":"<p>Game. Stream. Design. Create. 2. Generation Ryzen\u2122. Der intelligente Prozessor. Die AMD Ryzen\u2122 Desktop Prozessoren der 2. Generation. mit mehr Leistung als je zuvor. Gamer, Streamer, Kreative: Hol dir den modernen, intelligenten, reaktionsschnellen Ryzen\u2122 Prozessor. Unglaubliche Spielleistung Die AMD Ryzen\u2122 Desktop Prozessoren der 2. Generation setzen neue Ma\u00dfst\u00e4be f\u00fcr PC Gaming. AMD Precision Boost 2 [&hellip;]<\/p>\n","protected":false},"featured_media":6924,"comment_status":"open","ping_status":"closed","template":"","meta":{"_acf_changed":false},"product_cat":[420],"product_tag":[],"acf":[],"jetpack_sharing_enabled":true,"_links":{"self":[{"href":"http:\/\/pc-direkthandel.de\/wordpress\/wp-json\/wp\/v2\/product\/6923"}],"collection":[{"href":"http:\/\/pc-direkthandel.de\/wordpress\/wp-json\/wp\/v2\/product"}],"about":[{"href":"http:\/\/pc-direkthandel.de\/wordpress\/wp-json\/wp\/v2\/types\/product"}],"replies":[{"embeddable":true,"href":"http:\/\/pc-direkthandel.de\/wordpress\/wp-json\/wp\/v2\/comments?post=6923"}],"wp:featuredmedia":[{"embeddable":true,"href":"http:\/\/pc-direkthandel.de\/wordpress\/wp-json\/wp\/v2\/media\/6924"}],"wp:attachment":[{"href":"http:\/\/pc-direkthandel.de\/wordpress\/wp-json\/wp\/v2\/media?parent=6923"}],"wp:term":[{"taxonomy":"product_cat","embeddable":true,"href":"http:\/\/pc-direkthandel.de\/wordpress\/wp-json\/wp\/v2\/product_cat?post=6923"},{"taxonomy":"product_tag","embeddable":true,"href":"http:\/\/pc-direkthandel.de\/wordpress\/wp-json\/wp\/v2\/product_tag?post=6923"}],"curies":[{"name":"wp","href":"https:\/\/api.w.org\/{rel}","templated":true}]}}