{"id":6899,"date":"2019-11-22T16:18:26","date_gmt":"2019-11-22T14:18:26","guid":{"rendered":"http:\/\/pc-direkthandel.de\/wordpress\/?post_type=product&#038;p=6899"},"modified":"2019-11-22T17:09:17","modified_gmt":"2019-11-22T15:09:17","slug":"canon-i-sensys-fax-l170","status":"publish","type":"product","link":"http:\/\/pc-direkthandel.de\/wordpress\/product\/canon-i-sensys-fax-l170\/","title":{"rendered":"Canon i-SENSYS FAX-L170"},"content":{"rendered":"<p>Schnelles und effizientes Faxen mit dem <b>Canon i-SENSYS FAX-L170<\/b>.<\/p>\n<p>Selbst unerfahrene Nutzer bedienen das i-SENSYS FAX-L170 m\u00fchelos. \u00dcber 30 Zielwahl- und 100 Kurzwahlspeicher erfolgt der schnelle Zugang zu regelm\u00e4\u00dfig angew\u00e4hlten Gegenstellen. Die intuitive Bedienung \u00fcber das LC-Display macht die Nutzung des Faxger\u00e4ts besonders einfach.<\/p>\n<p>Wenn Papier oder Toner aufgebraucht sind, speichert der Fax-Seitenspeicher bis zu 512 Seiten f\u00fcr den sp\u00e4teren Druck. Um Zeit und Telefonkosten zu sparen, k\u00f6nnen umfangreiche Dokumente ganz einfach vor dem Senden eingelesen und dann automatisch aus dem Speicher gefaxt werden.<\/p>\n<p>i-SENSYS FAX-L170 besitzt einen integrierten Telefonh\u00f6rer \u00fcber den Anrufe direkt get\u00e4tigt werden k\u00f6nnen \u2013 die automatische Faxweiche \u00fcbernimmt selbst\u00e4ndig die Umschaltung zwischen Fax und Telefon.<\/p>\n<p>\u00dcber die USB-Schnittstelle kann das Fax auch als produktiver Laserdrucker mit einer Ausgabegeschwindigkeit von 18 Seiten pro Minute genutzt werden. Die Quick First Print Technologie gew\u00e4hrt schnelle Aufw\u00e4rmzeiten aus dem Sleep-Modus. Au\u00dferdem k\u00f6nnen Sie Dokumente mit einer Geschwindigkeit von 11,8 Seiten pro Minute kopieren.<\/p>\n<p><b>S\/W Laserfax mit Telefon:<\/b><\/p>\n<ul>\n<li>LC-Display mit 5 Zeilen<\/li>\n<li>Kompatibilit\u00e4t: Gruppe 3<\/li>\n<li>Abmessungen: 372 x 303 x 303 mm<\/li>\n<li>Gewicht: ca 8,8 kg<\/li>\n<li>Stromverbrauch: max. 1020 W, Betrieb 400 W, Standby 10 W, Ruhezustand 1,5 W<\/li>\n<li>Faxbetrieb:\n<ul>\n<li>33.600 bps \u00dcbertragungsgeschwindigkeit<\/li>\n<li>30 Ziel- und 100 Kurzwahlspeicher<\/li>\n<li>Zeitversetztes Senden, Rundsenden, Wahlwiederholung, Faxweiterleitung<\/li>\n<li>Speicher: 64 MB<\/li>\n<li>3,4 Sekunden pro Seite Scan-Geschwindigkeit<\/li>\n<li>600 x 400 dpi Druckaufl\u00f6sung (bis zu 1200 x 600 dpi interpoliert)<\/li>\n<li>Automatischer Papiereinzug f\u00fcr bis zu 30 Blatt<\/li>\n<\/ul>\n<\/li>\n<li>Kopierbetrieb:\n<ul>\n<li>600 x 600 dpi Kopieraufl\u00f6sung<\/li>\n<li>11,8 Seiten pro Minute<\/li>\n<li>Dokumentverkleinerung: 50-200 % in 1-%-Schritten<\/li>\n<li>USB 2.0 Schnittstelle<\/li>\n<\/ul>\n<\/li>\n<\/ul>\n","protected":false},"excerpt":{"rendered":"<p>Schnelles und effizientes Faxen mit dem Canon i-SENSYS FAX-L170. Selbst unerfahrene Nutzer bedienen das i-SENSYS FAX-L170 m\u00fchelos. \u00dcber 30 Zielwahl- und 100 Kurzwahlspeicher erfolgt der schnelle Zugang zu regelm\u00e4\u00dfig angew\u00e4hlten Gegenstellen. Die intuitive Bedienung \u00fcber das LC-Display macht die Nutzung des Faxger\u00e4ts besonders einfach. Wenn Papier oder Toner aufgebraucht sind, speichert der Fax-Seitenspeicher bis zu [&hellip;]<\/p>\n","protected":false},"featured_media":6900,"comment_status":"open","ping_status":"closed","template":"","meta":{"_acf_changed":false},"product_cat":[418],"product_tag":[],"acf":[],"jetpack_sharing_enabled":true,"_links":{"self":[{"href":"http:\/\/pc-direkthandel.de\/wordpress\/wp-json\/wp\/v2\/product\/6899"}],"collection":[{"href":"http:\/\/pc-direkthandel.de\/wordpress\/wp-json\/wp\/v2\/product"}],"about":[{"href":"http:\/\/pc-direkthandel.de\/wordpress\/wp-json\/wp\/v2\/types\/product"}],"replies":[{"embeddable":true,"href":"http:\/\/pc-direkthandel.de\/wordpress\/wp-json\/wp\/v2\/comments?post=6899"}],"wp:featuredmedia":[{"embeddable":true,"href":"http:\/\/pc-direkthandel.de\/wordpress\/wp-json\/wp\/v2\/media\/6900"}],"wp:attachment":[{"href":"http:\/\/pc-direkthandel.de\/wordpress\/wp-json\/wp\/v2\/media?parent=6899"}],"wp:term":[{"taxonomy":"product_cat","embeddable":true,"href":"http:\/\/pc-direkthandel.de\/wordpress\/wp-json\/wp\/v2\/product_cat?post=6899"},{"taxonomy":"product_tag","embeddable":true,"href":"http:\/\/pc-direkthandel.de\/wordpress\/wp-json\/wp\/v2\/product_tag?post=6899"}],"curies":[{"name":"wp","href":"https:\/\/api.w.org\/{rel}","templated":true}]}}