{"id":6895,"date":"2019-11-22T16:14:43","date_gmt":"2019-11-22T14:14:43","guid":{"rendered":"http:\/\/pc-direkthandel.de\/wordpress\/?post_type=product&#038;p=6895"},"modified":"2019-11-22T16:15:59","modified_gmt":"2019-11-22T14:15:59","slug":"brother-fax-2940","status":"publish","type":"product","link":"http:\/\/pc-direkthandel.de\/wordpress\/product\/brother-fax-2940\/","title":{"rendered":"Brother FAX-2940"},"content":{"rendered":"<p>Das <b>Brother FAX-2940<\/b> arbeitet mit einer \u00dcbertragungsgeschwindigkeit von 33.600 bps. Der automatische Dokumenteneinzug fasst bis zu 30 Blatt. Mit dem Timer k\u00f6nnen bis zu 50 Auftr\u00e4ge programmiert werden und zu einem sp\u00e4teren Zeitpunkt gesendet werden. Auf 22 Ziel- und 200 Kurzwahlspeicherpl\u00e4tzen k\u00f6nnen die wichtigsten Rufnummern abgespeichert werden. Mit der Rundsendefunktion kann ein Dokument an bis zu 272 Teilnehmer gesendet werden. Das FAX-2940 ist mit einer 250 Blatt Papierkassette und einem Einzelblatteinzug ausgestattet. Zudem verf\u00fcgt es \u00fcber einen Sende- und Empfangsspeicher f\u00fcr bis zu 400 Seiten. Das praktische, zweizeilige Display ist hintergrundbeleuchtet.<\/p>\n<p><b>Merkmale Laserfax<\/b><\/p>\n<ul>\n<li>Hintergrundbeleuchtetes, zweizeiliges Display<\/li>\n<li>33.600 bps \u00dcbertragungsgeschwindigkeit<\/li>\n<li>22 Ziel- und 200 Kurzwahlspeicher<\/li>\n<li>Rundsenden an bis zu 272 Teilnehmer<\/li>\n<li>Faxabruf, Fax-Weiterleitung, Gruppenwahl<\/li>\n<li>16 MB Speicher (Bis zu 400 Seiten Sende- und Empfangsspeicher)<\/li>\n<li>Faxabruf (Polling): Aktiv, Passiv, Ges\u00fctzt<\/li>\n<li>Journal: Erfassung von Informationen \u00fcber die letzten 200 empfangenen und gesendeten Faxe<\/li>\n<li>ECM: Fehlerkorrekturrfahren<\/li>\n<li>Quick-Scan: Zur Reduzierung der Wartezeit wird das Dokument vor dem Senden in den Speicher eingelesen (ca. 2,5 Sek. pro DIN A4 Seite)<\/li>\n<li>Timer: Bis zu 50 zeitversetzte Auftr\u00e4ge<\/li>\n<li>Senden von im Ger\u00e4t generiertem Deckblatt<\/li>\n<li>Druck- und Scannfunktion \u00fcber kostenlosen Download (http:\/\/solutions.brother.com) aktivierbar<\/li>\n<\/ul>\n<p><b>Merkmale Kopierer<\/b><\/p>\n<ul>\n<li>30 Blatt Vorlageneinzug<\/li>\n<li>250 Blatt Kassette und Einzelblatteinzug<\/li>\n<li>25-400% Zoom in 1%-Schritten<\/li>\n<li>Bis 99 Mehrfachkopien, auch sortiert<\/li>\n<li>Kopieraufl\u00f6sung: 300 x 600 dpi<\/li>\n<\/ul>\n","protected":false},"excerpt":{"rendered":"<p>Das Brother FAX-2940 arbeitet mit einer \u00dcbertragungsgeschwindigkeit von 33.600 bps. Der automatische Dokumenteneinzug fasst bis zu 30 Blatt. Mit dem Timer k\u00f6nnen bis zu 50 Auftr\u00e4ge programmiert werden und zu einem sp\u00e4teren Zeitpunkt gesendet werden. Auf 22 Ziel- und 200 Kurzwahlspeicherpl\u00e4tzen k\u00f6nnen die wichtigsten Rufnummern abgespeichert werden. Mit der Rundsendefunktion kann ein Dokument an bis [&hellip;]<\/p>\n","protected":false},"featured_media":6896,"comment_status":"open","ping_status":"closed","template":"","meta":{"_acf_changed":false},"product_cat":[417],"product_tag":[],"acf":[],"jetpack_sharing_enabled":true,"_links":{"self":[{"href":"http:\/\/pc-direkthandel.de\/wordpress\/wp-json\/wp\/v2\/product\/6895"}],"collection":[{"href":"http:\/\/pc-direkthandel.de\/wordpress\/wp-json\/wp\/v2\/product"}],"about":[{"href":"http:\/\/pc-direkthandel.de\/wordpress\/wp-json\/wp\/v2\/types\/product"}],"replies":[{"embeddable":true,"href":"http:\/\/pc-direkthandel.de\/wordpress\/wp-json\/wp\/v2\/comments?post=6895"}],"wp:featuredmedia":[{"embeddable":true,"href":"http:\/\/pc-direkthandel.de\/wordpress\/wp-json\/wp\/v2\/media\/6896"}],"wp:attachment":[{"href":"http:\/\/pc-direkthandel.de\/wordpress\/wp-json\/wp\/v2\/media?parent=6895"}],"wp:term":[{"taxonomy":"product_cat","embeddable":true,"href":"http:\/\/pc-direkthandel.de\/wordpress\/wp-json\/wp\/v2\/product_cat?post=6895"},{"taxonomy":"product_tag","embeddable":true,"href":"http:\/\/pc-direkthandel.de\/wordpress\/wp-json\/wp\/v2\/product_tag?post=6895"}],"curies":[{"name":"wp","href":"https:\/\/api.w.org\/{rel}","templated":true}]}}