{"id":6740,"date":"2019-11-20T18:53:26","date_gmt":"2019-11-20T16:53:26","guid":{"rendered":"http:\/\/pc-direkthandel.de\/wordpress\/?post_type=product&#038;p=6740"},"modified":"2019-11-20T18:54:31","modified_gmt":"2019-11-20T16:54:31","slug":"cisco-unified-ip-phone-6901-slimline","status":"publish","type":"product","link":"http:\/\/pc-direkthandel.de\/wordpress\/product\/cisco-unified-ip-phone-6901-slimline\/","title":{"rendered":"Cisco Unified IP Phone 6901 Slimline"},"content":{"rendered":"<p>Das Cisco Unified IP-Telefon 6901 bietet als Endger\u00e4t mit einer Leitung eine kosteng\u00fcnstige M\u00f6glichkeit zur Nutzung von Cisco Unified Communications. Mit seinem elegant-schlanken Design eignet sich das Cisco Unified IP-Telefon 6901 insbesondere f\u00fcr Foyers,Eingangshallen,Aufz\u00fcge,Badezimmer in Hotels oder andere R\u00e4umlichkeiten,in denen gelegentlich die Nutzung von Sprachkommunikationsservices erforderlich wird. Dank seiner Anklopffunktion k\u00f6nnen \u00fcber das Cisco Unified IP-Telefon 6901 zwei eingehende Anrufe entgegengenommen werden. Permanente Funktionstasten bieten per Tastendruck den Sofortzugriff auf Halten,Wahlwiederholung und Anklopfen. Wie bei herk\u00f6mmlichen analogen Telefonen k\u00f6nnen Durchstellen und Konferenz als Funktionen unter Verwendung des Gabelumschalters unterst\u00fctzt werden. Mit dem Cisco Unified IP-Telefon 6901 erwerben Sie eine umweltfreundliche L\u00f6sung. Das Cisco Unified IP-Telefone der Serie 6900 besteht auch das Cisco Unified IP-Telefon 6901 aus recyclingf\u00e4higem Plastik-Regranulat.<\/p>\n","protected":false},"excerpt":{"rendered":"<p>Das Cisco Unified IP-Telefon 6901 bietet als Endger\u00e4t mit einer Leitung eine kosteng\u00fcnstige M\u00f6glichkeit zur Nutzung von Cisco Unified Communications. Mit seinem elegant-schlanken Design eignet sich das Cisco Unified IP-Telefon 6901 insbesondere f\u00fcr Foyers,Eingangshallen,Aufz\u00fcge,Badezimmer in Hotels oder andere R\u00e4umlichkeiten,in denen gelegentlich die Nutzung von Sprachkommunikationsservices erforderlich wird. Dank seiner Anklopffunktion k\u00f6nnen \u00fcber das Cisco Unified [&hellip;]<\/p>\n","protected":false},"featured_media":6741,"comment_status":"open","ping_status":"closed","template":"","meta":{"_acf_changed":false},"product_cat":[405],"product_tag":[],"acf":[],"jetpack_sharing_enabled":true,"_links":{"self":[{"href":"http:\/\/pc-direkthandel.de\/wordpress\/wp-json\/wp\/v2\/product\/6740"}],"collection":[{"href":"http:\/\/pc-direkthandel.de\/wordpress\/wp-json\/wp\/v2\/product"}],"about":[{"href":"http:\/\/pc-direkthandel.de\/wordpress\/wp-json\/wp\/v2\/types\/product"}],"replies":[{"embeddable":true,"href":"http:\/\/pc-direkthandel.de\/wordpress\/wp-json\/wp\/v2\/comments?post=6740"}],"wp:featuredmedia":[{"embeddable":true,"href":"http:\/\/pc-direkthandel.de\/wordpress\/wp-json\/wp\/v2\/media\/6741"}],"wp:attachment":[{"href":"http:\/\/pc-direkthandel.de\/wordpress\/wp-json\/wp\/v2\/media?parent=6740"}],"wp:term":[{"taxonomy":"product_cat","embeddable":true,"href":"http:\/\/pc-direkthandel.de\/wordpress\/wp-json\/wp\/v2\/product_cat?post=6740"},{"taxonomy":"product_tag","embeddable":true,"href":"http:\/\/pc-direkthandel.de\/wordpress\/wp-json\/wp\/v2\/product_tag?post=6740"}],"curies":[{"name":"wp","href":"https:\/\/api.w.org\/{rel}","templated":true}]}}