{"id":6738,"date":"2019-11-20T18:51:43","date_gmt":"2019-11-20T16:51:43","guid":{"rendered":"http:\/\/pc-direkthandel.de\/wordpress\/?post_type=product&#038;p=6738"},"modified":"2019-11-20T18:53:03","modified_gmt":"2019-11-20T16:53:03","slug":"cisco-spa509g-small-business-ip-telefon","status":"publish","type":"product","link":"http:\/\/pc-direkthandel.de\/wordpress\/product\/cisco-spa509g-small-business-ip-telefon\/","title":{"rendered":"Cisco SPA509G Small Business IP Telefon"},"content":{"rendered":"<p>Als Teil der Cisco Small Business Pro Series wurde das SIP-basierte Cisco SPA 509G 12-Leitungs-IP-Telefon mit programmierbaren Tasten (Abbildung 1) getestet,um umfassende Interoperabilit\u00e4t mit Ger\u00e4ten f\u00fchrender Anbieter von VoIP-Infrastruktur sicherzustellen,sodass Service Provider schnell wettbewerbsf\u00e4hige Services mit gro\u00dfem Funktionsumfang f\u00fcr ihre Kunden implementieren k\u00f6nnen. Mit Hunderten von Funktionen und konfigurierbaren Serviceparametern erf\u00fcllt das Cisco SPA 509G die Anforderungen herk\u00f6mmlicher Unternehmen und baut gleichzeitig auf den Vorteilen der IP-Telefonie auf. Funktionen wie einfache Senderverschiebungen und gemeinsam genutzte Leitungsbelegung (an lokalen und geografisch verteilten Standorten) sind nur einige der vielen Vorteile des SPA 509G. Das Cisco SPA 509G 12-Leitungs-IP-Telefon mit programmierbaren Tasten unterst\u00fctzt zudem Funktionen zur Produktivit\u00e4tssteigerung wie VoiceView Express und Cisco XML-Anwendungen,wenn es mit der Serie 500 von Cisco Unified Communications im SPCP-Modus verwendet wird. Das Cisco SPA 509G verwendet standardm\u00e4\u00dfige Verschl\u00fcsselungsprotokolle zur hochsicheren Bereitstellung an entfernten Standorten und f\u00fcr st\u00f6rungsfreie In-Service-Softwareupgrades. Tools f\u00fcr die Fernbereitstellung umfassen Funktionen zum detaillierten Messen der Leistung und zur Fehlerbehebung,sodass Netzwerkanbieter ihren Abonnenten Support von h\u00f6chster Qualit\u00e4t bieten k\u00f6nnen. Die Fernbereitstellung sorgt zudem f\u00fcr Zeit- und Kostenersparnisse der Service Provider beim Verwalten,Vorladen und Neukonfigurieren der Ausr\u00fcstung am Standort des Kunden.<\/p>\n","protected":false},"excerpt":{"rendered":"<p>Als Teil der Cisco Small Business Pro Series wurde das SIP-basierte Cisco SPA 509G 12-Leitungs-IP-Telefon mit programmierbaren Tasten (Abbildung 1) getestet,um umfassende Interoperabilit\u00e4t mit Ger\u00e4ten f\u00fchrender Anbieter von VoIP-Infrastruktur sicherzustellen,sodass Service Provider schnell wettbewerbsf\u00e4hige Services mit gro\u00dfem Funktionsumfang f\u00fcr ihre Kunden implementieren k\u00f6nnen. Mit Hunderten von Funktionen und konfigurierbaren Serviceparametern erf\u00fcllt das Cisco SPA 509G [&hellip;]<\/p>\n","protected":false},"featured_media":6739,"comment_status":"open","ping_status":"closed","template":"","meta":{"_acf_changed":false},"product_cat":[405],"product_tag":[],"acf":[],"jetpack_sharing_enabled":true,"_links":{"self":[{"href":"http:\/\/pc-direkthandel.de\/wordpress\/wp-json\/wp\/v2\/product\/6738"}],"collection":[{"href":"http:\/\/pc-direkthandel.de\/wordpress\/wp-json\/wp\/v2\/product"}],"about":[{"href":"http:\/\/pc-direkthandel.de\/wordpress\/wp-json\/wp\/v2\/types\/product"}],"replies":[{"embeddable":true,"href":"http:\/\/pc-direkthandel.de\/wordpress\/wp-json\/wp\/v2\/comments?post=6738"}],"wp:featuredmedia":[{"embeddable":true,"href":"http:\/\/pc-direkthandel.de\/wordpress\/wp-json\/wp\/v2\/media\/6739"}],"wp:attachment":[{"href":"http:\/\/pc-direkthandel.de\/wordpress\/wp-json\/wp\/v2\/media?parent=6738"}],"wp:term":[{"taxonomy":"product_cat","embeddable":true,"href":"http:\/\/pc-direkthandel.de\/wordpress\/wp-json\/wp\/v2\/product_cat?post=6738"},{"taxonomy":"product_tag","embeddable":true,"href":"http:\/\/pc-direkthandel.de\/wordpress\/wp-json\/wp\/v2\/product_tag?post=6738"}],"curies":[{"name":"wp","href":"https:\/\/api.w.org\/{rel}","templated":true}]}}