{"id":6728,"date":"2019-11-20T18:23:44","date_gmt":"2019-11-20T16:23:44","guid":{"rendered":"http:\/\/pc-direkthandel.de\/wordpress\/?post_type=product&#038;p=6728"},"modified":"2019-11-20T18:26:30","modified_gmt":"2019-11-20T16:26:30","slug":"cisco-spa514g-small-business","status":"publish","type":"product","link":"http:\/\/pc-direkthandel.de\/wordpress\/product\/cisco-spa514g-small-business\/","title":{"rendered":"Cisco SPA514G Small Business"},"content":{"rendered":"<p>Das Cisco SPA514G IP-Telefon mit 4 Leitungen und Gigabit Ethernet-Switch mit 2 Ports bietet kleinen und mittleren Unternehmen erweiterte Funktionen f\u00fcr die Sprach- und Datenkommunikation,mit denen die Produktivit\u00e4t gesteigert und eine bessere Erreichbarkeit gew\u00e4hrleistet werden. Das auf dem Session Initiation Protocol (SIP) basierende Cisco SPA514G wurde auf umfassende Interoperabilit\u00e4t mit den Ger\u00e4ten f\u00fchrender Hersteller von VoIP-L\u00f6sungen getestet. So k\u00f6nnen Service Provider ihren Kunden schnell wettbewerbsf\u00e4hige Services mit gro\u00dfem Funktionsumfang bereitstellen. Das Cisco SPA514G nutzt die Vorteile der IP-Telefonie und erf\u00fcllt dank einer Vielzahl von Funktionen und konfigurierbaren Serviceparametern alle g\u00e4ngigen Unternehmensanforderungen. Funktionen wie einfache Standort\u00e4nderungen und gemeinsam genutzte Leitungsbelegung sind nur einige der vielen Vorteile des SPA514G. Das elegante und kosteng\u00fcnstige Cisco SPA514G IP-Telefon bietet bei Verwendung mit der Cisco Unified Communications Serie 500 im SPCP-Modus dar\u00fcber hinaus die M\u00f6glichkeit zur Nutzung von VoiceView Express und Cisco XML-Anwendungen,mit denen die Produktivit\u00e4t zus\u00e4tzlich gesteigert werden kann. Das Cisco SPA514G zeichnet sich durch eine einfache Installation und umfassende Sicherheit aus. F\u00fcr die Remote-Bereitstellung und dynamische Software-Upgrades w\u00e4hrend des Betriebs kommen Standard-Verschl\u00fcsselungsprotokolle zum Einsatz. Um eine sichere Remote-Bereitstellung zu gew\u00e4hrleisten,stehen Tools zur detaillierten Leistungsmessung und Fehlerbehebung zur Verf\u00fcgung.<\/p>\n","protected":false},"excerpt":{"rendered":"<p>Das Cisco SPA514G IP-Telefon mit 4 Leitungen und Gigabit Ethernet-Switch mit 2 Ports bietet kleinen und mittleren Unternehmen erweiterte Funktionen f\u00fcr die Sprach- und Datenkommunikation,mit denen die Produktivit\u00e4t gesteigert und eine bessere Erreichbarkeit gew\u00e4hrleistet werden. Das auf dem Session Initiation Protocol (SIP) basierende Cisco SPA514G wurde auf umfassende Interoperabilit\u00e4t mit den Ger\u00e4ten f\u00fchrender Hersteller von [&hellip;]<\/p>\n","protected":false},"featured_media":6729,"comment_status":"open","ping_status":"closed","template":"","meta":{"_acf_changed":false},"product_cat":[405],"product_tag":[],"acf":[],"jetpack_sharing_enabled":true,"_links":{"self":[{"href":"http:\/\/pc-direkthandel.de\/wordpress\/wp-json\/wp\/v2\/product\/6728"}],"collection":[{"href":"http:\/\/pc-direkthandel.de\/wordpress\/wp-json\/wp\/v2\/product"}],"about":[{"href":"http:\/\/pc-direkthandel.de\/wordpress\/wp-json\/wp\/v2\/types\/product"}],"replies":[{"embeddable":true,"href":"http:\/\/pc-direkthandel.de\/wordpress\/wp-json\/wp\/v2\/comments?post=6728"}],"wp:featuredmedia":[{"embeddable":true,"href":"http:\/\/pc-direkthandel.de\/wordpress\/wp-json\/wp\/v2\/media\/6729"}],"wp:attachment":[{"href":"http:\/\/pc-direkthandel.de\/wordpress\/wp-json\/wp\/v2\/media?parent=6728"}],"wp:term":[{"taxonomy":"product_cat","embeddable":true,"href":"http:\/\/pc-direkthandel.de\/wordpress\/wp-json\/wp\/v2\/product_cat?post=6728"},{"taxonomy":"product_tag","embeddable":true,"href":"http:\/\/pc-direkthandel.de\/wordpress\/wp-json\/wp\/v2\/product_tag?post=6728"}],"curies":[{"name":"wp","href":"https:\/\/api.w.org\/{rel}","templated":true}]}}