{"id":6682,"date":"2019-11-20T16:08:17","date_gmt":"2019-11-20T14:08:17","guid":{"rendered":"http:\/\/pc-direkthandel.de\/wordpress\/?post_type=product&#038;p=6682"},"modified":"2019-11-20T16:09:43","modified_gmt":"2019-11-20T14:09:43","slug":"aastra-k680i-qwertz-tastatur","status":"publish","type":"product","link":"http:\/\/pc-direkthandel.de\/wordpress\/product\/aastra-k680i-qwertz-tastatur\/","title":{"rendered":"AASTRA K680i QWERTZ-Tastatur"},"content":{"rendered":"<p>&#8211; Tastatur f\u00fcr das Mitel 6867\/6869 mit QWERTZ-Tastaturbelegung<br \/>\n&#8211; Magnetische Verbindung zum Endger\u00e4t<br \/>\n&#8211; Kein separates Netzteil<br \/>\n&#8211; Batterien oder Kabel erforderlich<br \/>\n&#8211; Stromversorgung \u00fcber das Endger\u00e4t<\/p>\n","protected":false},"excerpt":{"rendered":"<p>&#8211; Tastatur f\u00fcr das Mitel 6867\/6869 mit QWERTZ-Tastaturbelegung &#8211; Magnetische Verbindung zum Endger\u00e4t &#8211; Kein separates Netzteil &#8211; Batterien oder Kabel erforderlich &#8211; Stromversorgung \u00fcber das Endger\u00e4t<\/p>\n","protected":false},"featured_media":6683,"comment_status":"open","ping_status":"closed","template":"","meta":{"_acf_changed":false},"product_cat":[401],"product_tag":[],"acf":[],"jetpack_sharing_enabled":true,"_links":{"self":[{"href":"http:\/\/pc-direkthandel.de\/wordpress\/wp-json\/wp\/v2\/product\/6682"}],"collection":[{"href":"http:\/\/pc-direkthandel.de\/wordpress\/wp-json\/wp\/v2\/product"}],"about":[{"href":"http:\/\/pc-direkthandel.de\/wordpress\/wp-json\/wp\/v2\/types\/product"}],"replies":[{"embeddable":true,"href":"http:\/\/pc-direkthandel.de\/wordpress\/wp-json\/wp\/v2\/comments?post=6682"}],"wp:featuredmedia":[{"embeddable":true,"href":"http:\/\/pc-direkthandel.de\/wordpress\/wp-json\/wp\/v2\/media\/6683"}],"wp:attachment":[{"href":"http:\/\/pc-direkthandel.de\/wordpress\/wp-json\/wp\/v2\/media?parent=6682"}],"wp:term":[{"taxonomy":"product_cat","embeddable":true,"href":"http:\/\/pc-direkthandel.de\/wordpress\/wp-json\/wp\/v2\/product_cat?post=6682"},{"taxonomy":"product_tag","embeddable":true,"href":"http:\/\/pc-direkthandel.de\/wordpress\/wp-json\/wp\/v2\/product_tag?post=6682"}],"curies":[{"name":"wp","href":"https:\/\/api.w.org\/{rel}","templated":true}]}}