{"id":6676,"date":"2019-11-20T16:03:00","date_gmt":"2019-11-20T14:03:00","guid":{"rendered":"http:\/\/pc-direkthandel.de\/wordpress\/?post_type=product&#038;p=6676"},"modified":"2019-11-20T16:04:04","modified_gmt":"2019-11-20T14:04:04","slug":"aastra-6867i-voip-sip","status":"publish","type":"product","link":"http:\/\/pc-direkthandel.de\/wordpress\/product\/aastra-6867i-voip-sip\/","title":{"rendered":"AASTRA 6867i VoIP SIP"},"content":{"rendered":"<ul>\n<li>Display: QVGA-LC-Farbdisplay<\/li>\n<li>Diagonale: 8,89 cm (3,5 Zoll)<\/li>\n<li>Aufl\u00f6sung: 320 x 240 Pixel<\/li>\n<li>bis zu 9 Leitungen, 2 fest belegte Leitungstasten mit LED<\/li>\n<li>6 programmierbare Tasten mit LEDs f\u00fcr bis zu 20 Funktionen<\/li>\n<li>zwei Gigabit-Ethernet-Anschl\u00fcsse: 10\/100\/1000 Mbit\/s<\/li>\n<li>Schnittstelle f\u00fcr magnetische Tastatur<\/li>\n<li>4 kontextabh\u00e4ngige Systemtasten f\u00fcr bis zu 18 benutzerdefinierte Funktionen<\/li>\n<li>Unterst\u00fctzung f\u00fcr DHSG\/EHS-Headsets und Erweiterungsmodule<\/li>\n<li>Integrierter USB 2.0-Anschluss<\/li>\n<li>H\u00f6rger\u00e4te kompatibler H\u00f6rer<\/li>\n<li>Platz f\u00fcr Namen\/Nummern im Verzeichnis: 200<\/li>\n<li>Platz f\u00fcr Namen\/Nummern im Anrufprotokoll: 200<\/li>\n<li>Platz f\u00fcr Wahlwiederholung: 100<\/li>\n<\/ul>\n","protected":false},"excerpt":{"rendered":"<p>Display: QVGA-LC-Farbdisplay Diagonale: 8,89 cm (3,5 Zoll) Aufl\u00f6sung: 320 x 240 Pixel bis zu 9 Leitungen, 2 fest belegte Leitungstasten mit LED 6 programmierbare Tasten mit LEDs f\u00fcr bis zu 20 Funktionen zwei Gigabit-Ethernet-Anschl\u00fcsse: 10\/100\/1000 Mbit\/s Schnittstelle f\u00fcr magnetische Tastatur 4 kontextabh\u00e4ngige Systemtasten f\u00fcr bis zu 18 benutzerdefinierte Funktionen Unterst\u00fctzung f\u00fcr DHSG\/EHS-Headsets und Erweiterungsmodule Integrierter [&hellip;]<\/p>\n","protected":false},"featured_media":6677,"comment_status":"open","ping_status":"closed","template":"","meta":{"_acf_changed":false},"product_cat":[400],"product_tag":[],"acf":[],"jetpack_sharing_enabled":true,"_links":{"self":[{"href":"http:\/\/pc-direkthandel.de\/wordpress\/wp-json\/wp\/v2\/product\/6676"}],"collection":[{"href":"http:\/\/pc-direkthandel.de\/wordpress\/wp-json\/wp\/v2\/product"}],"about":[{"href":"http:\/\/pc-direkthandel.de\/wordpress\/wp-json\/wp\/v2\/types\/product"}],"replies":[{"embeddable":true,"href":"http:\/\/pc-direkthandel.de\/wordpress\/wp-json\/wp\/v2\/comments?post=6676"}],"wp:featuredmedia":[{"embeddable":true,"href":"http:\/\/pc-direkthandel.de\/wordpress\/wp-json\/wp\/v2\/media\/6677"}],"wp:attachment":[{"href":"http:\/\/pc-direkthandel.de\/wordpress\/wp-json\/wp\/v2\/media?parent=6676"}],"wp:term":[{"taxonomy":"product_cat","embeddable":true,"href":"http:\/\/pc-direkthandel.de\/wordpress\/wp-json\/wp\/v2\/product_cat?post=6676"},{"taxonomy":"product_tag","embeddable":true,"href":"http:\/\/pc-direkthandel.de\/wordpress\/wp-json\/wp\/v2\/product_tag?post=6676"}],"curies":[{"name":"wp","href":"https:\/\/api.w.org\/{rel}","templated":true}]}}