{"id":6624,"date":"2019-11-20T13:43:17","date_gmt":"2019-11-20T11:43:17","guid":{"rendered":"http:\/\/pc-direkthandel.de\/wordpress\/?post_type=product&#038;p=6624"},"modified":"2019-11-20T13:44:31","modified_gmt":"2019-11-20T11:44:31","slug":"alcatel-temporis-ip301g-sip-poe","status":"publish","type":"product","link":"http:\/\/pc-direkthandel.de\/wordpress\/product\/alcatel-temporis-ip301g-sip-poe\/","title":{"rendered":"Alcatel Temporis IP301G SIP PoE"},"content":{"rendered":"<p>Die SIP-Telefone Temporis IP301G und Temporis IP300 geh\u00f6ren zur unserer EVOLUTION Line.<br \/>\nDiese Endger\u00e4te wurden entwickelt, um die Business-Anforderungen perfekt zu erf\u00fcllen.<\/p>\n<p><b>Mobilit\u00e4t<\/b><\/p>\n<ul>\n<li>Mobilit\u00e4t ist sofort griffbereit. Verbinden Sie ein schnurlosen DECT-Mobilteil (Alcatel IP15) und\/oder ein schnurloses DECT-Headset (Alcatel IP70H) mit der im Tischger\u00e4t integrierten DECT-Basis und f\u00fchren Sie die Gesrp\u00e4che ganz nach Ihrem Geschmack. Diese auf dem VoIP-Markt einzigartige Funktion bietet Ihnen Mobilit\u00e4t in einer flexiblen und preisattraktiven L\u00f6sung.<\/li>\n<\/ul>\n<p><b>Besetztlampenfelder (Leitungs\u00fcberwachung)<\/b><\/p>\n<ul>\n<li>Behalten Sie dank der zweifarbigen Besetztlampenfeldtasten Ihre und die Leitungen Ihrer Kollegen immer im Blick. Die 24 (12&#215;2) Multifunktionstasten k\u00f6nnen Sie au\u00dferdem mit den meist verwendeten Funktionalit\u00e4ten wie Weiterleitung, Umleitung uvm. programmieren.<\/li>\n<\/ul>\n<p><b>Gigabit Power<\/b><\/p>\n<ul>\n<li>Erfolg liegt in einer funktionsreichen Kommunikationsl\u00f6sung. Machen Sie daher das Beste aus Ihrem Netzwerk und profitieren Sie von den 2 Gigabit-Ports.<\/li>\n<\/ul>\n<p><b>HD-Klang<\/b><\/p>\n<ul>\n<li>Egal ob Sie den H\u00f6rer oder den Freisprechmodus zum Telefonieren verwenden, profitieren Sie immer von der besten Audioqualit\u00e4t dank HD-Klang.<\/li>\n<\/ul>\n","protected":false},"excerpt":{"rendered":"<p>Die SIP-Telefone Temporis IP301G und Temporis IP300 geh\u00f6ren zur unserer EVOLUTION Line. Diese Endger\u00e4te wurden entwickelt, um die Business-Anforderungen perfekt zu erf\u00fcllen. Mobilit\u00e4t Mobilit\u00e4t ist sofort griffbereit. Verbinden Sie ein schnurlosen DECT-Mobilteil (Alcatel IP15) und\/oder ein schnurloses DECT-Headset (Alcatel IP70H) mit der im Tischger\u00e4t integrierten DECT-Basis und f\u00fchren Sie die Gesrp\u00e4che ganz nach Ihrem Geschmack. [&hellip;]<\/p>\n","protected":false},"featured_media":6625,"comment_status":"open","ping_status":"closed","template":"","meta":{"_acf_changed":false},"product_cat":[394],"product_tag":[],"acf":[],"jetpack_sharing_enabled":true,"_links":{"self":[{"href":"http:\/\/pc-direkthandel.de\/wordpress\/wp-json\/wp\/v2\/product\/6624"}],"collection":[{"href":"http:\/\/pc-direkthandel.de\/wordpress\/wp-json\/wp\/v2\/product"}],"about":[{"href":"http:\/\/pc-direkthandel.de\/wordpress\/wp-json\/wp\/v2\/types\/product"}],"replies":[{"embeddable":true,"href":"http:\/\/pc-direkthandel.de\/wordpress\/wp-json\/wp\/v2\/comments?post=6624"}],"wp:featuredmedia":[{"embeddable":true,"href":"http:\/\/pc-direkthandel.de\/wordpress\/wp-json\/wp\/v2\/media\/6625"}],"wp:attachment":[{"href":"http:\/\/pc-direkthandel.de\/wordpress\/wp-json\/wp\/v2\/media?parent=6624"}],"wp:term":[{"taxonomy":"product_cat","embeddable":true,"href":"http:\/\/pc-direkthandel.de\/wordpress\/wp-json\/wp\/v2\/product_cat?post=6624"},{"taxonomy":"product_tag","embeddable":true,"href":"http:\/\/pc-direkthandel.de\/wordpress\/wp-json\/wp\/v2\/product_tag?post=6624"}],"curies":[{"name":"wp","href":"https:\/\/api.w.org\/{rel}","templated":true}]}}