{"id":6619,"date":"2019-11-20T13:19:09","date_gmt":"2019-11-20T11:19:09","guid":{"rendered":"http:\/\/pc-direkthandel.de\/wordpress\/?post_type=product&#038;p=6619"},"modified":"2019-11-20T13:23:11","modified_gmt":"2019-11-20T11:23:11","slug":"alcatel-temporis-ip701g-sip","status":"publish","type":"product","link":"http:\/\/pc-direkthandel.de\/wordpress\/product\/alcatel-temporis-ip701g-sip\/","title":{"rendered":"Alcatel Temporis IP701G SIP"},"content":{"rendered":"<p>Die SIP-Telefone Temporis IP701G und Temporis IP700G geh\u00f6ren zur unserer EVOLUTION Line.<br \/>\nDiese Endger\u00e4te wurden entwickelt, um die Business-Anforderungen perfekt zu erf\u00fcllen.<\/p>\n<p><b>Mobilit\u00e4t<\/b><\/p>\n<ul>\n<li>Mobilit\u00e4t ist sofort griffbereit. Verbinden Sie ein schnurlosen DECT-Mobilteil (Alcatel IP15) und\/oder ein schnurloses DECT-Headset (Alcatel IP70H) mit der im Tischger\u00e4t integrierten DECT-Basis und f\u00fchren Sie die Gesrp\u00e4che ganz nach Ihrem Geschmack. Diese auf dem VoIP-Markt einzigartige Funktion bietet Ihnen Mobilit\u00e4t in einer flexiblen und preisattraktiven L\u00f6sung.<\/li>\n<\/ul>\n<p><b>Besetztlampenfelder (Leitungs\u00fcberwachung)<\/b><\/p>\n<ul>\n<li>Behalten Sie dank der zweifarbigen Besetztlampenfeldtasten Ihre und die Leitungen Ihrer Kollegen immer im Blick. Die 32 (16&#215;2) Multifunktionstasten k\u00f6nnen Sie au\u00dferdem mit den meist verwendeten Funktionalit\u00e4ten wie Weiterleitung, Umleitung uvm. programmieren.<\/li>\n<\/ul>\n<p><b>Gigabit Power<\/b><\/p>\n<ul>\n<li>Erfolg liegt in einer funktionsreichen Kommunikationsl\u00f6sung. Machen Sie daher das Beste aus Ihrem Netzwerk und profitieren Sie von den 2 Gigabit-Ports<\/li>\n<\/ul>\n<p><b>HD-Display<\/b><\/p>\n<ul>\n<li>Mit dem gro\u00dfen HD-Display haben Sie immer einen \u00dcberblick und k\u00f6nnen schnell auf die gew\u00fcnschten Funktionen zugreifen.<\/li>\n<\/ul>\n<p><b>IPv6<\/b><\/p>\n<ul>\n<li>Um auch f\u00fcr die Zukunft bestens aufgestellt zu sein, ist das Temporis IP701G IPv6-kompatibel.<\/li>\n<li>Durch die gro\u00dfe Kompatibilit\u00e4t mit bereits existierenden System l\u00e4sst es sich perfekt in Ihre Umgebung einbinden.<\/li>\n<\/ul>\n","protected":false},"excerpt":{"rendered":"<p>Die SIP-Telefone Temporis IP701G und Temporis IP700G geh\u00f6ren zur unserer EVOLUTION Line. Diese Endger\u00e4te wurden entwickelt, um die Business-Anforderungen perfekt zu erf\u00fcllen. Mobilit\u00e4t Mobilit\u00e4t ist sofort griffbereit. Verbinden Sie ein schnurlosen DECT-Mobilteil (Alcatel IP15) und\/oder ein schnurloses DECT-Headset (Alcatel IP70H) mit der im Tischger\u00e4t integrierten DECT-Basis und f\u00fchren Sie die Gesrp\u00e4che ganz nach Ihrem Geschmack. [&hellip;]<\/p>\n","protected":false},"featured_media":6621,"comment_status":"open","ping_status":"closed","template":"","meta":{"_acf_changed":false},"product_cat":[394],"product_tag":[],"acf":[],"jetpack_sharing_enabled":true,"_links":{"self":[{"href":"http:\/\/pc-direkthandel.de\/wordpress\/wp-json\/wp\/v2\/product\/6619"}],"collection":[{"href":"http:\/\/pc-direkthandel.de\/wordpress\/wp-json\/wp\/v2\/product"}],"about":[{"href":"http:\/\/pc-direkthandel.de\/wordpress\/wp-json\/wp\/v2\/types\/product"}],"replies":[{"embeddable":true,"href":"http:\/\/pc-direkthandel.de\/wordpress\/wp-json\/wp\/v2\/comments?post=6619"}],"wp:featuredmedia":[{"embeddable":true,"href":"http:\/\/pc-direkthandel.de\/wordpress\/wp-json\/wp\/v2\/media\/6621"}],"wp:attachment":[{"href":"http:\/\/pc-direkthandel.de\/wordpress\/wp-json\/wp\/v2\/media?parent=6619"}],"wp:term":[{"taxonomy":"product_cat","embeddable":true,"href":"http:\/\/pc-direkthandel.de\/wordpress\/wp-json\/wp\/v2\/product_cat?post=6619"},{"taxonomy":"product_tag","embeddable":true,"href":"http:\/\/pc-direkthandel.de\/wordpress\/wp-json\/wp\/v2\/product_tag?post=6619"}],"curies":[{"name":"wp","href":"https:\/\/api.w.org\/{rel}","templated":true}]}}