{"id":6617,"date":"2019-11-20T13:12:17","date_gmt":"2019-11-20T11:12:17","guid":{"rendered":"http:\/\/pc-direkthandel.de\/wordpress\/?post_type=product&#038;p=6617"},"modified":"2019-11-20T13:14:43","modified_gmt":"2019-11-20T11:14:43","slug":"level-one-voi-7010","status":"publish","type":"product","link":"http:\/\/pc-direkthandel.de\/wordpress\/product\/level-one-voi-7010\/","title":{"rendered":"Level One VOI-7010"},"content":{"rendered":"<p>Das LevelOne VOI-7010 IP-Telefon erlaubt es Telefongespr\u00e4che \u00fcber ein IP Netzwerk zu f\u00fchren. Es bietet Konferenzgespr\u00e4che, Anrufe halten und weiterleiten, Kurzwahl, Telefonbuch und verschiedene andere fortschrittliche Telefonfunktionen. Das VOI-7010 unterst\u00fctzt das SIP Protokoll f\u00fcr eine einfache Registrierung bei einem Internet SIP Provider.<\/p>\n<p>Das VOI-7010 IP Telefon unterst\u00fctzt Kurzwahl, Anrufe halten und Weitergabe, 3er Konferenz und ein Telefonbuch f\u00fcr 140 Eintr\u00e4ge, Freisprechen und Rufnummernanzeige. Das LCD-Display zeigt die anrufende Nummer, gew\u00e4hlte Nummer, und Kurzwahleintr\u00e4ge an. Desweiteren kann das VOI-7010 mit einer IP PBX zusammenarbeiten f\u00fcr Sprachboxen, Rufweiterleitung und Konferenzgespr\u00e4che. Wenn es mit der LevelOne VOI-9300 IP PBX kombiniert wird, kann auch eine sichere VoIP Verbindung durch den VPN PPTP Client hergestellt werden.<\/p>\n<p>Das VOI-7010 unterst\u00fctzt G.711, G.723.1, G726 und GSM Codecs. Das IP-Telefon bietet hohe Qualit\u00e4t f\u00fcr Audio und Sprache mit Unterst\u00fctzung f\u00fcr VAD, CNG, LEX, Packet Loss Compensation und Adaptive Jitter Buffer. Es bietet http 1.1 und MD5 SIP Authentifizierungsmechanismus.<\/p>\n<p>Die Konfiguration des VOI-7010 kann \u00fcber einen Webbrowser, Konsole\/Telnet oder Telefontastatur vorgenommen werden. Die Firmware kann \u00fcber TFTP, HTTP, FTP und einem Auto-Update Firmware Features aktualisiert werden.<\/p>\n","protected":false},"excerpt":{"rendered":"<p>Das LevelOne VOI-7010 IP-Telefon erlaubt es Telefongespr\u00e4che \u00fcber ein IP Netzwerk zu f\u00fchren. Es bietet Konferenzgespr\u00e4che, Anrufe halten und weiterleiten, Kurzwahl, Telefonbuch und verschiedene andere fortschrittliche Telefonfunktionen. Das VOI-7010 unterst\u00fctzt das SIP Protokoll f\u00fcr eine einfache Registrierung bei einem Internet SIP Provider. Das VOI-7010 IP Telefon unterst\u00fctzt Kurzwahl, Anrufe halten und Weitergabe, 3er Konferenz und [&hellip;]<\/p>\n","protected":false},"featured_media":6618,"comment_status":"open","ping_status":"closed","template":"","meta":{"_acf_changed":false},"product_cat":[393],"product_tag":[],"acf":[],"jetpack_sharing_enabled":true,"_links":{"self":[{"href":"http:\/\/pc-direkthandel.de\/wordpress\/wp-json\/wp\/v2\/product\/6617"}],"collection":[{"href":"http:\/\/pc-direkthandel.de\/wordpress\/wp-json\/wp\/v2\/product"}],"about":[{"href":"http:\/\/pc-direkthandel.de\/wordpress\/wp-json\/wp\/v2\/types\/product"}],"replies":[{"embeddable":true,"href":"http:\/\/pc-direkthandel.de\/wordpress\/wp-json\/wp\/v2\/comments?post=6617"}],"wp:featuredmedia":[{"embeddable":true,"href":"http:\/\/pc-direkthandel.de\/wordpress\/wp-json\/wp\/v2\/media\/6618"}],"wp:attachment":[{"href":"http:\/\/pc-direkthandel.de\/wordpress\/wp-json\/wp\/v2\/media?parent=6617"}],"wp:term":[{"taxonomy":"product_cat","embeddable":true,"href":"http:\/\/pc-direkthandel.de\/wordpress\/wp-json\/wp\/v2\/product_cat?post=6617"},{"taxonomy":"product_tag","embeddable":true,"href":"http:\/\/pc-direkthandel.de\/wordpress\/wp-json\/wp\/v2\/product_tag?post=6617"}],"curies":[{"name":"wp","href":"https:\/\/api.w.org\/{rel}","templated":true}]}}