{"id":6581,"date":"2019-11-20T12:39:47","date_gmt":"2019-11-20T10:39:47","guid":{"rendered":"http:\/\/pc-direkthandel.de\/wordpress\/?post_type=product&#038;p=6581"},"modified":"2019-11-20T12:40:42","modified_gmt":"2019-11-20T10:40:42","slug":"alcatel-temporis-10-weiss","status":"publish","type":"product","link":"http:\/\/pc-direkthandel.de\/wordpress\/product\/alcatel-temporis-10-weiss\/","title":{"rendered":"Alcatel Temporis 10"},"content":{"rendered":"<p><b>Alcatel Temporis 10<\/b> &#8211; ein Einhand-Telefon aus einem Guss mit Grundfunktionen. Empfohlen f\u00fcr Konferenzr\u00e4ume!<\/p>\n<p><b>Leistungsmerkmale:<\/b><\/p>\n<ul>\n<li>Wandmontagef\u00e4hig<\/li>\n<li>Optische Anrufsignalisierung<\/li>\n<li>Nachricht wartend Signalisierung (Nur in Verbindung mit einer Acatel Telefonanlage)<\/li>\n<li>Ideal f\u00fcr Konferenzr\u00e4ume<\/li>\n<\/ul>\n<p><b>Hinweis:<\/b> Dieses Telefon wird mit einem Anschlusskabel mit RJ11-Stecker ausgeliefert. Zum Anschluss an eine Standard TAE-Dose, bestellen Sie bitte den angebotenen Adapterstecker mit.<\/p>\n","protected":false},"excerpt":{"rendered":"<p>Alcatel Temporis 10 &#8211; ein Einhand-Telefon aus einem Guss mit Grundfunktionen. Empfohlen f\u00fcr Konferenzr\u00e4ume! Leistungsmerkmale: Wandmontagef\u00e4hig Optische Anrufsignalisierung Nachricht wartend Signalisierung (Nur in Verbindung mit einer Acatel Telefonanlage) Ideal f\u00fcr Konferenzr\u00e4ume Hinweis: Dieses Telefon wird mit einem Anschlusskabel mit RJ11-Stecker ausgeliefert. Zum Anschluss an eine Standard TAE-Dose, bestellen Sie bitte den angebotenen Adapterstecker mit.<\/p>\n","protected":false},"featured_media":6582,"comment_status":"open","ping_status":"closed","template":"","meta":{"_acf_changed":false},"product_cat":[390],"product_tag":[],"acf":[],"jetpack_sharing_enabled":true,"_links":{"self":[{"href":"http:\/\/pc-direkthandel.de\/wordpress\/wp-json\/wp\/v2\/product\/6581"}],"collection":[{"href":"http:\/\/pc-direkthandel.de\/wordpress\/wp-json\/wp\/v2\/product"}],"about":[{"href":"http:\/\/pc-direkthandel.de\/wordpress\/wp-json\/wp\/v2\/types\/product"}],"replies":[{"embeddable":true,"href":"http:\/\/pc-direkthandel.de\/wordpress\/wp-json\/wp\/v2\/comments?post=6581"}],"wp:featuredmedia":[{"embeddable":true,"href":"http:\/\/pc-direkthandel.de\/wordpress\/wp-json\/wp\/v2\/media\/6582"}],"wp:attachment":[{"href":"http:\/\/pc-direkthandel.de\/wordpress\/wp-json\/wp\/v2\/media?parent=6581"}],"wp:term":[{"taxonomy":"product_cat","embeddable":true,"href":"http:\/\/pc-direkthandel.de\/wordpress\/wp-json\/wp\/v2\/product_cat?post=6581"},{"taxonomy":"product_tag","embeddable":true,"href":"http:\/\/pc-direkthandel.de\/wordpress\/wp-json\/wp\/v2\/product_tag?post=6581"}],"curies":[{"name":"wp","href":"https:\/\/api.w.org\/{rel}","templated":true}]}}