{"id":6251,"date":"2019-11-15T21:25:11","date_gmt":"2019-11-15T19:25:11","guid":{"rendered":"http:\/\/pc-direkthandel.de\/wordpress\/?post_type=product&#038;p=6251"},"modified":"2019-11-15T21:26:30","modified_gmt":"2019-11-15T19:26:30","slug":"switel-tf535-big-button","status":"publish","type":"product","link":"http:\/\/pc-direkthandel.de\/wordpress\/product\/switel-tf535-big-button\/","title":{"rendered":"switel TF535 Big Button"},"content":{"rendered":"<p><b>Komfort-Telefon mit gro\u00dfen Tasten<\/b><\/p>\n<ul>\n<li>Gro\u00dfes Display<\/li>\n<li>3 Direktwahltasten<\/li>\n<li>10 Kurzwahltasten<\/li>\n<li>Klangregelung des H\u00f6rers<\/li>\n<li>Bis zu + 35dB Verst\u00e4rkung der H\u00f6rerlautst\u00e4rke<\/li>\n<li>Extra lauter Klingelton<\/li>\n<li>LED-Anrufanzeige<\/li>\n<li>H\u00f6rger\u00e4tekompatibel<\/li>\n<li>Anzeige der Uhrzeit<\/li>\n<\/ul>\n","protected":false},"excerpt":{"rendered":"<p>Komfort-Telefon mit gro\u00dfen Tasten Gro\u00dfes Display 3 Direktwahltasten 10 Kurzwahltasten Klangregelung des H\u00f6rers Bis zu + 35dB Verst\u00e4rkung der H\u00f6rerlautst\u00e4rke Extra lauter Klingelton LED-Anrufanzeige H\u00f6rger\u00e4tekompatibel Anzeige der Uhrzeit<\/p>\n","protected":false},"featured_media":6252,"comment_status":"open","ping_status":"closed","template":"","meta":{"_acf_changed":false},"product_cat":[382],"product_tag":[],"acf":[],"jetpack_sharing_enabled":true,"_links":{"self":[{"href":"http:\/\/pc-direkthandel.de\/wordpress\/wp-json\/wp\/v2\/product\/6251"}],"collection":[{"href":"http:\/\/pc-direkthandel.de\/wordpress\/wp-json\/wp\/v2\/product"}],"about":[{"href":"http:\/\/pc-direkthandel.de\/wordpress\/wp-json\/wp\/v2\/types\/product"}],"replies":[{"embeddable":true,"href":"http:\/\/pc-direkthandel.de\/wordpress\/wp-json\/wp\/v2\/comments?post=6251"}],"wp:featuredmedia":[{"embeddable":true,"href":"http:\/\/pc-direkthandel.de\/wordpress\/wp-json\/wp\/v2\/media\/6252"}],"wp:attachment":[{"href":"http:\/\/pc-direkthandel.de\/wordpress\/wp-json\/wp\/v2\/media?parent=6251"}],"wp:term":[{"taxonomy":"product_cat","embeddable":true,"href":"http:\/\/pc-direkthandel.de\/wordpress\/wp-json\/wp\/v2\/product_cat?post=6251"},{"taxonomy":"product_tag","embeddable":true,"href":"http:\/\/pc-direkthandel.de\/wordpress\/wp-json\/wp\/v2\/product_tag?post=6251"}],"curies":[{"name":"wp","href":"https:\/\/api.w.org\/{rel}","templated":true}]}}