{"id":6230,"date":"2019-11-15T21:09:00","date_gmt":"2019-11-15T19:09:00","guid":{"rendered":"http:\/\/pc-direkthandel.de\/wordpress\/?post_type=product&#038;p=6230"},"modified":"2019-11-15T21:10:16","modified_gmt":"2019-11-15T19:10:16","slug":"amplicomms-powertel-1700","status":"publish","type":"product","link":"http:\/\/pc-direkthandel.de\/wordpress\/product\/amplicomms-powertel-1700\/","title":{"rendered":"amplicomms PowerTel 1700"},"content":{"rendered":"<p>Das amplicomms PowerTel 1700 ist ein komfortables, schnurloses Telefon. Mit gro\u00dfen Tasten und einem gro\u00dfen 4-zeiligem Display ausgestattet, l\u00e4sst es sich leicht und komfortabel bedienen. Die Empfangslautst\u00e4rke am Mobilteil l\u00e4sst sich auf bis zu 30 dB einstellen, sowie die Klingeltonlautst\u00e4rke auf bis zu 80 dB.<\/p>\n","protected":false},"excerpt":{"rendered":"<p>Das amplicomms PowerTel 1700 ist ein komfortables, schnurloses Telefon. Mit gro\u00dfen Tasten und einem gro\u00dfen 4-zeiligem Display ausgestattet, l\u00e4sst es sich leicht und komfortabel bedienen. Die Empfangslautst\u00e4rke am Mobilteil l\u00e4sst sich auf bis zu 30 dB einstellen, sowie die Klingeltonlautst\u00e4rke auf bis zu 80 dB.<\/p>\n","protected":false},"featured_media":6231,"comment_status":"open","ping_status":"closed","template":"","meta":{"_acf_changed":false},"product_cat":[374],"product_tag":[],"acf":[],"jetpack_sharing_enabled":true,"_links":{"self":[{"href":"http:\/\/pc-direkthandel.de\/wordpress\/wp-json\/wp\/v2\/product\/6230"}],"collection":[{"href":"http:\/\/pc-direkthandel.de\/wordpress\/wp-json\/wp\/v2\/product"}],"about":[{"href":"http:\/\/pc-direkthandel.de\/wordpress\/wp-json\/wp\/v2\/types\/product"}],"replies":[{"embeddable":true,"href":"http:\/\/pc-direkthandel.de\/wordpress\/wp-json\/wp\/v2\/comments?post=6230"}],"wp:featuredmedia":[{"embeddable":true,"href":"http:\/\/pc-direkthandel.de\/wordpress\/wp-json\/wp\/v2\/media\/6231"}],"wp:attachment":[{"href":"http:\/\/pc-direkthandel.de\/wordpress\/wp-json\/wp\/v2\/media?parent=6230"}],"wp:term":[{"taxonomy":"product_cat","embeddable":true,"href":"http:\/\/pc-direkthandel.de\/wordpress\/wp-json\/wp\/v2\/product_cat?post=6230"},{"taxonomy":"product_tag","embeddable":true,"href":"http:\/\/pc-direkthandel.de\/wordpress\/wp-json\/wp\/v2\/product_tag?post=6230"}],"curies":[{"name":"wp","href":"https:\/\/api.w.org\/{rel}","templated":true}]}}